{"id":17,"date":"2022-01-31T12:27:43","date_gmt":"2022-01-31T12:27:43","guid":{"rendered":"https:\/\/heraultbasketball.fr\/?page_id=17"},"modified":"2026-02-06T10:25:17","modified_gmt":"2026-02-06T10:25:17","slug":"formation","status":"publish","type":"page","link":"https:\/\/heraultbasketball.fr\/index.php\/formation\/","title":{"rendered":"Formation"},"content":{"rendered":"\t\t<div data-elementor-type=\"wp-page\" data-elementor-id=\"17\" class=\"elementor elementor-17\" data-elementor-settings=\"{&quot;ha_cmc_init_switcher&quot;:&quot;no&quot;}\" data-elementor-post-type=\"page\">\n\t\t\t\t<div class=\"elementor-element elementor-element-4eac6b6 e-flex e-con-boxed e-con e-parent\" data-id=\"4eac6b6\" data-element_type=\"container\" data-e-type=\"container\" data-settings=\"{&quot;_ha_eqh_enable&quot;:false}\">\n\t\t\t\t\t<div class=\"e-con-inner\">\n\t\t<div class=\"elementor-element elementor-element-5fb58d9 e-con-full e-flex e-con e-child\" data-id=\"5fb58d9\" data-element_type=\"container\" data-e-type=\"container\" data-settings=\"{&quot;_ha_eqh_enable&quot;:false}\">\n\t\t\t\t<div class=\"elementor-element elementor-element-77ae52b elementor-view-default elementor-position-block-start elementor-mobile-position-block-start elementor-widget elementor-widget-icon-box\" data-id=\"77ae52b\" data-element_type=\"widget\" data-e-type=\"widget\" data-widget_type=\"icon-box.default\">\n\t\t\t\t\t\t\t<div class=\"elementor-icon-box-wrapper\">\n\n\t\t\t\t\t\t<div class=\"elementor-icon-box-icon\">\n\t\t\t\t<a href=\"https:\/\/heraultbasketball.fr\/index.php\/formation\/joueur\/\" class=\"elementor-icon elementor-animation-grow\" tabindex=\"-1\" aria-label=\"Formation du joueur et de la joueuse\">\n\t\t\t\t<i aria-hidden=\"true\" class=\"huge huge-workout-run\"><\/i>\t\t\t\t<\/a>\n\t\t\t<\/div>\n\t\t\t\n\t\t\t\t\t\t<div class=\"elementor-icon-box-content\">\n\n\t\t\t\t\t\t\t\t\t<h3 class=\"elementor-icon-box-title\">\n\t\t\t\t\t\t<a href=\"https:\/\/heraultbasketball.fr\/index.php\/formation\/joueur\/\" >\n\t\t\t\t\t\t\tFormation du joueur et de la joueuse\t\t\t\t\t\t<\/a>\n\t\t\t\t\t<\/h3>\n\t\t\t\t\n\t\t\t\t\n\t\t\t<\/div>\n\t\t\t\n\t\t<\/div>\n\t\t\t\t\t\t<\/div>\n\t\t\t\t<\/div>\n\t\t<div class=\"elementor-element elementor-element-6f3418f e-con-full e-flex e-con e-child\" data-id=\"6f3418f\" data-element_type=\"container\" data-e-type=\"container\" data-settings=\"{&quot;_ha_eqh_enable&quot;:false}\">\n\t\t\t\t<div class=\"elementor-element elementor-element-763558d elementor-view-default elementor-position-block-start elementor-mobile-position-block-start elementor-widget elementor-widget-icon-box\" data-id=\"763558d\" data-element_type=\"widget\" data-e-type=\"widget\" data-widget_type=\"icon-box.default\">\n\t\t\t\t\t\t\t<div class=\"elementor-icon-box-wrapper\">\n\n\t\t\t\t\t\t<div class=\"elementor-icon-box-icon\">\n\t\t\t\t<a href=\"https:\/\/heraultbasketball.fr\/index.php\/formation\/entraineur\/\" class=\"elementor-icon elementor-animation-grow\" tabindex=\"-1\" aria-label=\"Formation de l&#039;entra\u00eeneur\">\n\t\t\t\t<svg aria-hidden=\"true\" class=\"e-font-icon-svg e-fas-award\" viewBox=\"0 0 384 512\" xmlns=\"http:\/\/www.w3.org\/2000\/svg\"><path d=\"M97.12 362.63c-8.69-8.69-4.16-6.24-25.12-11.85-9.51-2.55-17.87-7.45-25.43-13.32L1.2 448.7c-4.39 10.77 3.81 22.47 15.43 22.03l52.69-2.01L105.56 507c8 8.44 22.04 5.81 26.43-4.96l52.05-127.62c-10.84 6.04-22.87 9.58-35.31 9.58-19.5 0-37.82-7.59-51.61-21.37zM382.8 448.7l-45.37-111.24c-7.56 5.88-15.92 10.77-25.43 13.32-21.07 5.64-16.45 3.18-25.12 11.85-13.79 13.78-32.12 21.37-51.62 21.37-12.44 0-24.47-3.55-35.31-9.58L252 502.04c4.39 10.77 18.44 13.4 26.43 4.96l36.25-38.28 52.69 2.01c11.62.44 19.82-11.27 15.43-22.03zM263 340c15.28-15.55 17.03-14.21 38.79-20.14 13.89-3.79 24.75-14.84 28.47-28.98 7.48-28.4 5.54-24.97 25.95-45.75 10.17-10.35 14.14-25.44 10.42-39.58-7.47-28.38-7.48-24.42 0-52.83 3.72-14.14-.25-29.23-10.42-39.58-20.41-20.78-18.47-17.36-25.95-45.75-3.72-14.14-14.58-25.19-28.47-28.98-27.88-7.61-24.52-5.62-44.95-26.41-10.17-10.35-25-14.4-38.89-10.61-27.87 7.6-23.98 7.61-51.9 0-13.89-3.79-28.72.25-38.89 10.61-20.41 20.78-17.05 18.8-44.94 26.41-13.89 3.79-24.75 14.84-28.47 28.98-7.47 28.39-5.54 24.97-25.95 45.75-10.17 10.35-14.15 25.44-10.42 39.58 7.47 28.36 7.48 24.4 0 52.82-3.72 14.14.25 29.23 10.42 39.59 20.41 20.78 18.47 17.35 25.95 45.75 3.72 14.14 14.58 25.19 28.47 28.98C104.6 325.96 106.27 325 121 340c13.23 13.47 33.84 15.88 49.74 5.82a39.676 39.676 0 0 1 42.53 0c15.89 10.06 36.5 7.65 49.73-5.82zM97.66 175.96c0-53.03 42.24-96.02 94.34-96.02s94.34 42.99 94.34 96.02-42.24 96.02-94.34 96.02-94.34-42.99-94.34-96.02z\"><\/path><\/svg>\t\t\t\t<\/a>\n\t\t\t<\/div>\n\t\t\t\n\t\t\t\t\t\t<div class=\"elementor-icon-box-content\">\n\n\t\t\t\t\t\t\t\t\t<h3 class=\"elementor-icon-box-title\">\n\t\t\t\t\t\t<a href=\"https:\/\/heraultbasketball.fr\/index.php\/formation\/entraineur\/\" >\n\t\t\t\t\t\t\tFormation de l'entra\u00eeneur\t\t\t\t\t\t<\/a>\n\t\t\t\t\t<\/h3>\n\t\t\t\t\n\t\t\t\t\n\t\t\t<\/div>\n\t\t\t\n\t\t<\/div>\n\t\t\t\t\t\t<\/div>\n\t\t\t\t<\/div>\n\t\t<div class=\"elementor-element elementor-element-ef83113 e-con-full e-flex e-con e-child\" data-id=\"ef83113\" data-element_type=\"container\" data-e-type=\"container\" data-settings=\"{&quot;_ha_eqh_enable&quot;:false}\">\n\t\t\t\t<div class=\"elementor-element elementor-element-d52d20e elementor-view-default elementor-position-block-start elementor-mobile-position-block-start elementor-widget elementor-widget-icon-box\" data-id=\"d52d20e\" data-element_type=\"widget\" data-e-type=\"widget\" data-widget_type=\"icon-box.default\">\n\t\t\t\t\t\t\t<div class=\"elementor-icon-box-wrapper\">\n\n\t\t\t\t\t\t<div class=\"elementor-icon-box-icon\">\n\t\t\t\t<a href=\"https:\/\/heraultbasketball.fr\/index.php\/formation\/dirigeant\/\" class=\"elementor-icon elementor-animation-grow\" tabindex=\"-1\" aria-label=\"Formation du dirigeant\">\n\t\t\t\t<svg aria-hidden=\"true\" class=\"e-font-icon-svg e-far-user\" viewBox=\"0 0 448 512\" xmlns=\"http:\/\/www.w3.org\/2000\/svg\"><path d=\"M313.6 304c-28.7 0-42.5 16-89.6 16-47.1 0-60.8-16-89.6-16C60.2 304 0 364.2 0 438.4V464c0 26.5 21.5 48 48 48h352c26.5 0 48-21.5 48-48v-25.6c0-74.2-60.2-134.4-134.4-134.4zM400 464H48v-25.6c0-47.6 38.8-86.4 86.4-86.4 14.6 0 38.3 16 89.6 16 51.7 0 74.9-16 89.6-16 47.6 0 86.4 38.8 86.4 86.4V464zM224 288c79.5 0 144-64.5 144-144S303.5 0 224 0 80 64.5 80 144s64.5 144 144 144zm0-240c52.9 0 96 43.1 96 96s-43.1 96-96 96-96-43.1-96-96 43.1-96 96-96z\"><\/path><\/svg>\t\t\t\t<\/a>\n\t\t\t<\/div>\n\t\t\t\n\t\t\t\t\t\t<div class=\"elementor-icon-box-content\">\n\n\t\t\t\t\t\t\t\t\t<h3 class=\"elementor-icon-box-title\">\n\t\t\t\t\t\t<a href=\"https:\/\/heraultbasketball.fr\/index.php\/formation\/dirigeant\/\" >\n\t\t\t\t\t\t\tFormation du dirigeant\t\t\t\t\t\t<\/a>\n\t\t\t\t\t<\/h3>\n\t\t\t\t\n\t\t\t\t\n\t\t\t<\/div>\n\t\t\t\n\t\t<\/div>\n\t\t\t\t\t\t<\/div>\n\t\t\t\t<\/div>\n\t\t<div class=\"elementor-element elementor-element-6f2ad22 e-con-full e-flex e-con e-child\" data-id=\"6f2ad22\" data-element_type=\"container\" data-e-type=\"container\" data-settings=\"{&quot;_ha_eqh_enable&quot;:false}\">\n\t\t\t\t<div class=\"elementor-element elementor-element-ec1bd77 elementor-view-default elementor-position-block-start elementor-mobile-position-block-start elementor-widget elementor-widget-icon-box\" data-id=\"ec1bd77\" data-element_type=\"widget\" data-e-type=\"widget\" data-widget_type=\"icon-box.default\">\n\t\t\t\t\t\t\t<div class=\"elementor-icon-box-wrapper\">\n\n\t\t\t\t\t\t<div class=\"elementor-icon-box-icon\">\n\t\t\t\t<a href=\"https:\/\/heraultbasketball.fr\/index.php\/formation\/officiel\/arbitres\/\" class=\"elementor-icon elementor-animation-grow\" tabindex=\"-1\" aria-label=\"Formation de l&#039;officiel\">\n\t\t\t\t<i aria-hidden=\"true\" class=\"huge huge-whistle\"><\/i>\t\t\t\t<\/a>\n\t\t\t<\/div>\n\t\t\t\n\t\t\t\t\t\t<div class=\"elementor-icon-box-content\">\n\n\t\t\t\t\t\t\t\t\t<h3 class=\"elementor-icon-box-title\">\n\t\t\t\t\t\t<a href=\"https:\/\/heraultbasketball.fr\/index.php\/formation\/officiel\/arbitres\/\" >\n\t\t\t\t\t\t\tFormation de l'officiel\t\t\t\t\t\t<\/a>\n\t\t\t\t\t<\/h3>\n\t\t\t\t\n\t\t\t\t\n\t\t\t<\/div>\n\t\t\t\n\t\t<\/div>\n\t\t\t\t\t\t<\/div>\n\t\t\t\t<\/div>\n\t\t\t\t<div class=\"elementor-element elementor-element-e6e7897 elementor-widget elementor-widget-spacer\" data-id=\"e6e7897\" data-element_type=\"widget\" data-e-type=\"widget\" data-widget_type=\"spacer.default\">\n\t\t\t\t\t\t\t<div class=\"elementor-spacer\">\n\t\t\t<div class=\"elementor-spacer-inner\"><\/div>\n\t\t<\/div>\n\t\t\t\t\t\t<\/div>\n\t\t\t\t\t<\/div>\n\t\t\t\t<\/div>\n\t\t\t\t<\/div>\n\t\t","protected":false},"excerpt":{"rendered":"<p>\u00a0 Formation du joueur et de la joueuse \u00a0 Formation de l&rsquo;entra\u00eeneur \u00a0 Formation du dirigeant \u00a0 Formation de l&rsquo;officiel<\/p>\n","protected":false},"author":1,"featured_media":0,"parent":0,"menu_order":0,"comment_status":"closed","ping_status":"closed","template":"elementor_header_footer","meta":{"footnotes":""},"class_list":["post-17","page","type-page","status-publish","hentry"],"yoast_head":"<!-- This site is optimized with the Yoast SEO plugin v27.3 - https:\/\/yoast.com\/product\/yoast-seo-wordpress\/ -->\n<title>Formations Basket dans l&#039;H\u00e9rault | Arbitres, Entra\u00eeneurs - CD34<\/title>\n<meta name=\"description\" content=\"Devenez acteur du basket dans l&#039;H\u00e9rault. Formations d&#039;entra\u00eeneurs, d&#039;arbitres et d&#039;officiels de table de marque avec le Comit\u00e9 CD34.\" \/>\n<meta name=\"robots\" content=\"index, follow, max-snippet:-1, max-image-preview:large, max-video-preview:-1\" \/>\n<link rel=\"canonical\" href=\"https:\/\/heraultbasketball.fr\/index.php\/formation\/\" \/>\n<meta property=\"og:locale\" content=\"fr_FR\" \/>\n<meta property=\"og:type\" content=\"article\" \/>\n<meta property=\"og:title\" content=\"Formations Basket dans l&#039;H\u00e9rault | Arbitres, Entra\u00eeneurs - CD34\" \/>\n<meta property=\"og:description\" content=\"Devenez acteur du basket dans l&#039;H\u00e9rault. Formations d&#039;entra\u00eeneurs, d&#039;arbitres et d&#039;officiels de table de marque avec le Comit\u00e9 CD34.\" \/>\n<meta property=\"og:url\" content=\"https:\/\/heraultbasketball.fr\/index.php\/formation\/\" \/>\n<meta property=\"og:site_name\" content=\"Comit\u00e9 de l&#039;H\u00e9rault de Basketball\" \/>\n<meta property=\"article:publisher\" content=\"https:\/\/www.facebook.com\/HeraultBasketball\" \/>\n<meta property=\"article:modified_time\" content=\"2026-02-06T10:25:17+00:00\" \/>\n<meta name=\"twitter:card\" content=\"summary_large_image\" \/>\n<meta name=\"twitter:label1\" content=\"Dur\u00e9e de lecture estim\u00e9e\" \/>\n\t<meta name=\"twitter:data1\" content=\"1 minute\" \/>\n<script type=\"application\/ld+json\" class=\"yoast-schema-graph\">{\"@context\":\"https:\\\/\\\/schema.org\",\"@graph\":[{\"@type\":\"WebPage\",\"@id\":\"https:\\\/\\\/heraultbasketball.fr\\\/index.php\\\/formation\\\/\",\"url\":\"https:\\\/\\\/heraultbasketball.fr\\\/index.php\\\/formation\\\/\",\"name\":\"Formations Basket dans l'H\u00e9rault | Arbitres, Entra\u00eeneurs - CD34\",\"isPartOf\":{\"@id\":\"https:\\\/\\\/heraultbasketball.fr\\\/#website\"},\"datePublished\":\"2022-01-31T12:27:43+00:00\",\"dateModified\":\"2026-02-06T10:25:17+00:00\",\"description\":\"Devenez acteur du basket dans l'H\u00e9rault. Formations d'entra\u00eeneurs, d'arbitres et d'officiels de table de marque avec le Comit\u00e9 CD34.\",\"breadcrumb\":{\"@id\":\"https:\\\/\\\/heraultbasketball.fr\\\/index.php\\\/formation\\\/#breadcrumb\"},\"inLanguage\":\"fr-FR\",\"potentialAction\":[{\"@type\":\"ReadAction\",\"target\":[\"https:\\\/\\\/heraultbasketball.fr\\\/index.php\\\/formation\\\/\"]}]},{\"@type\":\"BreadcrumbList\",\"@id\":\"https:\\\/\\\/heraultbasketball.fr\\\/index.php\\\/formation\\\/#breadcrumb\",\"itemListElement\":[{\"@type\":\"ListItem\",\"position\":1,\"name\":\"Accueil\",\"item\":\"https:\\\/\\\/heraultbasketball.fr\\\/\"},{\"@type\":\"ListItem\",\"position\":2,\"name\":\"Formation\"}]},{\"@type\":\"WebSite\",\"@id\":\"https:\\\/\\\/heraultbasketball.fr\\\/#website\",\"url\":\"https:\\\/\\\/heraultbasketball.fr\\\/\",\"name\":\"Comit\u00e9 de l&#039;H\u00e9rault de Basketball\",\"description\":\"\",\"publisher\":{\"@id\":\"https:\\\/\\\/heraultbasketball.fr\\\/#organization\"},\"potentialAction\":[{\"@type\":\"SearchAction\",\"target\":{\"@type\":\"EntryPoint\",\"urlTemplate\":\"https:\\\/\\\/heraultbasketball.fr\\\/?s={search_term_string}\"},\"query-input\":{\"@type\":\"PropertyValueSpecification\",\"valueRequired\":true,\"valueName\":\"search_term_string\"}}],\"inLanguage\":\"fr-FR\"},{\"@type\":\"Organization\",\"@id\":\"https:\\\/\\\/heraultbasketball.fr\\\/#organization\",\"name\":\"Comit\u00e9 de l'H\u00e9rault de Basketball\",\"url\":\"https:\\\/\\\/heraultbasketball.fr\\\/\",\"logo\":{\"@type\":\"ImageObject\",\"inLanguage\":\"fr-FR\",\"@id\":\"https:\\\/\\\/heraultbasketball.fr\\\/#\\\/schema\\\/logo\\\/image\\\/\",\"url\":\"https:\\\/\\\/heraultbasketball.fr\\\/wp-content\\\/uploads\\\/2022\\\/03\\\/Charte-graphique.png\",\"contentUrl\":\"https:\\\/\\\/heraultbasketball.fr\\\/wp-content\\\/uploads\\\/2022\\\/03\\\/Charte-graphique.png\",\"width\":1414,\"height\":2000,\"caption\":\"Comit\u00e9 de l'H\u00e9rault de Basketball\"},\"image\":{\"@id\":\"https:\\\/\\\/heraultbasketball.fr\\\/#\\\/schema\\\/logo\\\/image\\\/\"},\"sameAs\":[\"https:\\\/\\\/www.facebook.com\\\/HeraultBasketball\",\"https:\\\/\\\/www.instagram.com\\\/heraultbasketball\\\/\"]}]}<\/script>\n<!-- \/ Yoast SEO plugin. -->","yoast_head_json":{"title":"Formations Basket dans l'H\u00e9rault | Arbitres, Entra\u00eeneurs - CD34","description":"Devenez acteur du basket dans l'H\u00e9rault. Formations d'entra\u00eeneurs, d'arbitres et d'officiels de table de marque avec le Comit\u00e9 CD34.","robots":{"index":"index","follow":"follow","max-snippet":"max-snippet:-1","max-image-preview":"max-image-preview:large","max-video-preview":"max-video-preview:-1"},"canonical":"https:\/\/heraultbasketball.fr\/index.php\/formation\/","og_locale":"fr_FR","og_type":"article","og_title":"Formations Basket dans l'H\u00e9rault | Arbitres, Entra\u00eeneurs - CD34","og_description":"Devenez acteur du basket dans l'H\u00e9rault. Formations d'entra\u00eeneurs, d'arbitres et d'officiels de table de marque avec le Comit\u00e9 CD34.","og_url":"https:\/\/heraultbasketball.fr\/index.php\/formation\/","og_site_name":"Comit\u00e9 de l&#039;H\u00e9rault de Basketball","article_publisher":"https:\/\/www.facebook.com\/HeraultBasketball","article_modified_time":"2026-02-06T10:25:17+00:00","twitter_card":"summary_large_image","twitter_misc":{"Dur\u00e9e de lecture estim\u00e9e":"1 minute"},"schema":{"@context":"https:\/\/schema.org","@graph":[{"@type":"WebPage","@id":"https:\/\/heraultbasketball.fr\/index.php\/formation\/","url":"https:\/\/heraultbasketball.fr\/index.php\/formation\/","name":"Formations Basket dans l'H\u00e9rault | Arbitres, Entra\u00eeneurs - CD34","isPartOf":{"@id":"https:\/\/heraultbasketball.fr\/#website"},"datePublished":"2022-01-31T12:27:43+00:00","dateModified":"2026-02-06T10:25:17+00:00","description":"Devenez acteur du basket dans l'H\u00e9rault. Formations d'entra\u00eeneurs, d'arbitres et d'officiels de table de marque avec le Comit\u00e9 CD34.","breadcrumb":{"@id":"https:\/\/heraultbasketball.fr\/index.php\/formation\/#breadcrumb"},"inLanguage":"fr-FR","potentialAction":[{"@type":"ReadAction","target":["https:\/\/heraultbasketball.fr\/index.php\/formation\/"]}]},{"@type":"BreadcrumbList","@id":"https:\/\/heraultbasketball.fr\/index.php\/formation\/#breadcrumb","itemListElement":[{"@type":"ListItem","position":1,"name":"Accueil","item":"https:\/\/heraultbasketball.fr\/"},{"@type":"ListItem","position":2,"name":"Formation"}]},{"@type":"WebSite","@id":"https:\/\/heraultbasketball.fr\/#website","url":"https:\/\/heraultbasketball.fr\/","name":"Comit\u00e9 de l&#039;H\u00e9rault de Basketball","description":"","publisher":{"@id":"https:\/\/heraultbasketball.fr\/#organization"},"potentialAction":[{"@type":"SearchAction","target":{"@type":"EntryPoint","urlTemplate":"https:\/\/heraultbasketball.fr\/?s={search_term_string}"},"query-input":{"@type":"PropertyValueSpecification","valueRequired":true,"valueName":"search_term_string"}}],"inLanguage":"fr-FR"},{"@type":"Organization","@id":"https:\/\/heraultbasketball.fr\/#organization","name":"Comit\u00e9 de l'H\u00e9rault de Basketball","url":"https:\/\/heraultbasketball.fr\/","logo":{"@type":"ImageObject","inLanguage":"fr-FR","@id":"https:\/\/heraultbasketball.fr\/#\/schema\/logo\/image\/","url":"https:\/\/heraultbasketball.fr\/wp-content\/uploads\/2022\/03\/Charte-graphique.png","contentUrl":"https:\/\/heraultbasketball.fr\/wp-content\/uploads\/2022\/03\/Charte-graphique.png","width":1414,"height":2000,"caption":"Comit\u00e9 de l'H\u00e9rault de Basketball"},"image":{"@id":"https:\/\/heraultbasketball.fr\/#\/schema\/logo\/image\/"},"sameAs":["https:\/\/www.facebook.com\/HeraultBasketball","https:\/\/www.instagram.com\/heraultbasketball\/"]}]}},"_links":{"self":[{"href":"https:\/\/heraultbasketball.fr\/index.php\/wp-json\/wp\/v2\/pages\/17","targetHints":{"allow":["GET"]}}],"collection":[{"href":"https:\/\/heraultbasketball.fr\/index.php\/wp-json\/wp\/v2\/pages"}],"about":[{"href":"https:\/\/heraultbasketball.fr\/index.php\/wp-json\/wp\/v2\/types\/page"}],"author":[{"embeddable":true,"href":"https:\/\/heraultbasketball.fr\/index.php\/wp-json\/wp\/v2\/users\/1"}],"replies":[{"embeddable":true,"href":"https:\/\/heraultbasketball.fr\/index.php\/wp-json\/wp\/v2\/comments?post=17"}],"version-history":[{"count":41,"href":"https:\/\/heraultbasketball.fr\/index.php\/wp-json\/wp\/v2\/pages\/17\/revisions"}],"predecessor-version":[{"id":9262,"href":"https:\/\/heraultbasketball.fr\/index.php\/wp-json\/wp\/v2\/pages\/17\/revisions\/9262"}],"wp:attachment":[{"href":"https:\/\/heraultbasketball.fr\/index.php\/wp-json\/wp\/v2\/media?parent=17"}],"curies":[{"name":"wp","href":"https:\/\/api.w.org\/{rel}","templated":true}]}}