{"id":2530,"date":"2022-08-28T12:40:00","date_gmt":"2022-08-28T12:40:00","guid":{"rendered":"https:\/\/heraultbasketball.fr\/?page_id=2530"},"modified":"2026-03-16T10:12:14","modified_gmt":"2026-03-16T10:12:14","slug":"arbitre","status":"publish","type":"page","link":"https:\/\/heraultbasketball.fr\/index.php\/formation\/officiel\/arbitre\/","title":{"rendered":"Arbitre"},"content":{"rendered":"\t\t<div data-elementor-type=\"wp-page\" data-elementor-id=\"2530\" class=\"elementor elementor-2530\" data-elementor-settings=\"{&quot;ha_cmc_init_switcher&quot;:&quot;no&quot;}\" data-elementor-post-type=\"page\">\n\t\t\t\t\t\t<section class=\"elementor-section elementor-top-section elementor-element elementor-element-47c2bc4 elementor-section-boxed elementor-section-height-default elementor-section-height-default\" data-id=\"47c2bc4\" data-element_type=\"section\" data-e-type=\"section\" data-settings=\"{&quot;_ha_eqh_enable&quot;:false}\">\n\t\t\t\t\t\t<div class=\"elementor-container elementor-column-gap-default\">\n\t\t\t\t\t<div class=\"elementor-column elementor-col-100 elementor-top-column elementor-element elementor-element-fe26688\" data-id=\"fe26688\" data-element_type=\"column\" data-e-type=\"column\">\n\t\t\t<div class=\"elementor-widget-wrap elementor-element-populated\">\n\t\t\t\t\t\t<div class=\"elementor-element elementor-element-11e78e8 elementor-widget elementor-widget-heading\" data-id=\"11e78e8\" data-element_type=\"widget\" data-e-type=\"widget\" data-widget_type=\"heading.default\">\n\t\t\t\t\t<h1 class=\"elementor-heading-title elementor-size-default\">Comment devenir arbitre ?<\/h1>\t\t\t\t<\/div>\n\t\t\t\t<div class=\"elementor-element elementor-element-08fe003 elementor-widget elementor-widget-video\" data-id=\"08fe003\" data-element_type=\"widget\" data-e-type=\"widget\" data-settings=\"{&quot;youtube_url&quot;:&quot;https:\\\/\\\/www.youtube.com\\\/watch?v=RRJzsVtHmsY&amp;t=9s&quot;,&quot;autoplay&quot;:&quot;yes&quot;,&quot;play_on_mobile&quot;:&quot;yes&quot;,&quot;video_type&quot;:&quot;youtube&quot;,&quot;controls&quot;:&quot;yes&quot;}\" data-widget_type=\"video.default\">\n\t\t\t\t\t\t\t<div class=\"elementor-wrapper elementor-open-inline\">\n\t\t\t<div class=\"elementor-video\"><\/div>\t\t<\/div>\n\t\t\t\t\t\t<\/div>\n\t\t\t\t\t<\/div>\n\t\t<\/div>\n\t\t\t\t\t<\/div>\n\t\t<\/section>\n\t\t\t\t<section class=\"elementor-section elementor-top-section elementor-element elementor-element-3222952 elementor-section-boxed elementor-section-height-default elementor-section-height-default\" data-id=\"3222952\" data-element_type=\"section\" data-e-type=\"section\" data-settings=\"{&quot;_ha_eqh_enable&quot;:false}\">\n\t\t\t\t\t\t<div class=\"elementor-container elementor-column-gap-default\">\n\t\t\t\t\t<div class=\"elementor-column elementor-col-100 elementor-top-column elementor-element elementor-element-fe33b72\" data-id=\"fe33b72\" data-element_type=\"column\" data-e-type=\"column\">\n\t\t\t<div class=\"elementor-widget-wrap elementor-element-populated\">\n\t\t\t\t\t\t<div class=\"elementor-element elementor-element-66bb795 elementor-align-center elementor-widget elementor-widget-button\" data-id=\"66bb795\" data-element_type=\"widget\" data-e-type=\"widget\" data-widget_type=\"button.default\">\n\t\t\t\t\t\t\t\t\t\t<a class=\"elementor-button elementor-button-link elementor-size-sm\" href=\"https:\/\/irfbb.catalogueformpro.com\/\">\n\t\t\t\t\t\t<span class=\"elementor-button-content-wrapper\">\n\t\t\t\t\t\t\t\t\t<span class=\"elementor-button-text\">Pour plus d'informations<\/span>\n\t\t\t\t\t<\/span>\n\t\t\t\t\t<\/a>\n\t\t\t\t\t\t\t\t<\/div>\n\t\t\t\t<div class=\"elementor-element elementor-element-fd1e87d elementor-widget elementor-widget-spacer\" data-id=\"fd1e87d\" data-element_type=\"widget\" data-e-type=\"widget\" data-widget_type=\"spacer.default\">\n\t\t\t\t\t\t\t<div class=\"elementor-spacer\">\n\t\t\t<div class=\"elementor-spacer-inner\"><\/div>\n\t\t<\/div>\n\t\t\t\t\t\t<\/div>\n\t\t\t\t\t<\/div>\n\t\t<\/div>\n\t\t\t\t\t<\/div>\n\t\t<\/section>\n\t\t<div class=\"elementor-element elementor-element-c9dc966 e-flex e-con-boxed e-con e-parent\" data-id=\"c9dc966\" data-element_type=\"container\" data-e-type=\"container\" data-settings=\"{&quot;_ha_eqh_enable&quot;:false}\">\n\t\t\t\t\t<div class=\"e-con-inner\">\n\t\t\t\t<div class=\"elementor-element elementor-element-efe1dd6 elementor-widget-divider--view-line elementor-widget elementor-widget-divider\" data-id=\"efe1dd6\" data-element_type=\"widget\" data-e-type=\"widget\" data-widget_type=\"divider.default\">\n\t\t\t\t\t\t\t<div class=\"elementor-divider\">\n\t\t\t<span class=\"elementor-divider-separator\">\n\t\t\t\t\t\t<\/span>\n\t\t<\/div>\n\t\t\t\t\t\t<\/div>\n\t\t\t\t\t<\/div>\n\t\t\t\t<\/div>\n\t\t<div class=\"elementor-element elementor-element-e5bfa31 e-flex e-con-boxed e-con e-parent\" data-id=\"e5bfa31\" data-element_type=\"container\" data-e-type=\"container\" data-settings=\"{&quot;_ha_eqh_enable&quot;:false}\">\n\t\t\t\t\t<div class=\"e-con-inner\">\n\t\t\t\t<div class=\"elementor-element elementor-element-1ba210b elementor-widget elementor-widget-heading\" data-id=\"1ba210b\" data-element_type=\"widget\" data-e-type=\"widget\" data-widget_type=\"heading.default\">\n\t\t\t\t\t<h2 class=\"elementor-heading-title elementor-size-default\">Inscription<\/h2>\t\t\t\t<\/div>\n\t\t\t\t<div class=\"elementor-element elementor-element-6929563 elementor-widget elementor-widget-shortcode\" data-id=\"6929563\" data-element_type=\"widget\" data-e-type=\"widget\" data-widget_type=\"shortcode.default\">\n\t\t\t\t\t\t\t<div class=\"elementor-shortcode\"><iframe src=\"https:\/\/docs.google.com\/forms\/d\/e\/1FAIpQLSe1jcdIBX6lT5aTbgEGPDpCj-KvUbhCiEfy0W7riuVoYE7hLg\/viewform?embedded=true\" width=\"640\" height=\"1280\" frameborder=\"0\" marginheight=\"0\" marginwidth=\"0\">Chargement\u2026<\/iframe><\/div>\n\t\t\t\t\t\t<\/div>\n\t\t\t\t\t<\/div>\n\t\t\t\t<\/div>\n\t\t\t\t<\/div>\n\t\t","protected":false},"excerpt":{"rendered":"<p>Comment devenir arbitre ? https:\/\/www.youtube.com\/watch?v=RRJzsVtHmsY&#038;t=9s Pour plus d&rsquo;informations Inscription Chargement\u2026<\/p>\n","protected":false},"author":1,"featured_media":0,"parent":86,"menu_order":0,"comment_status":"closed","ping_status":"closed","template":"elementor_header_footer","meta":{"footnotes":""},"class_list":["post-2530","page","type-page","status-publish","hentry"],"yoast_head":"<!-- This site is optimized with the Yoast SEO plugin v27.4 - https:\/\/yoast.com\/product\/yoast-seo-wordpress\/ -->\n<title>Arbitre - Comit\u00e9 de l&#039;H\u00e9rault de Basketball<\/title>\n<meta name=\"description\" content=\"Retrouvez toutes les informations afin de devenir un arbitre officiel et confirm\u00e9 \u00e0 l&#039;aide du comit\u00e9 de l&#039;H\u00e9rault de basketball.\" \/>\n<meta name=\"robots\" content=\"index, follow, max-snippet:-1, max-image-preview:large, max-video-preview:-1\" \/>\n<link rel=\"canonical\" href=\"https:\/\/heraultbasketball.fr\/index.php\/formation\/officiel\/arbitre\/\" \/>\n<meta property=\"og:locale\" content=\"fr_FR\" \/>\n<meta property=\"og:type\" content=\"article\" \/>\n<meta property=\"og:title\" content=\"Arbitre - Comit\u00e9 de l&#039;H\u00e9rault de Basketball\" \/>\n<meta property=\"og:description\" content=\"Retrouvez toutes les informations afin de devenir un arbitre officiel et confirm\u00e9 \u00e0 l&#039;aide du comit\u00e9 de l&#039;H\u00e9rault de basketball.\" \/>\n<meta property=\"og:url\" content=\"https:\/\/heraultbasketball.fr\/index.php\/formation\/officiel\/arbitre\/\" \/>\n<meta property=\"og:site_name\" content=\"Comit\u00e9 de l&#039;H\u00e9rault de Basketball\" \/>\n<meta property=\"article:publisher\" content=\"https:\/\/www.facebook.com\/HeraultBasketball\" \/>\n<meta property=\"article:modified_time\" content=\"2026-03-16T10:12:14+00:00\" \/>\n<meta name=\"twitter:card\" content=\"summary_large_image\" \/>\n<meta name=\"twitter:label1\" content=\"Dur\u00e9e de lecture estim\u00e9e\" \/>\n\t<meta name=\"twitter:data1\" content=\"1 minute\" \/>\n<script type=\"application\/ld+json\" class=\"yoast-schema-graph\">{\"@context\":\"https:\\\/\\\/schema.org\",\"@graph\":[{\"@type\":\"WebPage\",\"@id\":\"https:\\\/\\\/heraultbasketball.fr\\\/index.php\\\/formation\\\/officiel\\\/arbitre\\\/\",\"url\":\"https:\\\/\\\/heraultbasketball.fr\\\/index.php\\\/formation\\\/officiel\\\/arbitre\\\/\",\"name\":\"Arbitre - Comit\u00e9 de l&#039;H\u00e9rault de Basketball\",\"isPartOf\":{\"@id\":\"https:\\\/\\\/heraultbasketball.fr\\\/#website\"},\"datePublished\":\"2022-08-28T12:40:00+00:00\",\"dateModified\":\"2026-03-16T10:12:14+00:00\",\"description\":\"Retrouvez toutes les informations afin de devenir un arbitre officiel et confirm\u00e9 \u00e0 l'aide du comit\u00e9 de l'H\u00e9rault de basketball.\",\"breadcrumb\":{\"@id\":\"https:\\\/\\\/heraultbasketball.fr\\\/index.php\\\/formation\\\/officiel\\\/arbitre\\\/#breadcrumb\"},\"inLanguage\":\"fr-FR\",\"potentialAction\":[{\"@type\":\"ReadAction\",\"target\":[\"https:\\\/\\\/heraultbasketball.fr\\\/index.php\\\/formation\\\/officiel\\\/arbitre\\\/\"]}]},{\"@type\":\"BreadcrumbList\",\"@id\":\"https:\\\/\\\/heraultbasketball.fr\\\/index.php\\\/formation\\\/officiel\\\/arbitre\\\/#breadcrumb\",\"itemListElement\":[{\"@type\":\"ListItem\",\"position\":1,\"name\":\"Accueil\",\"item\":\"https:\\\/\\\/heraultbasketball.fr\\\/\"},{\"@type\":\"ListItem\",\"position\":2,\"name\":\"Formation\",\"item\":\"https:\\\/\\\/heraultbasketball.fr\\\/index.php\\\/formation\\\/\"},{\"@type\":\"ListItem\",\"position\":3,\"name\":\"Officiel\",\"item\":\"https:\\\/\\\/heraultbasketball.fr\\\/index.php\\\/formation\\\/officiel\\\/\"},{\"@type\":\"ListItem\",\"position\":4,\"name\":\"Arbitre\"}]},{\"@type\":\"WebSite\",\"@id\":\"https:\\\/\\\/heraultbasketball.fr\\\/#website\",\"url\":\"https:\\\/\\\/heraultbasketball.fr\\\/\",\"name\":\"Comit\u00e9 de l&#039;H\u00e9rault de Basketball\",\"description\":\"\",\"publisher\":{\"@id\":\"https:\\\/\\\/heraultbasketball.fr\\\/#organization\"},\"potentialAction\":[{\"@type\":\"SearchAction\",\"target\":{\"@type\":\"EntryPoint\",\"urlTemplate\":\"https:\\\/\\\/heraultbasketball.fr\\\/?s={search_term_string}\"},\"query-input\":{\"@type\":\"PropertyValueSpecification\",\"valueRequired\":true,\"valueName\":\"search_term_string\"}}],\"inLanguage\":\"fr-FR\"},{\"@type\":\"Organization\",\"@id\":\"https:\\\/\\\/heraultbasketball.fr\\\/#organization\",\"name\":\"Comit\u00e9 de l'H\u00e9rault de Basketball\",\"url\":\"https:\\\/\\\/heraultbasketball.fr\\\/\",\"logo\":{\"@type\":\"ImageObject\",\"inLanguage\":\"fr-FR\",\"@id\":\"https:\\\/\\\/heraultbasketball.fr\\\/#\\\/schema\\\/logo\\\/image\\\/\",\"url\":\"https:\\\/\\\/heraultbasketball.fr\\\/wp-content\\\/uploads\\\/2022\\\/03\\\/Charte-graphique.png\",\"contentUrl\":\"https:\\\/\\\/heraultbasketball.fr\\\/wp-content\\\/uploads\\\/2022\\\/03\\\/Charte-graphique.png\",\"width\":1414,\"height\":2000,\"caption\":\"Comit\u00e9 de l'H\u00e9rault de Basketball\"},\"image\":{\"@id\":\"https:\\\/\\\/heraultbasketball.fr\\\/#\\\/schema\\\/logo\\\/image\\\/\"},\"sameAs\":[\"https:\\\/\\\/www.facebook.com\\\/HeraultBasketball\",\"https:\\\/\\\/www.instagram.com\\\/heraultbasketball\\\/\"]}]}<\/script>\n<!-- \/ Yoast SEO plugin. -->","yoast_head_json":{"title":"Arbitre - Comit\u00e9 de l&#039;H\u00e9rault de Basketball","description":"Retrouvez toutes les informations afin de devenir un arbitre officiel et confirm\u00e9 \u00e0 l'aide du comit\u00e9 de l'H\u00e9rault de basketball.","robots":{"index":"index","follow":"follow","max-snippet":"max-snippet:-1","max-image-preview":"max-image-preview:large","max-video-preview":"max-video-preview:-1"},"canonical":"https:\/\/heraultbasketball.fr\/index.php\/formation\/officiel\/arbitre\/","og_locale":"fr_FR","og_type":"article","og_title":"Arbitre - Comit\u00e9 de l&#039;H\u00e9rault de Basketball","og_description":"Retrouvez toutes les informations afin de devenir un arbitre officiel et confirm\u00e9 \u00e0 l'aide du comit\u00e9 de l'H\u00e9rault de basketball.","og_url":"https:\/\/heraultbasketball.fr\/index.php\/formation\/officiel\/arbitre\/","og_site_name":"Comit\u00e9 de l&#039;H\u00e9rault de Basketball","article_publisher":"https:\/\/www.facebook.com\/HeraultBasketball","article_modified_time":"2026-03-16T10:12:14+00:00","twitter_card":"summary_large_image","twitter_misc":{"Dur\u00e9e de lecture estim\u00e9e":"1 minute"},"schema":{"@context":"https:\/\/schema.org","@graph":[{"@type":"WebPage","@id":"https:\/\/heraultbasketball.fr\/index.php\/formation\/officiel\/arbitre\/","url":"https:\/\/heraultbasketball.fr\/index.php\/formation\/officiel\/arbitre\/","name":"Arbitre - Comit\u00e9 de l&#039;H\u00e9rault de Basketball","isPartOf":{"@id":"https:\/\/heraultbasketball.fr\/#website"},"datePublished":"2022-08-28T12:40:00+00:00","dateModified":"2026-03-16T10:12:14+00:00","description":"Retrouvez toutes les informations afin de devenir un arbitre officiel et confirm\u00e9 \u00e0 l'aide du comit\u00e9 de l'H\u00e9rault de basketball.","breadcrumb":{"@id":"https:\/\/heraultbasketball.fr\/index.php\/formation\/officiel\/arbitre\/#breadcrumb"},"inLanguage":"fr-FR","potentialAction":[{"@type":"ReadAction","target":["https:\/\/heraultbasketball.fr\/index.php\/formation\/officiel\/arbitre\/"]}]},{"@type":"BreadcrumbList","@id":"https:\/\/heraultbasketball.fr\/index.php\/formation\/officiel\/arbitre\/#breadcrumb","itemListElement":[{"@type":"ListItem","position":1,"name":"Accueil","item":"https:\/\/heraultbasketball.fr\/"},{"@type":"ListItem","position":2,"name":"Formation","item":"https:\/\/heraultbasketball.fr\/index.php\/formation\/"},{"@type":"ListItem","position":3,"name":"Officiel","item":"https:\/\/heraultbasketball.fr\/index.php\/formation\/officiel\/"},{"@type":"ListItem","position":4,"name":"Arbitre"}]},{"@type":"WebSite","@id":"https:\/\/heraultbasketball.fr\/#website","url":"https:\/\/heraultbasketball.fr\/","name":"Comit\u00e9 de l&#039;H\u00e9rault de Basketball","description":"","publisher":{"@id":"https:\/\/heraultbasketball.fr\/#organization"},"potentialAction":[{"@type":"SearchAction","target":{"@type":"EntryPoint","urlTemplate":"https:\/\/heraultbasketball.fr\/?s={search_term_string}"},"query-input":{"@type":"PropertyValueSpecification","valueRequired":true,"valueName":"search_term_string"}}],"inLanguage":"fr-FR"},{"@type":"Organization","@id":"https:\/\/heraultbasketball.fr\/#organization","name":"Comit\u00e9 de l'H\u00e9rault de Basketball","url":"https:\/\/heraultbasketball.fr\/","logo":{"@type":"ImageObject","inLanguage":"fr-FR","@id":"https:\/\/heraultbasketball.fr\/#\/schema\/logo\/image\/","url":"https:\/\/heraultbasketball.fr\/wp-content\/uploads\/2022\/03\/Charte-graphique.png","contentUrl":"https:\/\/heraultbasketball.fr\/wp-content\/uploads\/2022\/03\/Charte-graphique.png","width":1414,"height":2000,"caption":"Comit\u00e9 de l'H\u00e9rault de Basketball"},"image":{"@id":"https:\/\/heraultbasketball.fr\/#\/schema\/logo\/image\/"},"sameAs":["https:\/\/www.facebook.com\/HeraultBasketball","https:\/\/www.instagram.com\/heraultbasketball\/"]}]}},"_links":{"self":[{"href":"https:\/\/heraultbasketball.fr\/index.php\/wp-json\/wp\/v2\/pages\/2530","targetHints":{"allow":["GET"]}}],"collection":[{"href":"https:\/\/heraultbasketball.fr\/index.php\/wp-json\/wp\/v2\/pages"}],"about":[{"href":"https:\/\/heraultbasketball.fr\/index.php\/wp-json\/wp\/v2\/types\/page"}],"author":[{"embeddable":true,"href":"https:\/\/heraultbasketball.fr\/index.php\/wp-json\/wp\/v2\/users\/1"}],"replies":[{"embeddable":true,"href":"https:\/\/heraultbasketball.fr\/index.php\/wp-json\/wp\/v2\/comments?post=2530"}],"version-history":[{"count":55,"href":"https:\/\/heraultbasketball.fr\/index.php\/wp-json\/wp\/v2\/pages\/2530\/revisions"}],"predecessor-version":[{"id":10359,"href":"https:\/\/heraultbasketball.fr\/index.php\/wp-json\/wp\/v2\/pages\/2530\/revisions\/10359"}],"up":[{"embeddable":true,"href":"https:\/\/heraultbasketball.fr\/index.php\/wp-json\/wp\/v2\/pages\/86"}],"wp:attachment":[{"href":"https:\/\/heraultbasketball.fr\/index.php\/wp-json\/wp\/v2\/media?parent=2530"}],"curies":[{"name":"wp","href":"https:\/\/api.w.org\/{rel}","templated":true}]}}