{"id":2608,"date":"2022-08-28T13:49:12","date_gmt":"2022-08-28T13:49:12","guid":{"rendered":"https:\/\/heraultbasketball.fr\/?page_id=2608"},"modified":"2026-02-18T10:32:31","modified_gmt":"2026-02-18T10:32:31","slug":"camp-tour","status":"publish","type":"page","link":"https:\/\/heraultbasketball.fr\/index.php\/formation\/joueurs\/camp-tour\/","title":{"rendered":"Camp Tour"},"content":{"rendered":"\t\t<div data-elementor-type=\"wp-page\" data-elementor-id=\"2608\" class=\"elementor elementor-2608\" data-elementor-settings=\"{&quot;ha_cmc_init_switcher&quot;:&quot;no&quot;}\" data-elementor-post-type=\"page\">\n\t\t\t\t\t\t<section class=\"elementor-section elementor-top-section elementor-element elementor-element-cbd1267 elementor-section-boxed elementor-section-height-default elementor-section-height-default\" data-id=\"cbd1267\" data-element_type=\"section\" data-e-type=\"section\" data-settings=\"{&quot;_ha_eqh_enable&quot;:false}\">\n\t\t\t\t\t\t<div class=\"elementor-container elementor-column-gap-default\">\n\t\t\t\t\t<div class=\"elementor-column elementor-col-100 elementor-top-column elementor-element elementor-element-ef02bb8\" data-id=\"ef02bb8\" data-element_type=\"column\" data-e-type=\"column\">\n\t\t\t<div class=\"elementor-widget-wrap elementor-element-populated\">\n\t\t\t\t\t\t<div class=\"elementor-element elementor-element-69a2096 elementor-widget elementor-widget-heading\" data-id=\"69a2096\" data-element_type=\"widget\" data-e-type=\"widget\" data-widget_type=\"heading.default\">\n\t\t\t\t\t<h1 class=\"elementor-heading-title elementor-size-default\">Qu'est-ce le Camp Tour ?<\/h1>\t\t\t\t<\/div>\n\t\t\t\t\t<\/div>\n\t\t<\/div>\n\t\t\t\t\t<\/div>\n\t\t<\/section>\n\t\t\t\t<section class=\"elementor-section elementor-top-section elementor-element elementor-element-ecc6479 elementor-section-boxed elementor-section-height-default elementor-section-height-default\" data-id=\"ecc6479\" data-element_type=\"section\" data-e-type=\"section\" data-settings=\"{&quot;_ha_eqh_enable&quot;:false}\">\n\t\t\t\t\t\t<div class=\"elementor-container elementor-column-gap-default\">\n\t\t\t\t\t<div class=\"elementor-column elementor-col-100 elementor-top-column elementor-element elementor-element-9244d46\" data-id=\"9244d46\" data-element_type=\"column\" data-e-type=\"column\">\n\t\t\t<div class=\"elementor-widget-wrap elementor-element-populated\">\n\t\t\t\t\t\t<div class=\"elementor-element elementor-element-fd85bb2 elementor-widget elementor-widget-video\" data-id=\"fd85bb2\" data-element_type=\"widget\" data-e-type=\"widget\" data-settings=\"{&quot;youtube_url&quot;:&quot;https:\\\/\\\/www.youtube.com\\\/watch?v=dFQLW4md6Ek&quot;,&quot;autoplay&quot;:&quot;yes&quot;,&quot;play_on_mobile&quot;:&quot;yes&quot;,&quot;video_type&quot;:&quot;youtube&quot;,&quot;controls&quot;:&quot;yes&quot;}\" data-widget_type=\"video.default\">\n\t\t\t\t\t\t\t<div class=\"elementor-wrapper elementor-open-inline\">\n\t\t\t<div class=\"elementor-video\"><\/div>\t\t<\/div>\n\t\t\t\t\t\t<\/div>\n\t\t\t\t\t<\/div>\n\t\t<\/div>\n\t\t\t\t\t<\/div>\n\t\t<\/section>\n\t\t<div class=\"elementor-element elementor-element-7c5ef99 e-flex e-con-boxed e-con e-parent\" data-id=\"7c5ef99\" data-element_type=\"container\" data-e-type=\"container\" data-settings=\"{&quot;_ha_eqh_enable&quot;:false}\">\n\t\t\t\t\t<div class=\"e-con-inner\">\n\t\t<div class=\"elementor-element elementor-element-9141fb6 e-con-full e-flex e-con e-child\" data-id=\"9141fb6\" data-element_type=\"container\" data-e-type=\"container\" data-settings=\"{&quot;_ha_eqh_enable&quot;:false}\">\n\t\t\t\t<div class=\"elementor-element elementor-element-9b7cefd elementor-widget elementor-widget-image\" data-id=\"9b7cefd\" data-element_type=\"widget\" data-e-type=\"widget\" data-widget_type=\"image.default\">\n\t\t\t\t\t\t\t\t\t\t\t\t\t\t\t<img fetchpriority=\"high\" decoding=\"async\" width=\"1024\" height=\"512\" src=\"https:\/\/heraultbasketball.fr\/wp-content\/uploads\/2026\/02\/Design-sans-titre-4-1-1024x512.png\" class=\"attachment-large size-large wp-image-9873\" alt=\"\" srcset=\"https:\/\/heraultbasketball.fr\/wp-content\/uploads\/2026\/02\/Design-sans-titre-4-1-1024x512.png 1024w, https:\/\/heraultbasketball.fr\/wp-content\/uploads\/2026\/02\/Design-sans-titre-4-1-300x150.png 300w, https:\/\/heraultbasketball.fr\/wp-content\/uploads\/2026\/02\/Design-sans-titre-4-1-768x384.png 768w, https:\/\/heraultbasketball.fr\/wp-content\/uploads\/2026\/02\/Design-sans-titre-4-1-1536x768.png 1536w, https:\/\/heraultbasketball.fr\/wp-content\/uploads\/2026\/02\/Design-sans-titre-4-1-2048x1024.png 2048w, https:\/\/heraultbasketball.fr\/wp-content\/uploads\/2026\/02\/Design-sans-titre-4-1-600x300.png 600w\" sizes=\"(max-width: 1024px) 100vw, 1024px\" \/>\t\t\t\t\t\t\t\t\t\t\t\t\t\t\t<\/div>\n\t\t\t\t<\/div>\n\t\t<div class=\"elementor-element elementor-element-753246c e-con-full e-flex e-con e-child\" data-id=\"753246c\" data-element_type=\"container\" data-e-type=\"container\" data-settings=\"{&quot;_ha_eqh_enable&quot;:false}\">\n\t\t\t\t<div class=\"elementor-element elementor-element-74c8f14 elementor-widget elementor-widget-heading\" data-id=\"74c8f14\" data-element_type=\"widget\" data-e-type=\"widget\" data-widget_type=\"heading.default\">\n\t\t\t\t\t<h2 class=\"elementor-heading-title elementor-size-default\">Vivez l'exp\u00e9rience Camp Tour !<\/h2>\t\t\t\t<\/div>\n\t\t\t\t<div class=\"elementor-element elementor-element-cc981a2 elementor-widget elementor-widget-text-editor\" data-id=\"cc981a2\" data-element_type=\"widget\" data-e-type=\"widget\" data-widget_type=\"text-editor.default\">\n\t\t\t\t\t\t\t\t\t<p><span style=\"color: #000000; font-size: 14pt;\">Le Camp Tour n&rsquo;est pas un simple stage de basket, c&rsquo;est une immersion totale pour les jeunes passionn\u00e9s de la balle orange. Organis\u00e9s par le Comit\u00e9 de l&rsquo;H\u00e9rault, ces s\u00e9jours m\u00ealent perfectionnement technique et coh\u00e9sion d&rsquo;\u00e9quipe. Dans une ambiance dynamique et conviviale, chaque stagiaire a l&rsquo;opportunit\u00e9 de repousser ses limites tout en partageant des moments inoubliables avec des jeunes venus de tout le d\u00e9partement.<\/span><\/p>\t\t\t\t\t\t\t\t<\/div>\n\t\t\t\t<\/div>\n\t\t\t\t\t<\/div>\n\t\t\t\t<\/div>\n\t\t<div class=\"elementor-element elementor-element-dc9c510 e-flex e-con-boxed e-con e-parent\" data-id=\"dc9c510\" data-element_type=\"container\" data-e-type=\"container\" data-settings=\"{&quot;_ha_eqh_enable&quot;:false}\">\n\t\t\t\t\t<div class=\"e-con-inner\">\n\t\t<div class=\"elementor-element elementor-element-ca7a0d6 e-con-full e-flex e-con e-child\" data-id=\"ca7a0d6\" data-element_type=\"container\" data-e-type=\"container\" data-settings=\"{&quot;_ha_eqh_enable&quot;:false}\">\n\t\t\t\t<div class=\"elementor-element elementor-element-4cc6ce6 elementor-widget elementor-widget-image\" data-id=\"4cc6ce6\" data-element_type=\"widget\" data-e-type=\"widget\" data-widget_type=\"image.default\">\n\t\t\t\t\t\t\t\t\t\t\t\t\t\t\t<img decoding=\"async\" width=\"1024\" height=\"512\" src=\"https:\/\/heraultbasketball.fr\/wp-content\/uploads\/2026\/02\/Design-sans-titre-5-1-1024x512.png\" class=\"attachment-large size-large wp-image-9874\" alt=\"\" srcset=\"https:\/\/heraultbasketball.fr\/wp-content\/uploads\/2026\/02\/Design-sans-titre-5-1-1024x512.png 1024w, https:\/\/heraultbasketball.fr\/wp-content\/uploads\/2026\/02\/Design-sans-titre-5-1-300x150.png 300w, https:\/\/heraultbasketball.fr\/wp-content\/uploads\/2026\/02\/Design-sans-titre-5-1-768x384.png 768w, https:\/\/heraultbasketball.fr\/wp-content\/uploads\/2026\/02\/Design-sans-titre-5-1-1536x768.png 1536w, https:\/\/heraultbasketball.fr\/wp-content\/uploads\/2026\/02\/Design-sans-titre-5-1-2048x1024.png 2048w, https:\/\/heraultbasketball.fr\/wp-content\/uploads\/2026\/02\/Design-sans-titre-5-1-600x300.png 600w\" sizes=\"(max-width: 1024px) 100vw, 1024px\" \/>\t\t\t\t\t\t\t\t\t\t\t\t\t\t\t<\/div>\n\t\t\t\t<\/div>\n\t\t<div class=\"elementor-element elementor-element-2496866 e-con-full e-flex e-con e-child\" data-id=\"2496866\" data-element_type=\"container\" data-e-type=\"container\" data-settings=\"{&quot;_ha_eqh_enable&quot;:false}\">\n\t\t\t\t<div class=\"elementor-element elementor-element-6f05c96 elementor-widget elementor-widget-heading\" data-id=\"6f05c96\" data-element_type=\"widget\" data-e-type=\"widget\" data-widget_type=\"heading.default\">\n\t\t\t\t\t<h2 class=\"elementor-heading-title elementor-size-default\">Un programme technique de haut niveau<\/h2>\t\t\t\t<\/div>\n\t\t\t\t<div class=\"elementor-element elementor-element-9ebe311 elementor-widget elementor-widget-text-editor\" data-id=\"9ebe311\" data-element_type=\"widget\" data-e-type=\"widget\" data-widget_type=\"text-editor.default\">\n\t\t\t\t\t\t\t\t\t<p><span style=\"color: #000000; font-size: 14pt;\">Encadr\u00e9s par des entra\u00eeneurs dipl\u00f4m\u00e9s et exp\u00e9riment\u00e9s, les stagiaires b\u00e9n\u00e9ficient d&rsquo;ateliers sp\u00e9cifiques : travail des fondamentaux individuels, lecture de jeu, tir de pr\u00e9cision et tournois quotidiens. Gr\u00e2ce \u00e0 des infrastructures de qualit\u00e9 et un suivi personnalis\u00e9, le stage permet \u00e0 chaque joueur et joueuse, quel que soit son niveau de d\u00e9part, de franchir un cap dans sa progression basketballistique.<\/span><\/p>\t\t\t\t\t\t\t\t<\/div>\n\t\t\t\t<\/div>\n\t\t\t\t\t<\/div>\n\t\t\t\t<\/div>\n\t\t<div class=\"elementor-element elementor-element-a9a5d4f e-flex e-con-boxed e-con e-parent\" data-id=\"a9a5d4f\" data-element_type=\"container\" data-e-type=\"container\" data-settings=\"{&quot;_ha_eqh_enable&quot;:false}\">\n\t\t\t\t\t<div class=\"e-con-inner\">\n\t\t<div class=\"elementor-element elementor-element-c96408d e-con-full e-flex e-con e-child\" data-id=\"c96408d\" data-element_type=\"container\" data-e-type=\"container\" data-settings=\"{&quot;_ha_eqh_enable&quot;:false}\">\n\t\t\t\t<div class=\"elementor-element elementor-element-b79b67b elementor-widget elementor-widget-image\" data-id=\"b79b67b\" data-element_type=\"widget\" data-e-type=\"widget\" data-widget_type=\"image.default\">\n\t\t\t\t\t\t\t\t\t\t\t\t\t\t\t<img decoding=\"async\" width=\"1024\" height=\"512\" src=\"https:\/\/heraultbasketball.fr\/wp-content\/uploads\/2026\/02\/Design-sans-titre-6-1024x512.png\" class=\"attachment-large size-large wp-image-9875\" alt=\"\" srcset=\"https:\/\/heraultbasketball.fr\/wp-content\/uploads\/2026\/02\/Design-sans-titre-6-1024x512.png 1024w, https:\/\/heraultbasketball.fr\/wp-content\/uploads\/2026\/02\/Design-sans-titre-6-300x150.png 300w, https:\/\/heraultbasketball.fr\/wp-content\/uploads\/2026\/02\/Design-sans-titre-6-768x384.png 768w, https:\/\/heraultbasketball.fr\/wp-content\/uploads\/2026\/02\/Design-sans-titre-6-1536x768.png 1536w, https:\/\/heraultbasketball.fr\/wp-content\/uploads\/2026\/02\/Design-sans-titre-6-2048x1024.png 2048w, https:\/\/heraultbasketball.fr\/wp-content\/uploads\/2026\/02\/Design-sans-titre-6-600x300.png 600w\" sizes=\"(max-width: 1024px) 100vw, 1024px\" \/>\t\t\t\t\t\t\t\t\t\t\t\t\t\t\t<\/div>\n\t\t\t\t<\/div>\n\t\t<div class=\"elementor-element elementor-element-4a4081d e-con-full e-flex e-con e-child\" data-id=\"4a4081d\" data-element_type=\"container\" data-e-type=\"container\" data-settings=\"{&quot;_ha_eqh_enable&quot;:false}\">\n\t\t\t\t<div class=\"elementor-element elementor-element-168db3a elementor-widget elementor-widget-heading\" data-id=\"168db3a\" data-element_type=\"widget\" data-e-type=\"widget\" data-widget_type=\"heading.default\">\n\t\t\t\t\t<h2 class=\"elementor-heading-title elementor-size-default\">Plus qu'un Camp Tour : une aventure humaine<\/h2>\t\t\t\t<\/div>\n\t\t\t\t<div class=\"elementor-element elementor-element-efd5756 elementor-widget elementor-widget-text-editor\" data-id=\"efd5756\" data-element_type=\"widget\" data-e-type=\"widget\" data-widget_type=\"text-editor.default\">\n\t\t\t\t\t\t\t\t\t<p><span style=\"color: #000000; font-size: 14pt;\">Au-del\u00e0 du terrain, ce stage met l&rsquo;accent sur les valeurs du sport : le respect, l&rsquo;entraide et le vivre-ensemble. Entre les s\u00e9ances d&rsquo;entra\u00eenement, des activit\u00e9s ludiques et des moments de d\u00e9tente sont organis\u00e9s pour renforcer les liens entre les participants. C&rsquo;est l&rsquo;occasion de se forger des souvenirs m\u00e9morables et de nouer de nouvelles amiti\u00e9s, le tout sous l&rsquo;\u0153il bienveillant d&rsquo;une \u00e9quipe d&rsquo;animation d\u00e9di\u00e9e.<\/span><\/p>\t\t\t\t\t\t\t\t<\/div>\n\t\t\t\t<\/div>\n\t\t\t\t\t<\/div>\n\t\t\t\t<\/div>\n\t\t\t\t<\/div>\n\t\t","protected":false},"excerpt":{"rendered":"<p>Qu&rsquo;est-ce le Camp Tour ? https:\/\/www.youtube.com\/watch?v=dFQLW4md6Ek Vivez l&rsquo;exp\u00e9rience Camp Tour ! Le Camp Tour n&rsquo;est pas un simple stage de basket, c&rsquo;est une immersion totale pour les jeunes passionn\u00e9s de [&hellip;]<\/p>\n","protected":false},"author":1,"featured_media":0,"parent":82,"menu_order":0,"comment_status":"closed","ping_status":"closed","template":"elementor_header_footer","meta":{"footnotes":""},"class_list":["post-2608","page","type-page","status-publish","hentry"],"yoast_head":"<!-- This site is optimized with the Yoast SEO plugin v27.4 - https:\/\/yoast.com\/product\/yoast-seo-wordpress\/ -->\n<title>Camp Tour - Comit\u00e9 de l&#039;H\u00e9rault de Basketball<\/title>\n<meta name=\"description\" content=\"Le Comit\u00e9 de l&#039;H\u00e9rault de Basketball organise des \u00e9v\u00e9nements comme le camp tour qui permet \u00e0 ceux qui le souhaitent de perfectionner son jeu\" \/>\n<meta name=\"robots\" content=\"index, follow, max-snippet:-1, max-image-preview:large, max-video-preview:-1\" \/>\n<link rel=\"canonical\" href=\"https:\/\/heraultbasketball.fr\/index.php\/formation\/joueurs\/camp-tour\/\" \/>\n<meta property=\"og:locale\" content=\"fr_FR\" \/>\n<meta property=\"og:type\" content=\"article\" \/>\n<meta property=\"og:title\" content=\"Camp Tour - Comit\u00e9 de l&#039;H\u00e9rault de Basketball\" \/>\n<meta property=\"og:description\" content=\"Le Comit\u00e9 de l&#039;H\u00e9rault de Basketball organise des \u00e9v\u00e9nements comme le camp tour qui permet \u00e0 ceux qui le souhaitent de perfectionner son jeu\" \/>\n<meta property=\"og:url\" content=\"https:\/\/heraultbasketball.fr\/index.php\/formation\/joueurs\/camp-tour\/\" \/>\n<meta property=\"og:site_name\" content=\"Comit\u00e9 de l&#039;H\u00e9rault de Basketball\" \/>\n<meta property=\"article:publisher\" content=\"https:\/\/www.facebook.com\/HeraultBasketball\" \/>\n<meta property=\"article:modified_time\" content=\"2026-02-18T10:32:31+00:00\" \/>\n<meta property=\"og:image\" content=\"https:\/\/heraultbasketball.fr\/wp-content\/uploads\/2026\/02\/Design-sans-titre-4-1-1024x512.png\" \/>\n<meta name=\"twitter:card\" content=\"summary_large_image\" \/>\n<meta name=\"twitter:label1\" content=\"Dur\u00e9e de lecture estim\u00e9e\" \/>\n\t<meta name=\"twitter:data1\" content=\"2 minutes\" \/>\n<script type=\"application\/ld+json\" class=\"yoast-schema-graph\">{\"@context\":\"https:\\\/\\\/schema.org\",\"@graph\":[{\"@type\":\"WebPage\",\"@id\":\"https:\\\/\\\/heraultbasketball.fr\\\/index.php\\\/formation\\\/joueurs\\\/camp-tour\\\/\",\"url\":\"https:\\\/\\\/heraultbasketball.fr\\\/index.php\\\/formation\\\/joueurs\\\/camp-tour\\\/\",\"name\":\"Camp Tour - Comit\u00e9 de l&#039;H\u00e9rault de Basketball\",\"isPartOf\":{\"@id\":\"https:\\\/\\\/heraultbasketball.fr\\\/#website\"},\"primaryImageOfPage\":{\"@id\":\"https:\\\/\\\/heraultbasketball.fr\\\/index.php\\\/formation\\\/joueurs\\\/camp-tour\\\/#primaryimage\"},\"image\":{\"@id\":\"https:\\\/\\\/heraultbasketball.fr\\\/index.php\\\/formation\\\/joueurs\\\/camp-tour\\\/#primaryimage\"},\"thumbnailUrl\":\"https:\\\/\\\/heraultbasketball.fr\\\/wp-content\\\/uploads\\\/2026\\\/02\\\/Design-sans-titre-4-1-1024x512.png\",\"datePublished\":\"2022-08-28T13:49:12+00:00\",\"dateModified\":\"2026-02-18T10:32:31+00:00\",\"description\":\"Le Comit\u00e9 de l&#039;H\u00e9rault de Basketball organise des \u00e9v\u00e9nements comme le camp tour qui permet \u00e0 ceux qui le souhaitent de perfectionner son jeu\",\"breadcrumb\":{\"@id\":\"https:\\\/\\\/heraultbasketball.fr\\\/index.php\\\/formation\\\/joueurs\\\/camp-tour\\\/#breadcrumb\"},\"inLanguage\":\"fr-FR\",\"potentialAction\":[{\"@type\":\"ReadAction\",\"target\":[\"https:\\\/\\\/heraultbasketball.fr\\\/index.php\\\/formation\\\/joueurs\\\/camp-tour\\\/\"]}]},{\"@type\":\"ImageObject\",\"inLanguage\":\"fr-FR\",\"@id\":\"https:\\\/\\\/heraultbasketball.fr\\\/index.php\\\/formation\\\/joueurs\\\/camp-tour\\\/#primaryimage\",\"url\":\"https:\\\/\\\/heraultbasketball.fr\\\/wp-content\\\/uploads\\\/2026\\\/02\\\/Design-sans-titre-4-1-scaled.png\",\"contentUrl\":\"https:\\\/\\\/heraultbasketball.fr\\\/wp-content\\\/uploads\\\/2026\\\/02\\\/Design-sans-titre-4-1-scaled.png\",\"width\":2560,\"height\":1280},{\"@type\":\"BreadcrumbList\",\"@id\":\"https:\\\/\\\/heraultbasketball.fr\\\/index.php\\\/formation\\\/joueurs\\\/camp-tour\\\/#breadcrumb\",\"itemListElement\":[{\"@type\":\"ListItem\",\"position\":1,\"name\":\"Accueil\",\"item\":\"https:\\\/\\\/heraultbasketball.fr\\\/\"},{\"@type\":\"ListItem\",\"position\":2,\"name\":\"Formation\",\"item\":\"https:\\\/\\\/heraultbasketball.fr\\\/index.php\\\/formation\\\/\"},{\"@type\":\"ListItem\",\"position\":3,\"name\":\"Joueurs\",\"item\":\"https:\\\/\\\/heraultbasketball.fr\\\/index.php\\\/formation\\\/joueurs\\\/\"},{\"@type\":\"ListItem\",\"position\":4,\"name\":\"Camp Tour\"}]},{\"@type\":\"WebSite\",\"@id\":\"https:\\\/\\\/heraultbasketball.fr\\\/#website\",\"url\":\"https:\\\/\\\/heraultbasketball.fr\\\/\",\"name\":\"Comit\u00e9 de l&#039;H\u00e9rault de Basketball\",\"description\":\"\",\"publisher\":{\"@id\":\"https:\\\/\\\/heraultbasketball.fr\\\/#organization\"},\"potentialAction\":[{\"@type\":\"SearchAction\",\"target\":{\"@type\":\"EntryPoint\",\"urlTemplate\":\"https:\\\/\\\/heraultbasketball.fr\\\/?s={search_term_string}\"},\"query-input\":{\"@type\":\"PropertyValueSpecification\",\"valueRequired\":true,\"valueName\":\"search_term_string\"}}],\"inLanguage\":\"fr-FR\"},{\"@type\":\"Organization\",\"@id\":\"https:\\\/\\\/heraultbasketball.fr\\\/#organization\",\"name\":\"Comit\u00e9 de l'H\u00e9rault de Basketball\",\"url\":\"https:\\\/\\\/heraultbasketball.fr\\\/\",\"logo\":{\"@type\":\"ImageObject\",\"inLanguage\":\"fr-FR\",\"@id\":\"https:\\\/\\\/heraultbasketball.fr\\\/#\\\/schema\\\/logo\\\/image\\\/\",\"url\":\"https:\\\/\\\/heraultbasketball.fr\\\/wp-content\\\/uploads\\\/2022\\\/03\\\/Charte-graphique.png\",\"contentUrl\":\"https:\\\/\\\/heraultbasketball.fr\\\/wp-content\\\/uploads\\\/2022\\\/03\\\/Charte-graphique.png\",\"width\":1414,\"height\":2000,\"caption\":\"Comit\u00e9 de l'H\u00e9rault de Basketball\"},\"image\":{\"@id\":\"https:\\\/\\\/heraultbasketball.fr\\\/#\\\/schema\\\/logo\\\/image\\\/\"},\"sameAs\":[\"https:\\\/\\\/www.facebook.com\\\/HeraultBasketball\",\"https:\\\/\\\/www.instagram.com\\\/heraultbasketball\\\/\"]}]}<\/script>\n<!-- \/ Yoast SEO plugin. -->","yoast_head_json":{"title":"Camp Tour - Comit\u00e9 de l&#039;H\u00e9rault de Basketball","description":"Le Comit\u00e9 de l&#039;H\u00e9rault de Basketball organise des \u00e9v\u00e9nements comme le camp tour qui permet \u00e0 ceux qui le souhaitent de perfectionner son jeu","robots":{"index":"index","follow":"follow","max-snippet":"max-snippet:-1","max-image-preview":"max-image-preview:large","max-video-preview":"max-video-preview:-1"},"canonical":"https:\/\/heraultbasketball.fr\/index.php\/formation\/joueurs\/camp-tour\/","og_locale":"fr_FR","og_type":"article","og_title":"Camp Tour - Comit\u00e9 de l&#039;H\u00e9rault de Basketball","og_description":"Le Comit\u00e9 de l&#039;H\u00e9rault de Basketball organise des \u00e9v\u00e9nements comme le camp tour qui permet \u00e0 ceux qui le souhaitent de perfectionner son jeu","og_url":"https:\/\/heraultbasketball.fr\/index.php\/formation\/joueurs\/camp-tour\/","og_site_name":"Comit\u00e9 de l&#039;H\u00e9rault de Basketball","article_publisher":"https:\/\/www.facebook.com\/HeraultBasketball","article_modified_time":"2026-02-18T10:32:31+00:00","og_image":[{"url":"https:\/\/heraultbasketball.fr\/wp-content\/uploads\/2026\/02\/Design-sans-titre-4-1-1024x512.png","type":"","width":"","height":""}],"twitter_card":"summary_large_image","twitter_misc":{"Dur\u00e9e de lecture estim\u00e9e":"2 minutes"},"schema":{"@context":"https:\/\/schema.org","@graph":[{"@type":"WebPage","@id":"https:\/\/heraultbasketball.fr\/index.php\/formation\/joueurs\/camp-tour\/","url":"https:\/\/heraultbasketball.fr\/index.php\/formation\/joueurs\/camp-tour\/","name":"Camp Tour - Comit\u00e9 de l&#039;H\u00e9rault de Basketball","isPartOf":{"@id":"https:\/\/heraultbasketball.fr\/#website"},"primaryImageOfPage":{"@id":"https:\/\/heraultbasketball.fr\/index.php\/formation\/joueurs\/camp-tour\/#primaryimage"},"image":{"@id":"https:\/\/heraultbasketball.fr\/index.php\/formation\/joueurs\/camp-tour\/#primaryimage"},"thumbnailUrl":"https:\/\/heraultbasketball.fr\/wp-content\/uploads\/2026\/02\/Design-sans-titre-4-1-1024x512.png","datePublished":"2022-08-28T13:49:12+00:00","dateModified":"2026-02-18T10:32:31+00:00","description":"Le Comit\u00e9 de l&#039;H\u00e9rault de Basketball organise des \u00e9v\u00e9nements comme le camp tour qui permet \u00e0 ceux qui le souhaitent de perfectionner son jeu","breadcrumb":{"@id":"https:\/\/heraultbasketball.fr\/index.php\/formation\/joueurs\/camp-tour\/#breadcrumb"},"inLanguage":"fr-FR","potentialAction":[{"@type":"ReadAction","target":["https:\/\/heraultbasketball.fr\/index.php\/formation\/joueurs\/camp-tour\/"]}]},{"@type":"ImageObject","inLanguage":"fr-FR","@id":"https:\/\/heraultbasketball.fr\/index.php\/formation\/joueurs\/camp-tour\/#primaryimage","url":"https:\/\/heraultbasketball.fr\/wp-content\/uploads\/2026\/02\/Design-sans-titre-4-1-scaled.png","contentUrl":"https:\/\/heraultbasketball.fr\/wp-content\/uploads\/2026\/02\/Design-sans-titre-4-1-scaled.png","width":2560,"height":1280},{"@type":"BreadcrumbList","@id":"https:\/\/heraultbasketball.fr\/index.php\/formation\/joueurs\/camp-tour\/#breadcrumb","itemListElement":[{"@type":"ListItem","position":1,"name":"Accueil","item":"https:\/\/heraultbasketball.fr\/"},{"@type":"ListItem","position":2,"name":"Formation","item":"https:\/\/heraultbasketball.fr\/index.php\/formation\/"},{"@type":"ListItem","position":3,"name":"Joueurs","item":"https:\/\/heraultbasketball.fr\/index.php\/formation\/joueurs\/"},{"@type":"ListItem","position":4,"name":"Camp Tour"}]},{"@type":"WebSite","@id":"https:\/\/heraultbasketball.fr\/#website","url":"https:\/\/heraultbasketball.fr\/","name":"Comit\u00e9 de l&#039;H\u00e9rault de Basketball","description":"","publisher":{"@id":"https:\/\/heraultbasketball.fr\/#organization"},"potentialAction":[{"@type":"SearchAction","target":{"@type":"EntryPoint","urlTemplate":"https:\/\/heraultbasketball.fr\/?s={search_term_string}"},"query-input":{"@type":"PropertyValueSpecification","valueRequired":true,"valueName":"search_term_string"}}],"inLanguage":"fr-FR"},{"@type":"Organization","@id":"https:\/\/heraultbasketball.fr\/#organization","name":"Comit\u00e9 de l'H\u00e9rault de Basketball","url":"https:\/\/heraultbasketball.fr\/","logo":{"@type":"ImageObject","inLanguage":"fr-FR","@id":"https:\/\/heraultbasketball.fr\/#\/schema\/logo\/image\/","url":"https:\/\/heraultbasketball.fr\/wp-content\/uploads\/2022\/03\/Charte-graphique.png","contentUrl":"https:\/\/heraultbasketball.fr\/wp-content\/uploads\/2022\/03\/Charte-graphique.png","width":1414,"height":2000,"caption":"Comit\u00e9 de l'H\u00e9rault de Basketball"},"image":{"@id":"https:\/\/heraultbasketball.fr\/#\/schema\/logo\/image\/"},"sameAs":["https:\/\/www.facebook.com\/HeraultBasketball","https:\/\/www.instagram.com\/heraultbasketball\/"]}]}},"_links":{"self":[{"href":"https:\/\/heraultbasketball.fr\/index.php\/wp-json\/wp\/v2\/pages\/2608","targetHints":{"allow":["GET"]}}],"collection":[{"href":"https:\/\/heraultbasketball.fr\/index.php\/wp-json\/wp\/v2\/pages"}],"about":[{"href":"https:\/\/heraultbasketball.fr\/index.php\/wp-json\/wp\/v2\/types\/page"}],"author":[{"embeddable":true,"href":"https:\/\/heraultbasketball.fr\/index.php\/wp-json\/wp\/v2\/users\/1"}],"replies":[{"embeddable":true,"href":"https:\/\/heraultbasketball.fr\/index.php\/wp-json\/wp\/v2\/comments?post=2608"}],"version-history":[{"count":32,"href":"https:\/\/heraultbasketball.fr\/index.php\/wp-json\/wp\/v2\/pages\/2608\/revisions"}],"predecessor-version":[{"id":10223,"href":"https:\/\/heraultbasketball.fr\/index.php\/wp-json\/wp\/v2\/pages\/2608\/revisions\/10223"}],"up":[{"embeddable":true,"href":"https:\/\/heraultbasketball.fr\/index.php\/wp-json\/wp\/v2\/pages\/82"}],"wp:attachment":[{"href":"https:\/\/heraultbasketball.fr\/index.php\/wp-json\/wp\/v2\/media?parent=2608"}],"curies":[{"name":"wp","href":"https:\/\/api.w.org\/{rel}","templated":true}]}}