{"id":3390,"date":"2022-11-09T08:49:34","date_gmt":"2022-11-09T08:49:34","guid":{"rendered":"https:\/\/heraultbasketball.fr\/?page_id=3390"},"modified":"2026-02-18T10:29:53","modified_gmt":"2026-02-18T10:29:53","slug":"challenge-benjamins","status":"publish","type":"page","link":"https:\/\/heraultbasketball.fr\/index.php\/concours\/challenge-benjamins\/","title":{"rendered":"Challenge Benjamins"},"content":{"rendered":"\t\t<div data-elementor-type=\"wp-page\" data-elementor-id=\"3390\" class=\"elementor elementor-3390\" data-elementor-settings=\"{&quot;ha_cmc_init_switcher&quot;:&quot;no&quot;}\" data-elementor-post-type=\"page\">\n\t\t\t\t<div class=\"elementor-element elementor-element-d181451 e-con-full e-flex e-con e-parent\" data-id=\"d181451\" data-element_type=\"container\" data-e-type=\"container\" data-settings=\"{&quot;_ha_eqh_enable&quot;:false}\">\n\t\t\t\t<div class=\"elementor-element elementor-element-62ec550 elementor-widget elementor-widget-heading\" data-id=\"62ec550\" data-element_type=\"widget\" data-e-type=\"widget\" data-widget_type=\"heading.default\">\n\t\t\t\t\t<h1 class=\"elementor-heading-title elementor-size-default\">Challenge Benjamin(e)s 2026 : Montre ton talent !<\/h1>\t\t\t\t<\/div>\n\t\t\t\t<\/div>\n\t\t<div class=\"elementor-element elementor-element-6c3e3db e-flex e-con-boxed e-con e-parent\" data-id=\"6c3e3db\" data-element_type=\"container\" data-e-type=\"container\" data-settings=\"{&quot;_ha_eqh_enable&quot;:false}\">\n\t\t\t\t\t<div class=\"e-con-inner\">\n\t\t<div class=\"elementor-element elementor-element-869a90e e-con-full e-flex e-con e-child\" data-id=\"869a90e\" data-element_type=\"container\" data-e-type=\"container\" data-settings=\"{&quot;_ha_eqh_enable&quot;:false}\">\n\t\t\t\t<div class=\"elementor-element elementor-element-0d555b0 elementor-widget elementor-widget-image\" data-id=\"0d555b0\" data-element_type=\"widget\" data-e-type=\"widget\" data-widget_type=\"image.default\">\n\t\t\t\t\t\t\t\t\t\t\t\t\t\t\t<img decoding=\"async\" src=\"https:\/\/heraultbasketball.fr\/wp-content\/uploads\/elementor\/thumbs\/WhatsApp-Image-2026-01-16-at-10.42.09-rhqgkaasx21l261oup0dk1eh3o1cwjj1jf55dgf1fg.jpeg\" title=\"WhatsApp Image 2026-01-16 at 10.42.09\" alt=\"Affiche officielle FFBB du challenge benjamin(e)s\" loading=\"lazy\" \/>\t\t\t\t\t\t\t\t\t\t\t\t\t\t\t<\/div>\n\t\t\t\t<\/div>\n\t\t<div class=\"elementor-element elementor-element-05a27fd e-con-full e-flex e-con e-child\" data-id=\"05a27fd\" data-element_type=\"container\" data-e-type=\"container\" data-settings=\"{&quot;_ha_eqh_enable&quot;:false}\">\n\t\t\t\t<div class=\"elementor-element elementor-element-200287e elementor-widget elementor-widget-text-editor\" data-id=\"200287e\" data-element_type=\"widget\" data-e-type=\"widget\" data-widget_type=\"text-editor.default\">\n\t\t\t\t\t\t\t\t\t<p><span style=\"color: #000000; font-size: 14pt;\">Le Challenge Benjamin(e)s, organis\u00e9 en partenariat avec la FFBB et la NBA, est l&rsquo;\u00e9v\u00e9nement incontournable pour les joueurs et joueuses de la cat\u00e9gorie U13. Ce concours de technique individuelle permet aux jeunes talents de l&rsquo;H\u00e9rault de se mesurer aux \u00e9preuves nationales. Le principe est simple : 4 \u00e9preuves bas\u00e9es sur le tir, la passe, le dribble et l&rsquo;adresse, portant chacune le nom d&rsquo;une star du basketball fran\u00e7ais. Plus qu&rsquo;une comp\u00e9tition, c&rsquo;est une chance unique de remporter un voyage aux \u00c9tats-Unis et de vivre la finale nationale \u00e0 l&rsquo;Accor Arena de Paris !<\/span><\/p>\t\t\t\t\t\t\t\t<\/div>\n\t\t\t\t<div class=\"elementor-element elementor-element-6822cf6 elementor-widget elementor-widget-heading\" data-id=\"6822cf6\" data-element_type=\"widget\" data-e-type=\"widget\" data-widget_type=\"heading.default\">\n\t\t\t\t\t<h2 class=\"elementor-heading-title elementor-size-default\">Ne manquez pas la finale du Comit\u00e9 2026 !<\/h2>\t\t\t\t<\/div>\n\t\t\t\t<div class=\"elementor-element elementor-element-1e2b459 elementor-align-center elementor-widget elementor-widget-button\" data-id=\"1e2b459\" data-element_type=\"widget\" data-e-type=\"widget\" data-widget_type=\"button.default\">\n\t\t\t\t\t\t\t\t\t\t<a class=\"elementor-button elementor-button-link elementor-size-sm\" href=\"https:\/\/heraultbasketball.fr\/index.php\/events\/finale-departementale-challenge-benjamin-2026\/\">\n\t\t\t\t\t\t<span class=\"elementor-button-content-wrapper\">\n\t\t\t\t\t\t\t\t\t<span class=\"elementor-button-text\">Cliquez ici<\/span>\n\t\t\t\t\t<\/span>\n\t\t\t\t\t<\/a>\n\t\t\t\t\t\t\t\t<\/div>\n\t\t\t\t<\/div>\n\t\t\t\t\t<\/div>\n\t\t\t\t<\/div>\n\t\t<div class=\"elementor-element elementor-element-dbcf4ad e-flex e-con-boxed e-con e-parent\" data-id=\"dbcf4ad\" data-element_type=\"container\" data-e-type=\"container\" data-settings=\"{&quot;_ha_eqh_enable&quot;:false}\">\n\t\t\t\t\t<div class=\"e-con-inner\">\n\t\t\t\t<div class=\"elementor-element elementor-element-2f812aa elementor-widget elementor-widget-spacer\" data-id=\"2f812aa\" data-element_type=\"widget\" data-e-type=\"widget\" data-widget_type=\"spacer.default\">\n\t\t\t\t\t\t\t<div class=\"elementor-spacer\">\n\t\t\t<div class=\"elementor-spacer-inner\"><\/div>\n\t\t<\/div>\n\t\t\t\t\t\t<\/div>\n\t\t\t\t<div class=\"elementor-element elementor-element-70ccc28 elementor-widget elementor-widget-heading\" data-id=\"70ccc28\" data-element_type=\"widget\" data-e-type=\"widget\" data-widget_type=\"heading.default\">\n\t\t\t\t\t<h2 class=\"elementor-heading-title elementor-size-default\">Les 4 \u00e9preuves de l\u00e9gende<\/h2>\t\t\t\t<\/div>\n\t\t\t\t<div class=\"elementor-element elementor-element-9b4e72d elementor-widget elementor-widget-text-editor\" data-id=\"9b4e72d\" data-element_type=\"widget\" data-e-type=\"widget\" data-widget_type=\"text-editor.default\">\n\t\t\t\t\t\t\t\t\t<p data-path-to-node=\"10,0\"><span style=\"color: #000000; font-size: 14pt;\">Pour briller lors de la phase d\u00e9partementale organis\u00e9e par le Comit\u00e9 de l&rsquo;H\u00e9rault (CD34), les participants doivent ma\u00eetriser les fondamentaux du basket. Le challenge se d\u00e9compose en quatre ateliers chronom\u00e9tr\u00e9s :<\/span><\/p><h3 data-path-to-node=\"1\"><span style=\"color: #000000; font-size: 14pt;\">1. \u00c9preuve Marine JOHANNES : Dext\u00e9rit\u00e9 et Tir<\/span><\/h3><h3 data-path-to-node=\"4\"><span style=\"color: #000000; font-size: 14pt;\">2. \u00c9preuve Victor WEMBANYAMA : Dribble, Passe et Tir<\/span><\/h3><h3 data-path-to-node=\"7\"><span style=\"color: #000000; font-size: 14pt;\">3. \u00c9preuve Iliana RUPERT : Adresse<\/span><\/h3><h3 data-path-to-node=\"10\"><span style=\"color: #000000; font-size: 14pt;\">4. \u00c9preuve Bilal COULIBALY : Lancer-franc<\/span><\/h3>\t\t\t\t\t\t\t\t<\/div>\n\t\t<div class=\"elementor-element elementor-element-2c7fcb7 e-grid e-con-full e-con e-child\" data-id=\"2c7fcb7\" data-element_type=\"container\" data-e-type=\"container\" data-settings=\"{&quot;_ha_eqh_enable&quot;:false}\">\n\t\t\t\t<div class=\"elementor-element elementor-element-c16800b elementor-widget elementor-widget-video\" data-id=\"c16800b\" data-element_type=\"widget\" data-e-type=\"widget\" data-settings=\"{&quot;youtube_url&quot;:&quot;https:\\\/\\\/www.youtube.com\\\/watch?v=C6JpD_h_fWk&quot;,&quot;video_type&quot;:&quot;youtube&quot;,&quot;controls&quot;:&quot;yes&quot;}\" data-widget_type=\"video.default\">\n\t\t\t\t\t\t\t<div class=\"elementor-wrapper elementor-open-inline\">\n\t\t\t<div class=\"elementor-video\"><\/div>\t\t<\/div>\n\t\t\t\t\t\t<\/div>\n\t\t\t\t<div class=\"elementor-element elementor-element-af4f097 elementor-widget elementor-widget-video\" data-id=\"af4f097\" data-element_type=\"widget\" data-e-type=\"widget\" data-settings=\"{&quot;youtube_url&quot;:&quot;https:\\\/\\\/www.youtube.com\\\/watch?v=wkPe1fo3NBo&quot;,&quot;video_type&quot;:&quot;youtube&quot;,&quot;controls&quot;:&quot;yes&quot;}\" data-widget_type=\"video.default\">\n\t\t\t\t\t\t\t<div class=\"elementor-wrapper elementor-open-inline\">\n\t\t\t<div class=\"elementor-video\"><\/div>\t\t<\/div>\n\t\t\t\t\t\t<\/div>\n\t\t\t\t<div class=\"elementor-element elementor-element-cfecce8 elementor-widget elementor-widget-video\" data-id=\"cfecce8\" data-element_type=\"widget\" data-e-type=\"widget\" data-settings=\"{&quot;youtube_url&quot;:&quot;https:\\\/\\\/www.youtube.com\\\/watch?v=fi2q8DL3B5o&quot;,&quot;video_type&quot;:&quot;youtube&quot;,&quot;controls&quot;:&quot;yes&quot;}\" data-widget_type=\"video.default\">\n\t\t\t\t\t\t\t<div class=\"elementor-wrapper elementor-open-inline\">\n\t\t\t<div class=\"elementor-video\"><\/div>\t\t<\/div>\n\t\t\t\t\t\t<\/div>\n\t\t\t\t<div class=\"elementor-element elementor-element-3eac2ee elementor-widget elementor-widget-video\" data-id=\"3eac2ee\" data-element_type=\"widget\" data-e-type=\"widget\" data-settings=\"{&quot;youtube_url&quot;:&quot;https:\\\/\\\/www.youtube.com\\\/watch?v=yEJLyxyREkA&quot;,&quot;video_type&quot;:&quot;youtube&quot;,&quot;controls&quot;:&quot;yes&quot;}\" data-widget_type=\"video.default\">\n\t\t\t\t\t\t\t<div class=\"elementor-wrapper elementor-open-inline\">\n\t\t\t<div class=\"elementor-video\"><\/div>\t\t<\/div>\n\t\t\t\t\t\t<\/div>\n\t\t\t\t<\/div>\n\t\t\t\t\t<\/div>\n\t\t\t\t<\/div>\n\t\t<div class=\"elementor-element elementor-element-57c991e e-flex e-con-boxed e-con e-parent\" data-id=\"57c991e\" data-element_type=\"container\" data-e-type=\"container\" data-settings=\"{&quot;_ha_eqh_enable&quot;:false}\">\n\t\t\t\t\t<div class=\"e-con-inner\">\n\t\t\t\t<div class=\"elementor-element elementor-element-4736ba7 elementor-widget elementor-widget-spacer\" data-id=\"4736ba7\" data-element_type=\"widget\" data-e-type=\"widget\" data-widget_type=\"spacer.default\">\n\t\t\t\t\t\t\t<div class=\"elementor-spacer\">\n\t\t\t<div class=\"elementor-spacer-inner\"><\/div>\n\t\t<\/div>\n\t\t\t\t\t\t<\/div>\n\t\t\t\t<div class=\"elementor-element elementor-element-a211c85 elementor-widget elementor-widget-heading\" data-id=\"a211c85\" data-element_type=\"widget\" data-e-type=\"widget\" data-widget_type=\"heading.default\">\n\t\t\t\t\t<h2 class=\"elementor-heading-title elementor-size-default\">Comment participer ?<\/h2>\t\t\t\t<\/div>\n\t\t\t\t<div class=\"elementor-element elementor-element-590b179 elementor-widget elementor-widget-text-editor\" data-id=\"590b179\" data-element_type=\"widget\" data-e-type=\"widget\" data-widget_type=\"text-editor.default\">\n\t\t\t\t\t\t\t\t\t<p><span style=\"color: #000000; font-size: 14pt;\">Les licenci\u00e9s et licenci\u00e9es n\u00e9s en 2013-2014 auront la possibilit\u00e9 de se qualifier pour les finales d\u00e9partementales par 2 moyens.<\/span><\/p><p><span style=\"color: #000000; font-size: 14pt;\"><strong>\u21d2\u00a0Qualification en club<\/strong><\/span><\/p><p><span style=\"color: #000000; font-size: 14pt;\">Chaque club pourra faire passer les \u00e9preuves en interne dans l\u2019objectif de qualifier 2 gar\u00e7ons et 2 filles pour les finales d\u00e9partementales.<\/span><\/p><p><span style=\"color: #000000; font-size: 14pt;\">Les noms des qualifi\u00e9s devront \u00eatre envoy\u00e9s par mail \u00e0 la commission Jeunesse :\u00a0jeunesse@heraultbasketball.fr<\/span><\/p><p><span style=\"color: #000000; font-size: 14pt;\"><strong>\u21d2\u00a0Journ\u00e9e de qualification d\u00e9partementale<\/strong><\/span><\/p><p><span style=\"color: #000000; font-size: 14pt;\">Chaque licenci\u00e9(e) pourra s\u2019inscrire aux journ\u00e9es de rattrapage auxquelles il ou elle souhaite participer :<\/span><\/p><p><span style=\"color: #000000; font-size: 14pt;\"><b>Dimanche 18 Janvier 2026 <strong>\u2192<\/strong> Halle des Sport \u2013 Servian<\/b><\/span><\/p><p><span style=\"color: #000000; font-size: 14pt;\"><b>Dimanche 1er F\u00e9vrier 2026 <strong>\u2192<\/strong> Gymnase Condamines \u2013 Montpellier<\/b><\/span><\/p><p><span style=\"color: #000000; font-size: 14pt;\"><strong>Inscription \u2192 jeunesse@heraultbasketball.fr<\/strong><\/span><\/p>\t\t\t\t\t\t\t\t<\/div>\n\t\t\t\t<div class=\"elementor-element elementor-element-aee51c6 elementor-align-center elementor-widget elementor-widget-button\" data-id=\"aee51c6\" data-element_type=\"widget\" data-e-type=\"widget\" data-widget_type=\"button.default\">\n\t\t\t\t\t\t\t\t\t\t<a class=\"elementor-button elementor-button-link elementor-size-sm\" href=\"https:\/\/heraultbasketball.fr\/wp-content\/uploads\/2026\/01\/2025-12-16-7-CFJ-Descriptif-des-epreuves-officielles-Challenge-Benjamines-2025-26-VFIN.pdf\" target=\"_blank\">\n\t\t\t\t\t\t<span class=\"elementor-button-content-wrapper\">\n\t\t\t\t\t\t\t\t\t<span class=\"elementor-button-text\">D\u00e9roulement des \u00e9preuves<\/span>\n\t\t\t\t\t<\/span>\n\t\t\t\t\t<\/a>\n\t\t\t\t\t\t\t\t<\/div>\n\t\t\t\t<div class=\"elementor-element elementor-element-a1b5ecc elementor-widget elementor-widget-spacer\" data-id=\"a1b5ecc\" data-element_type=\"widget\" data-e-type=\"widget\" data-widget_type=\"spacer.default\">\n\t\t\t\t\t\t\t<div class=\"elementor-spacer\">\n\t\t\t<div class=\"elementor-spacer-inner\"><\/div>\n\t\t<\/div>\n\t\t\t\t\t\t<\/div>\n\t\t\t\t\t<\/div>\n\t\t\t\t<\/div>\n\t\t\t\t<\/div>\n\t\t","protected":false},"excerpt":{"rendered":"<p>Challenge Benjamin(e)s 2026 : Montre ton talent ! Le Challenge Benjamin(e)s, organis\u00e9 en partenariat avec la FFBB et la NBA, est l&rsquo;\u00e9v\u00e9nement incontournable pour les joueurs et joueuses de la [&hellip;]<\/p>\n","protected":false},"author":1,"featured_media":0,"parent":3388,"menu_order":0,"comment_status":"closed","ping_status":"closed","template":"elementor_header_footer","meta":{"footnotes":""},"class_list":["post-3390","page","type-page","status-publish","hentry"],"yoast_head":"<!-- This site is optimized with the Yoast SEO plugin v27.5 - https:\/\/yoast.com\/product\/yoast-seo-wordpress\/ -->\n<title>Challenge Benjamin(e)s U13 | Concours Basket H\u00e9rault - CD34<\/title>\n<meta name=\"description\" content=\"Participez au Challenge Benjamin(e)s dans l&#039;H\u00e9rault. D\u00e9couvrez les 4 \u00e9preuves, les classements et la route vers la finale \u00e0 Paris !\" \/>\n<meta name=\"robots\" content=\"index, follow, max-snippet:-1, max-image-preview:large, max-video-preview:-1\" \/>\n<link rel=\"canonical\" href=\"https:\/\/heraultbasketball.fr\/index.php\/concours\/challenge-benjamins\/\" \/>\n<meta property=\"og:locale\" content=\"fr_FR\" \/>\n<meta property=\"og:type\" content=\"article\" \/>\n<meta property=\"og:title\" content=\"Challenge Benjamin(e)s U13 | Concours Basket H\u00e9rault - CD34\" \/>\n<meta property=\"og:description\" content=\"Participez au Challenge Benjamin(e)s dans l&#039;H\u00e9rault. D\u00e9couvrez les 4 \u00e9preuves, les classements et la route vers la finale \u00e0 Paris !\" \/>\n<meta property=\"og:url\" content=\"https:\/\/heraultbasketball.fr\/index.php\/concours\/challenge-benjamins\/\" \/>\n<meta property=\"og:site_name\" content=\"Comit\u00e9 de l&#039;H\u00e9rault de Basketball\" \/>\n<meta property=\"article:publisher\" content=\"https:\/\/www.facebook.com\/HeraultBasketball\" \/>\n<meta property=\"article:modified_time\" content=\"2026-02-18T10:29:53+00:00\" \/>\n<meta property=\"og:image\" content=\"https:\/\/heraultbasketball.fr\/wp-content\/uploads\/elementor\/thumbs\/WhatsApp-Image-2026-01-16-at-10.42.09-rhqgkaasx21l261oup0dk1eh3o1cwjj1jf55dgf1fg.jpeg\" \/>\n<meta name=\"twitter:card\" content=\"summary_large_image\" \/>\n<meta name=\"twitter:label1\" content=\"Dur\u00e9e de lecture estim\u00e9e\" \/>\n\t<meta name=\"twitter:data1\" content=\"2 minutes\" \/>\n<script type=\"application\/ld+json\" class=\"yoast-schema-graph\">{\"@context\":\"https:\\\/\\\/schema.org\",\"@graph\":[{\"@type\":\"WebPage\",\"@id\":\"https:\\\/\\\/heraultbasketball.fr\\\/index.php\\\/concours\\\/challenge-benjamins\\\/\",\"url\":\"https:\\\/\\\/heraultbasketball.fr\\\/index.php\\\/concours\\\/challenge-benjamins\\\/\",\"name\":\"Challenge Benjamin(e)s U13 | Concours Basket H\u00e9rault - CD34\",\"isPartOf\":{\"@id\":\"https:\\\/\\\/heraultbasketball.fr\\\/#website\"},\"primaryImageOfPage\":{\"@id\":\"https:\\\/\\\/heraultbasketball.fr\\\/index.php\\\/concours\\\/challenge-benjamins\\\/#primaryimage\"},\"image\":{\"@id\":\"https:\\\/\\\/heraultbasketball.fr\\\/index.php\\\/concours\\\/challenge-benjamins\\\/#primaryimage\"},\"thumbnailUrl\":\"https:\\\/\\\/heraultbasketball.fr\\\/wp-content\\\/uploads\\\/elementor\\\/thumbs\\\/WhatsApp-Image-2026-01-16-at-10.42.09-rhqgkaasx21l261oup0dk1eh3o1cwjj1jf55dgf1fg.jpeg\",\"datePublished\":\"2022-11-09T08:49:34+00:00\",\"dateModified\":\"2026-02-18T10:29:53+00:00\",\"description\":\"Participez au Challenge Benjamin(e)s dans l'H\u00e9rault. D\u00e9couvrez les 4 \u00e9preuves, les classements et la route vers la finale \u00e0 Paris !\",\"breadcrumb\":{\"@id\":\"https:\\\/\\\/heraultbasketball.fr\\\/index.php\\\/concours\\\/challenge-benjamins\\\/#breadcrumb\"},\"inLanguage\":\"fr-FR\",\"potentialAction\":[{\"@type\":\"ReadAction\",\"target\":[\"https:\\\/\\\/heraultbasketball.fr\\\/index.php\\\/concours\\\/challenge-benjamins\\\/\"]}]},{\"@type\":\"ImageObject\",\"inLanguage\":\"fr-FR\",\"@id\":\"https:\\\/\\\/heraultbasketball.fr\\\/index.php\\\/concours\\\/challenge-benjamins\\\/#primaryimage\",\"url\":\"https:\\\/\\\/heraultbasketball.fr\\\/wp-content\\\/uploads\\\/elementor\\\/thumbs\\\/WhatsApp-Image-2026-01-16-at-10.42.09-rhqgkaasx21l261oup0dk1eh3o1cwjj1jf55dgf1fg.jpeg\",\"contentUrl\":\"https:\\\/\\\/heraultbasketball.fr\\\/wp-content\\\/uploads\\\/elementor\\\/thumbs\\\/WhatsApp-Image-2026-01-16-at-10.42.09-rhqgkaasx21l261oup0dk1eh3o1cwjj1jf55dgf1fg.jpeg\"},{\"@type\":\"BreadcrumbList\",\"@id\":\"https:\\\/\\\/heraultbasketball.fr\\\/index.php\\\/concours\\\/challenge-benjamins\\\/#breadcrumb\",\"itemListElement\":[{\"@type\":\"ListItem\",\"position\":1,\"name\":\"Accueil\",\"item\":\"https:\\\/\\\/heraultbasketball.fr\\\/\"},{\"@type\":\"ListItem\",\"position\":2,\"name\":\"Concours\",\"item\":\"https:\\\/\\\/heraultbasketball.fr\\\/index.php\\\/jeunesse__trashed\\\/concours\\\/\"},{\"@type\":\"ListItem\",\"position\":3,\"name\":\"Challenge Benjamins\"}]},{\"@type\":\"WebSite\",\"@id\":\"https:\\\/\\\/heraultbasketball.fr\\\/#website\",\"url\":\"https:\\\/\\\/heraultbasketball.fr\\\/\",\"name\":\"Comit\u00e9 de l&#039;H\u00e9rault de Basketball\",\"description\":\"\",\"publisher\":{\"@id\":\"https:\\\/\\\/heraultbasketball.fr\\\/#organization\"},\"potentialAction\":[{\"@type\":\"SearchAction\",\"target\":{\"@type\":\"EntryPoint\",\"urlTemplate\":\"https:\\\/\\\/heraultbasketball.fr\\\/?s={search_term_string}\"},\"query-input\":{\"@type\":\"PropertyValueSpecification\",\"valueRequired\":true,\"valueName\":\"search_term_string\"}}],\"inLanguage\":\"fr-FR\"},{\"@type\":\"Organization\",\"@id\":\"https:\\\/\\\/heraultbasketball.fr\\\/#organization\",\"name\":\"Comit\u00e9 de l'H\u00e9rault de Basketball\",\"url\":\"https:\\\/\\\/heraultbasketball.fr\\\/\",\"logo\":{\"@type\":\"ImageObject\",\"inLanguage\":\"fr-FR\",\"@id\":\"https:\\\/\\\/heraultbasketball.fr\\\/#\\\/schema\\\/logo\\\/image\\\/\",\"url\":\"https:\\\/\\\/heraultbasketball.fr\\\/wp-content\\\/uploads\\\/2022\\\/03\\\/Charte-graphique.png\",\"contentUrl\":\"https:\\\/\\\/heraultbasketball.fr\\\/wp-content\\\/uploads\\\/2022\\\/03\\\/Charte-graphique.png\",\"width\":1414,\"height\":2000,\"caption\":\"Comit\u00e9 de l'H\u00e9rault de Basketball\"},\"image\":{\"@id\":\"https:\\\/\\\/heraultbasketball.fr\\\/#\\\/schema\\\/logo\\\/image\\\/\"},\"sameAs\":[\"https:\\\/\\\/www.facebook.com\\\/HeraultBasketball\",\"https:\\\/\\\/www.instagram.com\\\/heraultbasketball\\\/\"]}]}<\/script>\n<!-- \/ Yoast SEO plugin. -->","yoast_head_json":{"title":"Challenge Benjamin(e)s U13 | Concours Basket H\u00e9rault - CD34","description":"Participez au Challenge Benjamin(e)s dans l'H\u00e9rault. D\u00e9couvrez les 4 \u00e9preuves, les classements et la route vers la finale \u00e0 Paris !","robots":{"index":"index","follow":"follow","max-snippet":"max-snippet:-1","max-image-preview":"max-image-preview:large","max-video-preview":"max-video-preview:-1"},"canonical":"https:\/\/heraultbasketball.fr\/index.php\/concours\/challenge-benjamins\/","og_locale":"fr_FR","og_type":"article","og_title":"Challenge Benjamin(e)s U13 | Concours Basket H\u00e9rault - CD34","og_description":"Participez au Challenge Benjamin(e)s dans l'H\u00e9rault. D\u00e9couvrez les 4 \u00e9preuves, les classements et la route vers la finale \u00e0 Paris !","og_url":"https:\/\/heraultbasketball.fr\/index.php\/concours\/challenge-benjamins\/","og_site_name":"Comit\u00e9 de l&#039;H\u00e9rault de Basketball","article_publisher":"https:\/\/www.facebook.com\/HeraultBasketball","article_modified_time":"2026-02-18T10:29:53+00:00","og_image":[{"url":"https:\/\/heraultbasketball.fr\/wp-content\/uploads\/elementor\/thumbs\/WhatsApp-Image-2026-01-16-at-10.42.09-rhqgkaasx21l261oup0dk1eh3o1cwjj1jf55dgf1fg.jpeg","type":"","width":"","height":""}],"twitter_card":"summary_large_image","twitter_misc":{"Dur\u00e9e de lecture estim\u00e9e":"2 minutes"},"schema":{"@context":"https:\/\/schema.org","@graph":[{"@type":"WebPage","@id":"https:\/\/heraultbasketball.fr\/index.php\/concours\/challenge-benjamins\/","url":"https:\/\/heraultbasketball.fr\/index.php\/concours\/challenge-benjamins\/","name":"Challenge Benjamin(e)s U13 | Concours Basket H\u00e9rault - CD34","isPartOf":{"@id":"https:\/\/heraultbasketball.fr\/#website"},"primaryImageOfPage":{"@id":"https:\/\/heraultbasketball.fr\/index.php\/concours\/challenge-benjamins\/#primaryimage"},"image":{"@id":"https:\/\/heraultbasketball.fr\/index.php\/concours\/challenge-benjamins\/#primaryimage"},"thumbnailUrl":"https:\/\/heraultbasketball.fr\/wp-content\/uploads\/elementor\/thumbs\/WhatsApp-Image-2026-01-16-at-10.42.09-rhqgkaasx21l261oup0dk1eh3o1cwjj1jf55dgf1fg.jpeg","datePublished":"2022-11-09T08:49:34+00:00","dateModified":"2026-02-18T10:29:53+00:00","description":"Participez au Challenge Benjamin(e)s dans l'H\u00e9rault. D\u00e9couvrez les 4 \u00e9preuves, les classements et la route vers la finale \u00e0 Paris !","breadcrumb":{"@id":"https:\/\/heraultbasketball.fr\/index.php\/concours\/challenge-benjamins\/#breadcrumb"},"inLanguage":"fr-FR","potentialAction":[{"@type":"ReadAction","target":["https:\/\/heraultbasketball.fr\/index.php\/concours\/challenge-benjamins\/"]}]},{"@type":"ImageObject","inLanguage":"fr-FR","@id":"https:\/\/heraultbasketball.fr\/index.php\/concours\/challenge-benjamins\/#primaryimage","url":"https:\/\/heraultbasketball.fr\/wp-content\/uploads\/elementor\/thumbs\/WhatsApp-Image-2026-01-16-at-10.42.09-rhqgkaasx21l261oup0dk1eh3o1cwjj1jf55dgf1fg.jpeg","contentUrl":"https:\/\/heraultbasketball.fr\/wp-content\/uploads\/elementor\/thumbs\/WhatsApp-Image-2026-01-16-at-10.42.09-rhqgkaasx21l261oup0dk1eh3o1cwjj1jf55dgf1fg.jpeg"},{"@type":"BreadcrumbList","@id":"https:\/\/heraultbasketball.fr\/index.php\/concours\/challenge-benjamins\/#breadcrumb","itemListElement":[{"@type":"ListItem","position":1,"name":"Accueil","item":"https:\/\/heraultbasketball.fr\/"},{"@type":"ListItem","position":2,"name":"Concours","item":"https:\/\/heraultbasketball.fr\/index.php\/jeunesse__trashed\/concours\/"},{"@type":"ListItem","position":3,"name":"Challenge Benjamins"}]},{"@type":"WebSite","@id":"https:\/\/heraultbasketball.fr\/#website","url":"https:\/\/heraultbasketball.fr\/","name":"Comit\u00e9 de l&#039;H\u00e9rault de Basketball","description":"","publisher":{"@id":"https:\/\/heraultbasketball.fr\/#organization"},"potentialAction":[{"@type":"SearchAction","target":{"@type":"EntryPoint","urlTemplate":"https:\/\/heraultbasketball.fr\/?s={search_term_string}"},"query-input":{"@type":"PropertyValueSpecification","valueRequired":true,"valueName":"search_term_string"}}],"inLanguage":"fr-FR"},{"@type":"Organization","@id":"https:\/\/heraultbasketball.fr\/#organization","name":"Comit\u00e9 de l'H\u00e9rault de Basketball","url":"https:\/\/heraultbasketball.fr\/","logo":{"@type":"ImageObject","inLanguage":"fr-FR","@id":"https:\/\/heraultbasketball.fr\/#\/schema\/logo\/image\/","url":"https:\/\/heraultbasketball.fr\/wp-content\/uploads\/2022\/03\/Charte-graphique.png","contentUrl":"https:\/\/heraultbasketball.fr\/wp-content\/uploads\/2022\/03\/Charte-graphique.png","width":1414,"height":2000,"caption":"Comit\u00e9 de l'H\u00e9rault de Basketball"},"image":{"@id":"https:\/\/heraultbasketball.fr\/#\/schema\/logo\/image\/"},"sameAs":["https:\/\/www.facebook.com\/HeraultBasketball","https:\/\/www.instagram.com\/heraultbasketball\/"]}]}},"_links":{"self":[{"href":"https:\/\/heraultbasketball.fr\/index.php\/wp-json\/wp\/v2\/pages\/3390","targetHints":{"allow":["GET"]}}],"collection":[{"href":"https:\/\/heraultbasketball.fr\/index.php\/wp-json\/wp\/v2\/pages"}],"about":[{"href":"https:\/\/heraultbasketball.fr\/index.php\/wp-json\/wp\/v2\/types\/page"}],"author":[{"embeddable":true,"href":"https:\/\/heraultbasketball.fr\/index.php\/wp-json\/wp\/v2\/users\/1"}],"replies":[{"embeddable":true,"href":"https:\/\/heraultbasketball.fr\/index.php\/wp-json\/wp\/v2\/comments?post=3390"}],"version-history":[{"count":123,"href":"https:\/\/heraultbasketball.fr\/index.php\/wp-json\/wp\/v2\/pages\/3390\/revisions"}],"predecessor-version":[{"id":10217,"href":"https:\/\/heraultbasketball.fr\/index.php\/wp-json\/wp\/v2\/pages\/3390\/revisions\/10217"}],"up":[{"embeddable":true,"href":"https:\/\/heraultbasketball.fr\/index.php\/wp-json\/wp\/v2\/pages\/3388"}],"wp:attachment":[{"href":"https:\/\/heraultbasketball.fr\/index.php\/wp-json\/wp\/v2\/media?parent=3390"}],"curies":[{"name":"wp","href":"https:\/\/api.w.org\/{rel}","templated":true}]}}