{"id":3850,"date":"2023-01-09T09:28:54","date_gmt":"2023-01-09T09:28:54","guid":{"rendered":"https:\/\/heraultbasketball.fr\/?page_id=3850"},"modified":"2026-02-18T10:20:20","modified_gmt":"2026-02-18T10:20:20","slug":"officiels-table-de-marque","status":"publish","type":"page","link":"https:\/\/heraultbasketball.fr\/index.php\/formation\/officiel\/officiels-table-de-marque\/","title":{"rendered":"Officiels Table de Marque"},"content":{"rendered":"\t\t<div data-elementor-type=\"wp-page\" data-elementor-id=\"3850\" class=\"elementor elementor-3850\" data-elementor-settings=\"{&quot;ha_cmc_init_switcher&quot;:&quot;no&quot;}\" data-elementor-post-type=\"page\">\n\t\t\t\t<div class=\"elementor-element elementor-element-3405208 e-flex e-con-boxed e-con e-parent\" data-id=\"3405208\" data-element_type=\"container\" data-e-type=\"container\" data-settings=\"{&quot;_ha_eqh_enable&quot;:false}\">\n\t\t\t\t\t<div class=\"e-con-inner\">\n\t\t\t\t<div class=\"elementor-element elementor-element-7ffacdc elementor-widget elementor-widget-heading\" data-id=\"7ffacdc\" data-element_type=\"widget\" data-e-type=\"widget\" data-widget_type=\"heading.default\">\n\t\t\t\t\t<h1 class=\"elementor-heading-title elementor-size-default\">Qu'est ce qu'un Officiel de Table de Marque ?<\/h1>\t\t\t\t<\/div>\n\t\t\t\t<div class=\"elementor-element elementor-element-2fdc882 elementor-widget elementor-widget-text-editor\" data-id=\"2fdc882\" data-element_type=\"widget\" data-e-type=\"widget\" data-widget_type=\"text-editor.default\">\n\t\t\t\t\t\t\t\t\t<p style=\"text-align: justify;\"><span style=\"font-weight: 400; font-family: georgia, palatino, serif; font-size: 14pt; color: #000000;\">Un Officiel de Table de Marque (O.T.M) est un licenci\u00e9 d\u2019un club affili\u00e9 \u00e0 la F\u00e9d\u00e9ration Fran\u00e7aise de BasketBall.\u00a0<\/span><\/p><p style=\"text-align: justify;\"><span style=\"font-weight: 400; font-family: georgia, palatino, serif; font-size: 14pt; color: #000000;\">L&rsquo;OTM Pour tous les championnats \u00e0 d\u00e9signation, les Officiels Table de Marque sont tenus \u00e0 une formation officielle qui leur est propos\u00e9e par des formations de club, de secteur g\u00e9ographique ou de d\u00e9partement. Des examens ou habilitations sanctionnent le niveau obtenu permettant d\u2019\u00e9voluer officiellement dans des championnats d\u00e9finis.<\/span><\/p><p style=\"text-align: justify;\"><span style=\"font-weight: 400; font-family: georgia, palatino, serif; font-size: 14pt; color: #000000;\">L&rsquo;int\u00e9r\u00eat de devenir un Officiel de Table de Marque est de devenir un acteur majeur de son club en faisant vivre le basket \u00e0 travers les missions annexes en dehors du terrain. C&rsquo;est aussi une exp\u00e9rience vivifiante pour les licenci\u00e9s qui leur permet de toucher \u00e0 tous les aspects du Basketball !<\/span><\/p>\t\t\t\t\t\t\t\t<\/div>\n\t\t\t\t<div class=\"elementor-element elementor-element-799abac elementor-widget elementor-widget-spacer\" data-id=\"799abac\" data-element_type=\"widget\" data-e-type=\"widget\" data-widget_type=\"spacer.default\">\n\t\t\t\t\t\t\t<div class=\"elementor-spacer\">\n\t\t\t<div class=\"elementor-spacer-inner\"><\/div>\n\t\t<\/div>\n\t\t\t\t\t\t<\/div>\n\t\t\t\t<div class=\"elementor-element elementor-element-e09cf7c elementor-widget elementor-widget-heading\" data-id=\"e09cf7c\" data-element_type=\"widget\" data-e-type=\"widget\" data-widget_type=\"heading.default\">\n\t\t\t\t\t<h2 class=\"elementor-heading-title elementor-size-default\">Comment devenir Officiel Table de Marque ?<\/h2>\t\t\t\t<\/div>\n\t\t\t\t<div class=\"elementor-element elementor-element-b4b83d9 elementor-align-center elementor-widget elementor-widget-button\" data-id=\"b4b83d9\" data-element_type=\"widget\" data-e-type=\"widget\" data-widget_type=\"button.default\">\n\t\t\t\t\t\t\t\t\t\t<a class=\"elementor-button elementor-button-link elementor-size-sm\" href=\"https:\/\/www.ffbb.com\/formation-otm\">\n\t\t\t\t\t\t<span class=\"elementor-button-content-wrapper\">\n\t\t\t\t\t\t\t\t\t<span class=\"elementor-button-text\">Cliquer ici<\/span>\n\t\t\t\t\t<\/span>\n\t\t\t\t\t<\/a>\n\t\t\t\t\t\t\t\t<\/div>\n\t\t\t\t<div class=\"elementor-element elementor-element-878ec46 elementor-widget-divider--view-line elementor-widget elementor-widget-divider\" data-id=\"878ec46\" data-element_type=\"widget\" data-e-type=\"widget\" data-widget_type=\"divider.default\">\n\t\t\t\t\t\t\t<div class=\"elementor-divider\">\n\t\t\t<span class=\"elementor-divider-separator\">\n\t\t\t\t\t\t<\/span>\n\t\t<\/div>\n\t\t\t\t\t\t<\/div>\n\t\t\t\t\t<\/div>\n\t\t\t\t<\/div>\n\t\t<div class=\"elementor-element elementor-element-bd5e235 e-flex e-con-boxed e-con e-parent\" data-id=\"bd5e235\" data-element_type=\"container\" data-e-type=\"container\" data-settings=\"{&quot;_ha_eqh_enable&quot;:false}\">\n\t\t\t\t\t<div class=\"e-con-inner\">\n\t\t\t\t<div class=\"elementor-element elementor-element-49dd7a2 elementor-widget elementor-widget-heading\" data-id=\"49dd7a2\" data-element_type=\"widget\" data-e-type=\"widget\" data-widget_type=\"heading.default\">\n\t\t\t\t\t<h2 class=\"elementor-heading-title elementor-size-default\">La Formation du Comit\u00e9<\/h2>\t\t\t\t<\/div>\n\t\t\t\t\t<\/div>\n\t\t\t\t<\/div>\n\t\t<div class=\"elementor-element elementor-element-e005d7f e-flex e-con-boxed e-con e-parent\" data-id=\"e005d7f\" data-element_type=\"container\" data-e-type=\"container\" data-settings=\"{&quot;_ha_eqh_enable&quot;:false}\">\n\t\t\t\t\t<div class=\"e-con-inner\">\n\t\t\t\t<div class=\"elementor-element elementor-element-5549bfc elementor-widget elementor-widget-image\" data-id=\"5549bfc\" data-element_type=\"widget\" data-e-type=\"widget\" data-widget_type=\"image.default\">\n\t\t\t\t\t\t\t\t\t\t\t\t\t\t\t<img decoding=\"async\" src=\"https:\/\/heraultbasketball.fr\/wp-content\/uploads\/2025\/10\/afficheOTM_page-0001.jpg\" title=\"afficheOTM_page-0001\" alt=\"afficheOTM_page-0001\" loading=\"lazy\" \/>\t\t\t\t\t\t\t\t\t\t\t\t\t\t\t<\/div>\n\t\t\t\t\t<\/div>\n\t\t\t\t<\/div>\n\t\t<div class=\"elementor-element elementor-element-98f58b4 e-flex e-con-boxed e-con e-parent\" data-id=\"98f58b4\" data-element_type=\"container\" data-e-type=\"container\" data-settings=\"{&quot;_ha_eqh_enable&quot;:false}\">\n\t\t\t\t\t<div class=\"e-con-inner\">\n\t\t\t\t<div class=\"elementor-element elementor-element-f9bc1b5 elementor-widget elementor-widget-spacer\" data-id=\"f9bc1b5\" data-element_type=\"widget\" data-e-type=\"widget\" data-widget_type=\"spacer.default\">\n\t\t\t\t\t\t\t<div class=\"elementor-spacer\">\n\t\t\t<div class=\"elementor-spacer-inner\"><\/div>\n\t\t<\/div>\n\t\t\t\t\t\t<\/div>\n\t\t\t\t\t<\/div>\n\t\t\t\t<\/div>\n\t\t<div class=\"elementor-element elementor-element-7c54ecb e-flex e-con-boxed e-con e-parent\" data-id=\"7c54ecb\" data-element_type=\"container\" data-e-type=\"container\" data-settings=\"{&quot;_ha_eqh_enable&quot;:false}\">\n\t\t\t\t\t<div class=\"e-con-inner\">\n\t\t\t\t<div class=\"elementor-element elementor-element-7503a5a elementor-widget elementor-widget-heading\" data-id=\"7503a5a\" data-element_type=\"widget\" data-e-type=\"widget\" data-widget_type=\"heading.default\">\n\t\t\t\t\t<h2 class=\"elementor-heading-title elementor-size-default\">Inscription<\/h2>\t\t\t\t<\/div>\n\t\t\t\t\t<\/div>\n\t\t\t\t<\/div>\n\t\t<div class=\"elementor-element elementor-element-07d3e02 e-flex e-con-boxed e-con e-parent\" data-id=\"07d3e02\" data-element_type=\"container\" data-e-type=\"container\" data-settings=\"{&quot;_ha_eqh_enable&quot;:false}\">\n\t\t\t\t\t<div class=\"e-con-inner\">\n\t\t\t\t<div class=\"elementor-element elementor-element-e1e4870 elementor-widget elementor-widget-shortcode\" data-id=\"e1e4870\" data-element_type=\"widget\" data-e-type=\"widget\" data-widget_type=\"shortcode.default\">\n\t\t\t\t\t\t\t<div class=\"elementor-shortcode\"><iframe src=\"https:\/\/docs.google.com\/forms\/d\/e\/1FAIpQLScVbOvohQRNdy2s2K1cAIicKRIrCHS1xV8BtpoW-0gopgM6Og\/viewform?embedded=true\" width=\"640\" height=\"1280\" frameborder=\"0\" marginheight=\"0\" marginwidth=\"0\">Chargement\u2026<\/iframe><\/div>\n\t\t\t\t\t\t<\/div>\n\t\t\t\t\t<\/div>\n\t\t\t\t<\/div>\n\t\t\t\t<\/div>\n\t\t","protected":false},"excerpt":{"rendered":"<p>Qu&rsquo;est ce qu&rsquo;un Officiel de Table de Marque ? Un Officiel de Table de Marque (O.T.M) est un licenci\u00e9 d\u2019un club affili\u00e9 \u00e0 la F\u00e9d\u00e9ration Fran\u00e7aise de BasketBall.\u00a0 L&rsquo;OTM Pour [&hellip;]<\/p>\n","protected":false},"author":1,"featured_media":0,"parent":86,"menu_order":0,"comment_status":"closed","ping_status":"closed","template":"elementor_header_footer","meta":{"footnotes":""},"class_list":["post-3850","page","type-page","status-publish","hentry"],"yoast_head":"<!-- This site is optimized with the Yoast SEO plugin v27.5 - https:\/\/yoast.com\/product\/yoast-seo-wordpress\/ -->\n<title>Officiels Table de Marque - Comit\u00e9 de l&#039;H\u00e9rault de Basketball<\/title>\n<meta name=\"description\" content=\"Le Comit\u00e9 de l&#039;H\u00e9rault de Basketball permet aux licenci\u00e9s de devenir un acteur de son club en devenant officiels table de marque !\" \/>\n<meta name=\"robots\" content=\"index, follow, max-snippet:-1, max-image-preview:large, max-video-preview:-1\" \/>\n<link rel=\"canonical\" href=\"https:\/\/heraultbasketball.fr\/index.php\/formation\/officiel\/officiels-table-de-marque\/\" \/>\n<meta property=\"og:locale\" content=\"fr_FR\" \/>\n<meta property=\"og:type\" content=\"article\" \/>\n<meta property=\"og:title\" content=\"Officiels Table de Marque - Comit\u00e9 de l&#039;H\u00e9rault de Basketball\" \/>\n<meta property=\"og:description\" content=\"Le Comit\u00e9 de l&#039;H\u00e9rault de Basketball permet aux licenci\u00e9s de devenir un acteur de son club en devenant officiels table de marque !\" \/>\n<meta property=\"og:url\" content=\"https:\/\/heraultbasketball.fr\/index.php\/formation\/officiel\/officiels-table-de-marque\/\" \/>\n<meta property=\"og:site_name\" content=\"Comit\u00e9 de l&#039;H\u00e9rault de Basketball\" \/>\n<meta property=\"article:publisher\" content=\"https:\/\/www.facebook.com\/HeraultBasketball\" \/>\n<meta property=\"article:modified_time\" content=\"2026-02-18T10:20:20+00:00\" \/>\n<meta property=\"og:image\" content=\"https:\/\/heraultbasketball.fr\/wp-content\/uploads\/2025\/10\/afficheOTM_page-0001.jpg\" \/>\n<meta name=\"twitter:card\" content=\"summary_large_image\" \/>\n<meta name=\"twitter:label1\" content=\"Dur\u00e9e de lecture estim\u00e9e\" \/>\n\t<meta name=\"twitter:data1\" content=\"1 minute\" \/>\n<script type=\"application\/ld+json\" class=\"yoast-schema-graph\">{\"@context\":\"https:\\\/\\\/schema.org\",\"@graph\":[{\"@type\":\"WebPage\",\"@id\":\"https:\\\/\\\/heraultbasketball.fr\\\/index.php\\\/formation\\\/officiel\\\/officiels-table-de-marque\\\/\",\"url\":\"https:\\\/\\\/heraultbasketball.fr\\\/index.php\\\/formation\\\/officiel\\\/officiels-table-de-marque\\\/\",\"name\":\"Officiels Table de Marque - Comit\u00e9 de l&#039;H\u00e9rault de Basketball\",\"isPartOf\":{\"@id\":\"https:\\\/\\\/heraultbasketball.fr\\\/#website\"},\"primaryImageOfPage\":{\"@id\":\"https:\\\/\\\/heraultbasketball.fr\\\/index.php\\\/formation\\\/officiel\\\/officiels-table-de-marque\\\/#primaryimage\"},\"image\":{\"@id\":\"https:\\\/\\\/heraultbasketball.fr\\\/index.php\\\/formation\\\/officiel\\\/officiels-table-de-marque\\\/#primaryimage\"},\"thumbnailUrl\":\"https:\\\/\\\/heraultbasketball.fr\\\/wp-content\\\/uploads\\\/2025\\\/10\\\/afficheOTM_page-0001.jpg\",\"datePublished\":\"2023-01-09T09:28:54+00:00\",\"dateModified\":\"2026-02-18T10:20:20+00:00\",\"description\":\"Le Comit\u00e9 de l&#039;H\u00e9rault de Basketball permet aux licenci\u00e9s de devenir un acteur de son club en devenant officiels table de marque !\",\"breadcrumb\":{\"@id\":\"https:\\\/\\\/heraultbasketball.fr\\\/index.php\\\/formation\\\/officiel\\\/officiels-table-de-marque\\\/#breadcrumb\"},\"inLanguage\":\"fr-FR\",\"potentialAction\":[{\"@type\":\"ReadAction\",\"target\":[\"https:\\\/\\\/heraultbasketball.fr\\\/index.php\\\/formation\\\/officiel\\\/officiels-table-de-marque\\\/\"]}]},{\"@type\":\"ImageObject\",\"inLanguage\":\"fr-FR\",\"@id\":\"https:\\\/\\\/heraultbasketball.fr\\\/index.php\\\/formation\\\/officiel\\\/officiels-table-de-marque\\\/#primaryimage\",\"url\":\"https:\\\/\\\/heraultbasketball.fr\\\/wp-content\\\/uploads\\\/2025\\\/10\\\/afficheOTM_page-0001.jpg\",\"contentUrl\":\"https:\\\/\\\/heraultbasketball.fr\\\/wp-content\\\/uploads\\\/2025\\\/10\\\/afficheOTM_page-0001.jpg\",\"width\":1241,\"height\":1755},{\"@type\":\"BreadcrumbList\",\"@id\":\"https:\\\/\\\/heraultbasketball.fr\\\/index.php\\\/formation\\\/officiel\\\/officiels-table-de-marque\\\/#breadcrumb\",\"itemListElement\":[{\"@type\":\"ListItem\",\"position\":1,\"name\":\"Accueil\",\"item\":\"https:\\\/\\\/heraultbasketball.fr\\\/\"},{\"@type\":\"ListItem\",\"position\":2,\"name\":\"Formation\",\"item\":\"https:\\\/\\\/heraultbasketball.fr\\\/index.php\\\/formation\\\/\"},{\"@type\":\"ListItem\",\"position\":3,\"name\":\"Officiel\",\"item\":\"https:\\\/\\\/heraultbasketball.fr\\\/index.php\\\/formation\\\/officiel\\\/\"},{\"@type\":\"ListItem\",\"position\":4,\"name\":\"Officiels Table de Marque\"}]},{\"@type\":\"WebSite\",\"@id\":\"https:\\\/\\\/heraultbasketball.fr\\\/#website\",\"url\":\"https:\\\/\\\/heraultbasketball.fr\\\/\",\"name\":\"Comit\u00e9 de l&#039;H\u00e9rault de Basketball\",\"description\":\"\",\"publisher\":{\"@id\":\"https:\\\/\\\/heraultbasketball.fr\\\/#organization\"},\"potentialAction\":[{\"@type\":\"SearchAction\",\"target\":{\"@type\":\"EntryPoint\",\"urlTemplate\":\"https:\\\/\\\/heraultbasketball.fr\\\/?s={search_term_string}\"},\"query-input\":{\"@type\":\"PropertyValueSpecification\",\"valueRequired\":true,\"valueName\":\"search_term_string\"}}],\"inLanguage\":\"fr-FR\"},{\"@type\":\"Organization\",\"@id\":\"https:\\\/\\\/heraultbasketball.fr\\\/#organization\",\"name\":\"Comit\u00e9 de l'H\u00e9rault de Basketball\",\"url\":\"https:\\\/\\\/heraultbasketball.fr\\\/\",\"logo\":{\"@type\":\"ImageObject\",\"inLanguage\":\"fr-FR\",\"@id\":\"https:\\\/\\\/heraultbasketball.fr\\\/#\\\/schema\\\/logo\\\/image\\\/\",\"url\":\"https:\\\/\\\/heraultbasketball.fr\\\/wp-content\\\/uploads\\\/2022\\\/03\\\/Charte-graphique.png\",\"contentUrl\":\"https:\\\/\\\/heraultbasketball.fr\\\/wp-content\\\/uploads\\\/2022\\\/03\\\/Charte-graphique.png\",\"width\":1414,\"height\":2000,\"caption\":\"Comit\u00e9 de l'H\u00e9rault de Basketball\"},\"image\":{\"@id\":\"https:\\\/\\\/heraultbasketball.fr\\\/#\\\/schema\\\/logo\\\/image\\\/\"},\"sameAs\":[\"https:\\\/\\\/www.facebook.com\\\/HeraultBasketball\",\"https:\\\/\\\/www.instagram.com\\\/heraultbasketball\\\/\"]}]}<\/script>\n<!-- \/ Yoast SEO plugin. -->","yoast_head_json":{"title":"Officiels Table de Marque - Comit\u00e9 de l&#039;H\u00e9rault de Basketball","description":"Le Comit\u00e9 de l&#039;H\u00e9rault de Basketball permet aux licenci\u00e9s de devenir un acteur de son club en devenant officiels table de marque !","robots":{"index":"index","follow":"follow","max-snippet":"max-snippet:-1","max-image-preview":"max-image-preview:large","max-video-preview":"max-video-preview:-1"},"canonical":"https:\/\/heraultbasketball.fr\/index.php\/formation\/officiel\/officiels-table-de-marque\/","og_locale":"fr_FR","og_type":"article","og_title":"Officiels Table de Marque - Comit\u00e9 de l&#039;H\u00e9rault de Basketball","og_description":"Le Comit\u00e9 de l&#039;H\u00e9rault de Basketball permet aux licenci\u00e9s de devenir un acteur de son club en devenant officiels table de marque !","og_url":"https:\/\/heraultbasketball.fr\/index.php\/formation\/officiel\/officiels-table-de-marque\/","og_site_name":"Comit\u00e9 de l&#039;H\u00e9rault de Basketball","article_publisher":"https:\/\/www.facebook.com\/HeraultBasketball","article_modified_time":"2026-02-18T10:20:20+00:00","og_image":[{"url":"https:\/\/heraultbasketball.fr\/wp-content\/uploads\/2025\/10\/afficheOTM_page-0001.jpg","type":"","width":"","height":""}],"twitter_card":"summary_large_image","twitter_misc":{"Dur\u00e9e de lecture estim\u00e9e":"1 minute"},"schema":{"@context":"https:\/\/schema.org","@graph":[{"@type":"WebPage","@id":"https:\/\/heraultbasketball.fr\/index.php\/formation\/officiel\/officiels-table-de-marque\/","url":"https:\/\/heraultbasketball.fr\/index.php\/formation\/officiel\/officiels-table-de-marque\/","name":"Officiels Table de Marque - Comit\u00e9 de l&#039;H\u00e9rault de Basketball","isPartOf":{"@id":"https:\/\/heraultbasketball.fr\/#website"},"primaryImageOfPage":{"@id":"https:\/\/heraultbasketball.fr\/index.php\/formation\/officiel\/officiels-table-de-marque\/#primaryimage"},"image":{"@id":"https:\/\/heraultbasketball.fr\/index.php\/formation\/officiel\/officiels-table-de-marque\/#primaryimage"},"thumbnailUrl":"https:\/\/heraultbasketball.fr\/wp-content\/uploads\/2025\/10\/afficheOTM_page-0001.jpg","datePublished":"2023-01-09T09:28:54+00:00","dateModified":"2026-02-18T10:20:20+00:00","description":"Le Comit\u00e9 de l&#039;H\u00e9rault de Basketball permet aux licenci\u00e9s de devenir un acteur de son club en devenant officiels table de marque !","breadcrumb":{"@id":"https:\/\/heraultbasketball.fr\/index.php\/formation\/officiel\/officiels-table-de-marque\/#breadcrumb"},"inLanguage":"fr-FR","potentialAction":[{"@type":"ReadAction","target":["https:\/\/heraultbasketball.fr\/index.php\/formation\/officiel\/officiels-table-de-marque\/"]}]},{"@type":"ImageObject","inLanguage":"fr-FR","@id":"https:\/\/heraultbasketball.fr\/index.php\/formation\/officiel\/officiels-table-de-marque\/#primaryimage","url":"https:\/\/heraultbasketball.fr\/wp-content\/uploads\/2025\/10\/afficheOTM_page-0001.jpg","contentUrl":"https:\/\/heraultbasketball.fr\/wp-content\/uploads\/2025\/10\/afficheOTM_page-0001.jpg","width":1241,"height":1755},{"@type":"BreadcrumbList","@id":"https:\/\/heraultbasketball.fr\/index.php\/formation\/officiel\/officiels-table-de-marque\/#breadcrumb","itemListElement":[{"@type":"ListItem","position":1,"name":"Accueil","item":"https:\/\/heraultbasketball.fr\/"},{"@type":"ListItem","position":2,"name":"Formation","item":"https:\/\/heraultbasketball.fr\/index.php\/formation\/"},{"@type":"ListItem","position":3,"name":"Officiel","item":"https:\/\/heraultbasketball.fr\/index.php\/formation\/officiel\/"},{"@type":"ListItem","position":4,"name":"Officiels Table de Marque"}]},{"@type":"WebSite","@id":"https:\/\/heraultbasketball.fr\/#website","url":"https:\/\/heraultbasketball.fr\/","name":"Comit\u00e9 de l&#039;H\u00e9rault de Basketball","description":"","publisher":{"@id":"https:\/\/heraultbasketball.fr\/#organization"},"potentialAction":[{"@type":"SearchAction","target":{"@type":"EntryPoint","urlTemplate":"https:\/\/heraultbasketball.fr\/?s={search_term_string}"},"query-input":{"@type":"PropertyValueSpecification","valueRequired":true,"valueName":"search_term_string"}}],"inLanguage":"fr-FR"},{"@type":"Organization","@id":"https:\/\/heraultbasketball.fr\/#organization","name":"Comit\u00e9 de l'H\u00e9rault de Basketball","url":"https:\/\/heraultbasketball.fr\/","logo":{"@type":"ImageObject","inLanguage":"fr-FR","@id":"https:\/\/heraultbasketball.fr\/#\/schema\/logo\/image\/","url":"https:\/\/heraultbasketball.fr\/wp-content\/uploads\/2022\/03\/Charte-graphique.png","contentUrl":"https:\/\/heraultbasketball.fr\/wp-content\/uploads\/2022\/03\/Charte-graphique.png","width":1414,"height":2000,"caption":"Comit\u00e9 de l'H\u00e9rault de Basketball"},"image":{"@id":"https:\/\/heraultbasketball.fr\/#\/schema\/logo\/image\/"},"sameAs":["https:\/\/www.facebook.com\/HeraultBasketball","https:\/\/www.instagram.com\/heraultbasketball\/"]}]}},"_links":{"self":[{"href":"https:\/\/heraultbasketball.fr\/index.php\/wp-json\/wp\/v2\/pages\/3850","targetHints":{"allow":["GET"]}}],"collection":[{"href":"https:\/\/heraultbasketball.fr\/index.php\/wp-json\/wp\/v2\/pages"}],"about":[{"href":"https:\/\/heraultbasketball.fr\/index.php\/wp-json\/wp\/v2\/types\/page"}],"author":[{"embeddable":true,"href":"https:\/\/heraultbasketball.fr\/index.php\/wp-json\/wp\/v2\/users\/1"}],"replies":[{"embeddable":true,"href":"https:\/\/heraultbasketball.fr\/index.php\/wp-json\/wp\/v2\/comments?post=3850"}],"version-history":[{"count":38,"href":"https:\/\/heraultbasketball.fr\/index.php\/wp-json\/wp\/v2\/pages\/3850\/revisions"}],"predecessor-version":[{"id":10198,"href":"https:\/\/heraultbasketball.fr\/index.php\/wp-json\/wp\/v2\/pages\/3850\/revisions\/10198"}],"up":[{"embeddable":true,"href":"https:\/\/heraultbasketball.fr\/index.php\/wp-json\/wp\/v2\/pages\/86"}],"wp:attachment":[{"href":"https:\/\/heraultbasketball.fr\/index.php\/wp-json\/wp\/v2\/media?parent=3850"}],"curies":[{"name":"wp","href":"https:\/\/api.w.org\/{rel}","templated":true}]}}