{"id":415,"date":"2022-02-19T11:36:57","date_gmt":"2022-02-19T11:36:57","guid":{"rendered":"https:\/\/heraultbasketball.fr\/?page_id=415"},"modified":"2026-02-16T13:39:13","modified_gmt":"2026-02-16T13:39:13","slug":"reglement","status":"publish","type":"page","link":"https:\/\/heraultbasketball.fr\/index.php\/reglement\/","title":{"rendered":"R\u00e8glement"},"content":{"rendered":"\t\t<div data-elementor-type=\"wp-page\" data-elementor-id=\"415\" class=\"elementor elementor-415\" data-elementor-settings=\"{&quot;ha_cmc_init_switcher&quot;:&quot;no&quot;}\" data-elementor-post-type=\"page\">\n\t\t\t\t\t\t<section class=\"elementor-section elementor-top-section elementor-element elementor-element-a9531bf elementor-section-boxed elementor-section-height-default elementor-section-height-default\" data-id=\"a9531bf\" data-element_type=\"section\" data-e-type=\"section\" data-settings=\"{&quot;_ha_eqh_enable&quot;:false}\">\n\t\t\t\t\t\t<div class=\"elementor-container elementor-column-gap-default\">\n\t\t\t\t\t<div class=\"elementor-column elementor-col-100 elementor-top-column elementor-element elementor-element-0e93e44\" data-id=\"0e93e44\" data-element_type=\"column\" data-e-type=\"column\">\n\t\t\t<div class=\"elementor-widget-wrap elementor-element-populated\">\n\t\t\t\t\t\t<div class=\"elementor-element elementor-element-52abe5e elementor-widget elementor-widget-heading\" data-id=\"52abe5e\" data-element_type=\"widget\" data-e-type=\"widget\" data-widget_type=\"heading.default\">\n\t\t\t\t\t<h2 class=\"elementor-heading-title elementor-size-default\">R\u00e8glements Sportifs G\u00e9n\u00e9raux<\/h2>\t\t\t\t<\/div>\n\t\t\t\t<div class=\"elementor-element elementor-element-1373f1d elementor-widget elementor-widget-image\" data-id=\"1373f1d\" data-element_type=\"widget\" data-e-type=\"widget\" data-widget_type=\"image.default\">\n\t\t\t\t\t\t\t\t\t\t\t\t\t\t\t\t<a href=\"https:\/\/heraultbasketball.fr\/wp-content\/uploads\/2026\/02\/Reglements_sportifs_generaux_CD34-2025-2026.pdf\" target=\"_blank\">\n\t\t\t\t\t\t\t<img fetchpriority=\"high\" decoding=\"async\" width=\"1024\" height=\"585\" src=\"https:\/\/heraultbasketball.fr\/wp-content\/uploads\/2026\/01\/CAHIERS-DES-CHARGES-1-1024x585.png\" class=\"attachment-large size-large wp-image-8684\" alt=\"T\u00e9l\u00e9chargement des r\u00e8glements sportifs g\u00e9n\u00e9raux du Comit\u00e9 de l&#039;H\u00e9rault de Basketball\" srcset=\"https:\/\/heraultbasketball.fr\/wp-content\/uploads\/2026\/01\/CAHIERS-DES-CHARGES-1-1024x585.png 1024w, https:\/\/heraultbasketball.fr\/wp-content\/uploads\/2026\/01\/CAHIERS-DES-CHARGES-1-300x171.png 300w, https:\/\/heraultbasketball.fr\/wp-content\/uploads\/2026\/01\/CAHIERS-DES-CHARGES-1-768x439.png 768w, https:\/\/heraultbasketball.fr\/wp-content\/uploads\/2026\/01\/CAHIERS-DES-CHARGES-1-600x343.png 600w, https:\/\/heraultbasketball.fr\/wp-content\/uploads\/2026\/01\/CAHIERS-DES-CHARGES-1.png 1050w\" sizes=\"(max-width: 1024px) 100vw, 1024px\" \/>\t\t\t\t\t\t\t\t<\/a>\n\t\t\t\t\t\t\t\t\t\t\t\t\t\t\t<\/div>\n\t\t\t\t<div class=\"elementor-element elementor-element-23b751a elementor-widget elementor-widget-spacer\" data-id=\"23b751a\" data-element_type=\"widget\" data-e-type=\"widget\" data-widget_type=\"spacer.default\">\n\t\t\t\t\t\t\t<div class=\"elementor-spacer\">\n\t\t\t<div class=\"elementor-spacer-inner\"><\/div>\n\t\t<\/div>\n\t\t\t\t\t\t<\/div>\n\t\t\t\t<div class=\"elementor-element elementor-element-240e353 elementor-widget elementor-widget-heading\" data-id=\"240e353\" data-element_type=\"widget\" data-e-type=\"widget\" data-widget_type=\"heading.default\">\n\t\t\t\t\t<h2 class=\"elementor-heading-title elementor-size-default\">R\u00e8glements Sportifs Particuliers F\u00e9minins<\/h2>\t\t\t\t<\/div>\n\t\t\t\t<div class=\"elementor-element elementor-element-443391b elementor-widget elementor-widget-text-editor\" data-id=\"443391b\" data-element_type=\"widget\" data-e-type=\"widget\" data-widget_type=\"text-editor.default\">\n\t\t\t\t\t\t\t\t\t<p><span style=\"font-size: 14pt;\">Retrouvez la pr\u00e9sentation des championnats d\u00e9partementaux f\u00e9minins<\/span><\/p>\t\t\t\t\t\t\t\t<\/div>\n\t\t\t\t<div class=\"elementor-element elementor-element-1a4b393 elementor--h-position-center elementor--v-position-middle elementor-arrows-position-inside elementor-pagination-position-inside elementor-widget elementor-widget-slides\" data-id=\"1a4b393\" data-element_type=\"widget\" data-e-type=\"widget\" data-settings=\"{&quot;navigation&quot;:&quot;both&quot;,&quot;autoplay&quot;:&quot;yes&quot;,&quot;pause_on_hover&quot;:&quot;yes&quot;,&quot;pause_on_interaction&quot;:&quot;yes&quot;,&quot;autoplay_speed&quot;:5000,&quot;infinite&quot;:&quot;yes&quot;,&quot;transition&quot;:&quot;slide&quot;,&quot;transition_speed&quot;:500}\" data-widget_type=\"slides.default\">\n\t\t\t\t\t\t\t\t\t\t<div class=\"elementor-slides-wrapper elementor-main-swiper swiper\" role=\"region\" aria-roledescription=\"carousel\" aria-label=\"Diapositives\" dir=\"ltr\" data-animation=\"fadeInUp\">\n\t\t\t\t<div class=\"swiper-wrapper elementor-slides\">\n\t\t\t\t\t\t\t\t\t\t<div class=\"elementor-repeater-item-93316e2 swiper-slide\" role=\"group\" aria-roledescription=\"slide\"><div class=\"swiper-slide-bg\" role=\"img\" aria-label=\"NEWSLETTER (1)\"><\/div><div class=\"swiper-slide-inner\" ><div class=\"swiper-slide-contents\"><a href=\"https:\/\/heraultbasketball.fr\/wp-content\/uploads\/2025\/11\/Presentation-Championnat-U11F.pdf\" target=\"_blank\" class=\"elementor-button elementor-slide-button elementor-size-sm\">Cliquer ici<\/a><\/div><\/div><\/div><div class=\"elementor-repeater-item-1162c9e swiper-slide\" role=\"group\" aria-roledescription=\"slide\"><div class=\"swiper-slide-bg\" role=\"img\" aria-label=\"27\"><\/div><div class=\"swiper-slide-inner\" ><div class=\"swiper-slide-contents\"><a href=\"https:\/\/heraultbasketball.fr\/wp-content\/uploads\/2025\/12\/Presentation-Championnat-U13F.pdf\" target=\"_blank\" class=\"elementor-button elementor-slide-button elementor-size-sm\">Cliquer ici<\/a><\/div><\/div><\/div><div class=\"elementor-repeater-item-da2ed9a swiper-slide\" role=\"group\" aria-roledescription=\"slide\"><div class=\"swiper-slide-bg\" role=\"img\" aria-label=\"28\"><\/div><div class=\"swiper-slide-inner\" ><div class=\"swiper-slide-contents\"><a href=\"https:\/\/heraultbasketball.fr\/wp-content\/uploads\/2025\/11\/Presentation-Championnat-U15F.pdf\" target=\"_blank\" class=\"elementor-button elementor-slide-button elementor-size-sm\">Cliquer ici<\/a><\/div><\/div><\/div><div class=\"elementor-repeater-item-fec94ae swiper-slide\" role=\"group\" aria-roledescription=\"slide\"><div class=\"swiper-slide-bg\" role=\"img\" aria-label=\"29\"><\/div><div class=\"swiper-slide-inner\" ><div class=\"swiper-slide-contents\"><a href=\"https:\/\/heraultbasketball.fr\/wp-content\/uploads\/2025\/11\/Presentation-Championnat-U18F.pdf\" target=\"_blank\" class=\"elementor-button elementor-slide-button elementor-size-sm\">Cliquer ici<\/a><\/div><\/div><\/div><div class=\"elementor-repeater-item-c660a05 swiper-slide\" role=\"group\" aria-roledescription=\"slide\"><div class=\"swiper-slide-bg\" role=\"img\" aria-label=\"30\"><\/div><div class=\"swiper-slide-inner\" ><div class=\"swiper-slide-contents\"><a href=\"https:\/\/heraultbasketball.fr\/wp-content\/uploads\/2025\/12\/2025-2026-RSP-Seniors-Feminins-CD34-v2.pdf\" target=\"_blank\" class=\"elementor-button elementor-slide-button elementor-size-sm\">Cliquer ici<\/a><\/div><\/div><\/div>\t\t\t\t<\/div>\n\t\t\t\t\t\t\t\t\t\t\t\t\t\t\t<div class=\"elementor-swiper-button elementor-swiper-button-prev\" role=\"button\" tabindex=\"0\" aria-label=\"Diapositive pr\u00e9c\u00e9dente\">\n\t\t\t\t\t\t\t<svg aria-hidden=\"true\" class=\"e-font-icon-svg e-eicon-chevron-left\" viewBox=\"0 0 1000 1000\" xmlns=\"http:\/\/www.w3.org\/2000\/svg\"><path d=\"M646 125C629 125 613 133 604 142L308 442C296 454 292 471 292 487 292 504 296 521 308 533L604 854C617 867 629 875 646 875 663 875 679 871 692 858 704 846 713 829 713 812 713 796 708 779 692 767L438 487 692 225C700 217 708 204 708 187 708 171 704 154 692 142 675 129 663 125 646 125Z\"><\/path><\/svg>\t\t\t\t\t\t<\/div>\n\t\t\t\t\t\t<div class=\"elementor-swiper-button elementor-swiper-button-next\" role=\"button\" tabindex=\"0\" aria-label=\"Diapositive suivante\">\n\t\t\t\t\t\t\t<svg aria-hidden=\"true\" class=\"e-font-icon-svg e-eicon-chevron-right\" viewBox=\"0 0 1000 1000\" xmlns=\"http:\/\/www.w3.org\/2000\/svg\"><path d=\"M696 533C708 521 713 504 713 487 713 471 708 454 696 446L400 146C388 133 375 125 354 125 338 125 325 129 313 142 300 154 292 171 292 187 292 204 296 221 308 233L563 492 304 771C292 783 288 800 288 817 288 833 296 850 308 863 321 871 338 875 354 875 371 875 388 867 400 854L696 533Z\"><\/path><\/svg>\t\t\t\t\t\t<\/div>\n\t\t\t\t\t\t\t\t\t\t\t\t\t\t\t\t<div class=\"swiper-pagination\"><\/div>\n\t\t\t\t\t\t\t\t\t\t\t\t<\/div>\n\t\t\t\t\t\t\t\t<\/div>\n\t\t\t\t<div class=\"elementor-element elementor-element-8ca352c elementor-widget elementor-widget-spacer\" data-id=\"8ca352c\" data-element_type=\"widget\" data-e-type=\"widget\" data-widget_type=\"spacer.default\">\n\t\t\t\t\t\t\t<div class=\"elementor-spacer\">\n\t\t\t<div class=\"elementor-spacer-inner\"><\/div>\n\t\t<\/div>\n\t\t\t\t\t\t<\/div>\n\t\t\t\t<div class=\"elementor-element elementor-element-6d8fe73 elementor-widget elementor-widget-heading\" data-id=\"6d8fe73\" data-element_type=\"widget\" data-e-type=\"widget\" data-widget_type=\"heading.default\">\n\t\t\t\t\t<h2 class=\"elementor-heading-title elementor-size-default\">R\u00e8glements Sportifs Particuliers Masculins<\/h2>\t\t\t\t<\/div>\n\t\t\t\t<div class=\"elementor-element elementor-element-b0bbae3 elementor-widget elementor-widget-text-editor\" data-id=\"b0bbae3\" data-element_type=\"widget\" data-e-type=\"widget\" data-widget_type=\"text-editor.default\">\n\t\t\t\t\t\t\t\t\t<p><span style=\"font-size: 14pt;\">Retrouvez la pr\u00e9sentation des championnats d\u00e9partementaux masculins<\/span><\/p>\t\t\t\t\t\t\t\t<\/div>\n\t\t\t\t<div class=\"elementor-element elementor-element-7e3bb41 elementor--h-position-center elementor--v-position-middle elementor-arrows-position-inside elementor-pagination-position-inside elementor-widget elementor-widget-slides\" data-id=\"7e3bb41\" data-element_type=\"widget\" data-e-type=\"widget\" data-settings=\"{&quot;navigation&quot;:&quot;both&quot;,&quot;autoplay&quot;:&quot;yes&quot;,&quot;pause_on_hover&quot;:&quot;yes&quot;,&quot;pause_on_interaction&quot;:&quot;yes&quot;,&quot;autoplay_speed&quot;:5000,&quot;infinite&quot;:&quot;yes&quot;,&quot;transition&quot;:&quot;slide&quot;,&quot;transition_speed&quot;:500}\" data-widget_type=\"slides.default\">\n\t\t\t\t\t\t\t\t\t\t<div class=\"elementor-slides-wrapper elementor-main-swiper swiper\" role=\"region\" aria-roledescription=\"carousel\" aria-label=\"Diapositives\" dir=\"ltr\" data-animation=\"fadeInUp\">\n\t\t\t\t<div class=\"swiper-wrapper elementor-slides\">\n\t\t\t\t\t\t\t\t\t\t<div class=\"elementor-repeater-item-93316e2 swiper-slide\" role=\"group\" aria-roledescription=\"slide\"><div class=\"swiper-slide-bg\" role=\"img\" aria-label=\"NEWSLETTER (2)\"><\/div><div class=\"swiper-slide-inner\" ><div class=\"swiper-slide-contents\"><a href=\"https:\/\/heraultbasketball.fr\/wp-content\/uploads\/2025\/10\/Presentation-Championnat-U11M-1.pdf\" target=\"_blank\" class=\"elementor-button elementor-slide-button elementor-size-sm\">Cliquer ici<\/a><\/div><\/div><\/div><div class=\"elementor-repeater-item-1162c9e swiper-slide\" role=\"group\" aria-roledescription=\"slide\"><div class=\"swiper-slide-bg\" role=\"img\" aria-label=\"25\"><\/div><div class=\"swiper-slide-inner\" ><div class=\"swiper-slide-contents\"><a href=\"https:\/\/heraultbasketball.fr\/wp-content\/uploads\/2025\/12\/Presentation-Championnat-U13M.pdf\" target=\"_blank\" class=\"elementor-button elementor-slide-button elementor-size-sm\">Cliquer ici<\/a><\/div><\/div><\/div><div class=\"elementor-repeater-item-da2ed9a swiper-slide\" role=\"group\" aria-roledescription=\"slide\"><div class=\"swiper-slide-bg\" role=\"img\" aria-label=\"26\"><\/div><div class=\"swiper-slide-inner\" ><div class=\"swiper-slide-contents\"><a href=\"https:\/\/heraultbasketball.fr\/wp-content\/uploads\/2025\/12\/Presentation-Championnat-U15M.pdf\" target=\"_blank\" class=\"elementor-button elementor-slide-button elementor-size-sm\">Cliquer ici<\/a><\/div><\/div><\/div><div class=\"elementor-repeater-item-fec94ae swiper-slide\" role=\"group\" aria-roledescription=\"slide\"><div class=\"swiper-slide-bg\" role=\"img\" aria-label=\"27\"><\/div><div class=\"swiper-slide-inner\" ><div class=\"swiper-slide-contents\"><a href=\"https:\/\/heraultbasketball.fr\/wp-content\/uploads\/2025\/11\/Presentation-Championnat-U18M.pdf\" target=\"_blank\" class=\"elementor-button elementor-slide-button elementor-size-sm\">Cliquer ici<\/a><\/div><\/div><\/div><div class=\"elementor-repeater-item-c660a05 swiper-slide\" role=\"group\" aria-roledescription=\"slide\"><div class=\"swiper-slide-bg\" role=\"img\" aria-label=\"31\"><\/div><div class=\"swiper-slide-inner\" ><div class=\"swiper-slide-contents\"><a href=\"https:\/\/heraultbasketball.fr\/wp-content\/uploads\/2025\/10\/Presentation-Championnat-PRM.pdf\" target=\"_blank\" class=\"elementor-button elementor-slide-button elementor-size-sm\">Cliquer ici<\/a><\/div><\/div><\/div><div class=\"elementor-repeater-item-86b592a swiper-slide\" role=\"group\" aria-roledescription=\"slide\"><div class=\"swiper-slide-bg\" role=\"img\" aria-label=\"32\"><\/div><div class=\"swiper-slide-inner\" ><div class=\"swiper-slide-contents\"><a href=\"https:\/\/heraultbasketball.fr\/wp-content\/uploads\/2025\/10\/Presentation-Championnat-DM2.pdf\" target=\"_blank\" class=\"elementor-button elementor-slide-button elementor-size-sm\">Cliquer ici<\/a><\/div><\/div><\/div><div class=\"elementor-repeater-item-46d5b6a swiper-slide\" role=\"group\" aria-roledescription=\"slide\"><div class=\"swiper-slide-bg\" role=\"img\" aria-label=\"33\"><\/div><div class=\"swiper-slide-inner\" ><div class=\"swiper-slide-contents\"><a href=\"https:\/\/heraultbasketball.fr\/wp-content\/uploads\/2025\/10\/Presentation-Championnat-DM3.pdf\" target=\"_blank\" class=\"elementor-button elementor-slide-button elementor-size-sm\">Cliquer ici<\/a><\/div><\/div><\/div>\t\t\t\t<\/div>\n\t\t\t\t\t\t\t\t\t\t\t\t\t\t\t<div class=\"elementor-swiper-button elementor-swiper-button-prev\" role=\"button\" tabindex=\"0\" aria-label=\"Diapositive pr\u00e9c\u00e9dente\">\n\t\t\t\t\t\t\t<svg aria-hidden=\"true\" class=\"e-font-icon-svg e-eicon-chevron-left\" viewBox=\"0 0 1000 1000\" xmlns=\"http:\/\/www.w3.org\/2000\/svg\"><path d=\"M646 125C629 125 613 133 604 142L308 442C296 454 292 471 292 487 292 504 296 521 308 533L604 854C617 867 629 875 646 875 663 875 679 871 692 858 704 846 713 829 713 812 713 796 708 779 692 767L438 487 692 225C700 217 708 204 708 187 708 171 704 154 692 142 675 129 663 125 646 125Z\"><\/path><\/svg>\t\t\t\t\t\t<\/div>\n\t\t\t\t\t\t<div class=\"elementor-swiper-button elementor-swiper-button-next\" role=\"button\" tabindex=\"0\" aria-label=\"Diapositive suivante\">\n\t\t\t\t\t\t\t<svg aria-hidden=\"true\" class=\"e-font-icon-svg e-eicon-chevron-right\" viewBox=\"0 0 1000 1000\" xmlns=\"http:\/\/www.w3.org\/2000\/svg\"><path d=\"M696 533C708 521 713 504 713 487 713 471 708 454 696 446L400 146C388 133 375 125 354 125 338 125 325 129 313 142 300 154 292 171 292 187 292 204 296 221 308 233L563 492 304 771C292 783 288 800 288 817 288 833 296 850 308 863 321 871 338 875 354 875 371 875 388 867 400 854L696 533Z\"><\/path><\/svg>\t\t\t\t\t\t<\/div>\n\t\t\t\t\t\t\t\t\t\t\t\t\t\t\t\t<div class=\"swiper-pagination\"><\/div>\n\t\t\t\t\t\t\t\t\t\t\t\t<\/div>\n\t\t\t\t\t\t\t\t<\/div>\n\t\t\t\t\t<\/div>\n\t\t<\/div>\n\t\t\t\t\t<\/div>\n\t\t<\/section>\n\t\t\t\t<\/div>\n\t\t","protected":false},"excerpt":{"rendered":"<p>R\u00e8glements Sportifs G\u00e9n\u00e9raux R\u00e8glements Sportifs Particuliers F\u00e9minins Retrouvez la pr\u00e9sentation des championnats d\u00e9partementaux f\u00e9minins Cliquer iciCliquer iciCliquer iciCliquer iciCliquer ici R\u00e8glements Sportifs Particuliers Masculins Retrouvez la pr\u00e9sentation des championnats d\u00e9partementaux [&hellip;]<\/p>\n","protected":false},"author":1,"featured_media":0,"parent":0,"menu_order":0,"comment_status":"closed","ping_status":"closed","template":"elementor_header_footer","meta":{"footnotes":""},"class_list":["post-415","page","type-page","status-publish","hentry"],"yoast_head":"<!-- This site is optimized with the Yoast SEO plugin v27.3 - https:\/\/yoast.com\/product\/yoast-seo-wordpress\/ -->\n<title>R\u00e8glement - Comit\u00e9 de l&#039;H\u00e9rault de Basketball<\/title>\n<meta name=\"description\" content=\"Comit\u00e9 de l&#039;H\u00e9rault de Basketball - Retrouvez toutes les informations sur le r\u00e8glement du championnat et des comp\u00e9titions.\" \/>\n<meta name=\"robots\" content=\"index, follow, max-snippet:-1, max-image-preview:large, max-video-preview:-1\" \/>\n<link rel=\"canonical\" href=\"https:\/\/heraultbasketball.fr\/index.php\/reglement\/\" \/>\n<meta property=\"og:locale\" content=\"fr_FR\" \/>\n<meta property=\"og:type\" content=\"article\" \/>\n<meta property=\"og:title\" content=\"R\u00e8glement - Comit\u00e9 de l&#039;H\u00e9rault de Basketball\" \/>\n<meta property=\"og:description\" content=\"Comit\u00e9 de l&#039;H\u00e9rault de Basketball - Retrouvez toutes les informations sur le r\u00e8glement du championnat et des comp\u00e9titions.\" \/>\n<meta property=\"og:url\" content=\"https:\/\/heraultbasketball.fr\/index.php\/reglement\/\" \/>\n<meta property=\"og:site_name\" content=\"Comit\u00e9 de l&#039;H\u00e9rault de Basketball\" \/>\n<meta property=\"article:publisher\" content=\"https:\/\/www.facebook.com\/HeraultBasketball\" \/>\n<meta property=\"article:modified_time\" content=\"2026-02-16T13:39:13+00:00\" \/>\n<meta property=\"og:image\" content=\"https:\/\/heraultbasketball.fr\/wp-content\/uploads\/2026\/01\/CAHIERS-DES-CHARGES-1-1024x585.png\" \/>\n<meta name=\"twitter:card\" content=\"summary_large_image\" \/>\n<meta name=\"twitter:label1\" content=\"Dur\u00e9e de lecture estim\u00e9e\" \/>\n\t<meta name=\"twitter:data1\" content=\"1 minute\" \/>\n<script type=\"application\/ld+json\" class=\"yoast-schema-graph\">{\"@context\":\"https:\\\/\\\/schema.org\",\"@graph\":[{\"@type\":\"WebPage\",\"@id\":\"https:\\\/\\\/heraultbasketball.fr\\\/index.php\\\/reglement\\\/\",\"url\":\"https:\\\/\\\/heraultbasketball.fr\\\/index.php\\\/reglement\\\/\",\"name\":\"R\u00e8glement - Comit\u00e9 de l&#039;H\u00e9rault de Basketball\",\"isPartOf\":{\"@id\":\"https:\\\/\\\/heraultbasketball.fr\\\/#website\"},\"primaryImageOfPage\":{\"@id\":\"https:\\\/\\\/heraultbasketball.fr\\\/index.php\\\/reglement\\\/#primaryimage\"},\"image\":{\"@id\":\"https:\\\/\\\/heraultbasketball.fr\\\/index.php\\\/reglement\\\/#primaryimage\"},\"thumbnailUrl\":\"https:\\\/\\\/heraultbasketball.fr\\\/wp-content\\\/uploads\\\/2026\\\/01\\\/CAHIERS-DES-CHARGES-1-1024x585.png\",\"datePublished\":\"2022-02-19T11:36:57+00:00\",\"dateModified\":\"2026-02-16T13:39:13+00:00\",\"description\":\"Comit\u00e9 de l&#039;H\u00e9rault de Basketball - Retrouvez toutes les informations sur le r\u00e8glement du championnat et des comp\u00e9titions.\",\"breadcrumb\":{\"@id\":\"https:\\\/\\\/heraultbasketball.fr\\\/index.php\\\/reglement\\\/#breadcrumb\"},\"inLanguage\":\"fr-FR\",\"potentialAction\":[{\"@type\":\"ReadAction\",\"target\":[\"https:\\\/\\\/heraultbasketball.fr\\\/index.php\\\/reglement\\\/\"]}]},{\"@type\":\"ImageObject\",\"inLanguage\":\"fr-FR\",\"@id\":\"https:\\\/\\\/heraultbasketball.fr\\\/index.php\\\/reglement\\\/#primaryimage\",\"url\":\"https:\\\/\\\/heraultbasketball.fr\\\/wp-content\\\/uploads\\\/2026\\\/01\\\/CAHIERS-DES-CHARGES-1.png\",\"contentUrl\":\"https:\\\/\\\/heraultbasketball.fr\\\/wp-content\\\/uploads\\\/2026\\\/01\\\/CAHIERS-DES-CHARGES-1.png\",\"width\":1050,\"height\":600,\"caption\":\"T\u00e9l\u00e9chargement des r\u00e8glements sportifs g\u00e9n\u00e9raux du Comit\u00e9 de l'H\u00e9rault de Basketball\"},{\"@type\":\"BreadcrumbList\",\"@id\":\"https:\\\/\\\/heraultbasketball.fr\\\/index.php\\\/reglement\\\/#breadcrumb\",\"itemListElement\":[{\"@type\":\"ListItem\",\"position\":1,\"name\":\"Accueil\",\"item\":\"https:\\\/\\\/heraultbasketball.fr\\\/\"},{\"@type\":\"ListItem\",\"position\":2,\"name\":\"R\u00e8glement\"}]},{\"@type\":\"WebSite\",\"@id\":\"https:\\\/\\\/heraultbasketball.fr\\\/#website\",\"url\":\"https:\\\/\\\/heraultbasketball.fr\\\/\",\"name\":\"Comit\u00e9 de l&#039;H\u00e9rault de Basketball\",\"description\":\"\",\"publisher\":{\"@id\":\"https:\\\/\\\/heraultbasketball.fr\\\/#organization\"},\"potentialAction\":[{\"@type\":\"SearchAction\",\"target\":{\"@type\":\"EntryPoint\",\"urlTemplate\":\"https:\\\/\\\/heraultbasketball.fr\\\/?s={search_term_string}\"},\"query-input\":{\"@type\":\"PropertyValueSpecification\",\"valueRequired\":true,\"valueName\":\"search_term_string\"}}],\"inLanguage\":\"fr-FR\"},{\"@type\":\"Organization\",\"@id\":\"https:\\\/\\\/heraultbasketball.fr\\\/#organization\",\"name\":\"Comit\u00e9 de l'H\u00e9rault de Basketball\",\"url\":\"https:\\\/\\\/heraultbasketball.fr\\\/\",\"logo\":{\"@type\":\"ImageObject\",\"inLanguage\":\"fr-FR\",\"@id\":\"https:\\\/\\\/heraultbasketball.fr\\\/#\\\/schema\\\/logo\\\/image\\\/\",\"url\":\"https:\\\/\\\/heraultbasketball.fr\\\/wp-content\\\/uploads\\\/2022\\\/03\\\/Charte-graphique.png\",\"contentUrl\":\"https:\\\/\\\/heraultbasketball.fr\\\/wp-content\\\/uploads\\\/2022\\\/03\\\/Charte-graphique.png\",\"width\":1414,\"height\":2000,\"caption\":\"Comit\u00e9 de l'H\u00e9rault de Basketball\"},\"image\":{\"@id\":\"https:\\\/\\\/heraultbasketball.fr\\\/#\\\/schema\\\/logo\\\/image\\\/\"},\"sameAs\":[\"https:\\\/\\\/www.facebook.com\\\/HeraultBasketball\",\"https:\\\/\\\/www.instagram.com\\\/heraultbasketball\\\/\"]}]}<\/script>\n<!-- \/ Yoast SEO plugin. -->","yoast_head_json":{"title":"R\u00e8glement - Comit\u00e9 de l&#039;H\u00e9rault de Basketball","description":"Comit\u00e9 de l&#039;H\u00e9rault de Basketball - Retrouvez toutes les informations sur le r\u00e8glement du championnat et des comp\u00e9titions.","robots":{"index":"index","follow":"follow","max-snippet":"max-snippet:-1","max-image-preview":"max-image-preview:large","max-video-preview":"max-video-preview:-1"},"canonical":"https:\/\/heraultbasketball.fr\/index.php\/reglement\/","og_locale":"fr_FR","og_type":"article","og_title":"R\u00e8glement - Comit\u00e9 de l&#039;H\u00e9rault de Basketball","og_description":"Comit\u00e9 de l&#039;H\u00e9rault de Basketball - Retrouvez toutes les informations sur le r\u00e8glement du championnat et des comp\u00e9titions.","og_url":"https:\/\/heraultbasketball.fr\/index.php\/reglement\/","og_site_name":"Comit\u00e9 de l&#039;H\u00e9rault de Basketball","article_publisher":"https:\/\/www.facebook.com\/HeraultBasketball","article_modified_time":"2026-02-16T13:39:13+00:00","og_image":[{"url":"https:\/\/heraultbasketball.fr\/wp-content\/uploads\/2026\/01\/CAHIERS-DES-CHARGES-1-1024x585.png","type":"","width":"","height":""}],"twitter_card":"summary_large_image","twitter_misc":{"Dur\u00e9e de lecture estim\u00e9e":"1 minute"},"schema":{"@context":"https:\/\/schema.org","@graph":[{"@type":"WebPage","@id":"https:\/\/heraultbasketball.fr\/index.php\/reglement\/","url":"https:\/\/heraultbasketball.fr\/index.php\/reglement\/","name":"R\u00e8glement - Comit\u00e9 de l&#039;H\u00e9rault de Basketball","isPartOf":{"@id":"https:\/\/heraultbasketball.fr\/#website"},"primaryImageOfPage":{"@id":"https:\/\/heraultbasketball.fr\/index.php\/reglement\/#primaryimage"},"image":{"@id":"https:\/\/heraultbasketball.fr\/index.php\/reglement\/#primaryimage"},"thumbnailUrl":"https:\/\/heraultbasketball.fr\/wp-content\/uploads\/2026\/01\/CAHIERS-DES-CHARGES-1-1024x585.png","datePublished":"2022-02-19T11:36:57+00:00","dateModified":"2026-02-16T13:39:13+00:00","description":"Comit\u00e9 de l&#039;H\u00e9rault de Basketball - Retrouvez toutes les informations sur le r\u00e8glement du championnat et des comp\u00e9titions.","breadcrumb":{"@id":"https:\/\/heraultbasketball.fr\/index.php\/reglement\/#breadcrumb"},"inLanguage":"fr-FR","potentialAction":[{"@type":"ReadAction","target":["https:\/\/heraultbasketball.fr\/index.php\/reglement\/"]}]},{"@type":"ImageObject","inLanguage":"fr-FR","@id":"https:\/\/heraultbasketball.fr\/index.php\/reglement\/#primaryimage","url":"https:\/\/heraultbasketball.fr\/wp-content\/uploads\/2026\/01\/CAHIERS-DES-CHARGES-1.png","contentUrl":"https:\/\/heraultbasketball.fr\/wp-content\/uploads\/2026\/01\/CAHIERS-DES-CHARGES-1.png","width":1050,"height":600,"caption":"T\u00e9l\u00e9chargement des r\u00e8glements sportifs g\u00e9n\u00e9raux du Comit\u00e9 de l'H\u00e9rault de Basketball"},{"@type":"BreadcrumbList","@id":"https:\/\/heraultbasketball.fr\/index.php\/reglement\/#breadcrumb","itemListElement":[{"@type":"ListItem","position":1,"name":"Accueil","item":"https:\/\/heraultbasketball.fr\/"},{"@type":"ListItem","position":2,"name":"R\u00e8glement"}]},{"@type":"WebSite","@id":"https:\/\/heraultbasketball.fr\/#website","url":"https:\/\/heraultbasketball.fr\/","name":"Comit\u00e9 de l&#039;H\u00e9rault de Basketball","description":"","publisher":{"@id":"https:\/\/heraultbasketball.fr\/#organization"},"potentialAction":[{"@type":"SearchAction","target":{"@type":"EntryPoint","urlTemplate":"https:\/\/heraultbasketball.fr\/?s={search_term_string}"},"query-input":{"@type":"PropertyValueSpecification","valueRequired":true,"valueName":"search_term_string"}}],"inLanguage":"fr-FR"},{"@type":"Organization","@id":"https:\/\/heraultbasketball.fr\/#organization","name":"Comit\u00e9 de l'H\u00e9rault de Basketball","url":"https:\/\/heraultbasketball.fr\/","logo":{"@type":"ImageObject","inLanguage":"fr-FR","@id":"https:\/\/heraultbasketball.fr\/#\/schema\/logo\/image\/","url":"https:\/\/heraultbasketball.fr\/wp-content\/uploads\/2022\/03\/Charte-graphique.png","contentUrl":"https:\/\/heraultbasketball.fr\/wp-content\/uploads\/2022\/03\/Charte-graphique.png","width":1414,"height":2000,"caption":"Comit\u00e9 de l'H\u00e9rault de Basketball"},"image":{"@id":"https:\/\/heraultbasketball.fr\/#\/schema\/logo\/image\/"},"sameAs":["https:\/\/www.facebook.com\/HeraultBasketball","https:\/\/www.instagram.com\/heraultbasketball\/"]}]}},"_links":{"self":[{"href":"https:\/\/heraultbasketball.fr\/index.php\/wp-json\/wp\/v2\/pages\/415","targetHints":{"allow":["GET"]}}],"collection":[{"href":"https:\/\/heraultbasketball.fr\/index.php\/wp-json\/wp\/v2\/pages"}],"about":[{"href":"https:\/\/heraultbasketball.fr\/index.php\/wp-json\/wp\/v2\/types\/page"}],"author":[{"embeddable":true,"href":"https:\/\/heraultbasketball.fr\/index.php\/wp-json\/wp\/v2\/users\/1"}],"replies":[{"embeddable":true,"href":"https:\/\/heraultbasketball.fr\/index.php\/wp-json\/wp\/v2\/comments?post=415"}],"version-history":[{"count":123,"href":"https:\/\/heraultbasketball.fr\/index.php\/wp-json\/wp\/v2\/pages\/415\/revisions"}],"predecessor-version":[{"id":9975,"href":"https:\/\/heraultbasketball.fr\/index.php\/wp-json\/wp\/v2\/pages\/415\/revisions\/9975"}],"wp:attachment":[{"href":"https:\/\/heraultbasketball.fr\/index.php\/wp-json\/wp\/v2\/media?parent=415"}],"curies":[{"name":"wp","href":"https:\/\/api.w.org\/{rel}","templated":true}]}}