{"id":4512,"date":"2023-02-03T13:35:14","date_gmt":"2023-02-03T13:35:14","guid":{"rendered":"https:\/\/heraultbasketball.fr\/?page_id=4512"},"modified":"2026-02-18T10:28:13","modified_gmt":"2026-02-18T10:28:13","slug":"operation-basket-ecole","status":"publish","type":"page","link":"https:\/\/heraultbasketball.fr\/index.php\/operation-basket-ecole\/","title":{"rendered":"Op\u00e9ration Basket \u00c9cole"},"content":{"rendered":"\t\t<div data-elementor-type=\"wp-page\" data-elementor-id=\"4512\" class=\"elementor elementor-4512\" data-elementor-settings=\"{&quot;ha_cmc_init_switcher&quot;:&quot;no&quot;}\" data-elementor-post-type=\"page\">\n\t\t\t\t<div class=\"elementor-element elementor-element-8c41505 e-flex e-con-boxed e-con e-parent\" data-id=\"8c41505\" data-element_type=\"container\" data-e-type=\"container\" data-settings=\"{&quot;_ha_eqh_enable&quot;:false}\">\n\t\t\t\t\t<div class=\"e-con-inner\">\n\t\t<div class=\"elementor-element elementor-element-3d1a160 e-con-full e-flex e-con e-child\" data-id=\"3d1a160\" data-element_type=\"container\" data-e-type=\"container\" data-settings=\"{&quot;_ha_eqh_enable&quot;:false}\">\n\t\t\t\t<div class=\"elementor-element elementor-element-6796b36 elementor-widget elementor-widget-heading\" data-id=\"6796b36\" data-element_type=\"widget\" data-e-type=\"widget\" data-widget_type=\"heading.default\">\n\t\t\t\t\t<h2 class=\"elementor-heading-title elementor-size-default\">Op\u00e9ration Basket \u00c9cole<\/h2>\t\t\t\t<\/div>\n\t\t\t\t<div class=\"elementor-element elementor-element-883c12c elementor-widget elementor-widget-text-editor\" data-id=\"883c12c\" data-element_type=\"widget\" data-e-type=\"widget\" data-widget_type=\"text-editor.default\">\n\t\t\t\t\t\t\t\t\t<p><span style=\"font-size: 14pt; color: #000000;\">Le sport et le basket-ball sont ancr\u00e9s dans le cursus scolaire de la classe pr\u00e9paratoire (CP) jusqu\u2019au parcours universitaire. Ainsi, la F\u00e9d\u00e9ration Fran\u00e7aise de BasketBall travaille depuis 2003 un projet original et innovant permettant d\u2019accompagner les enseignants dans la pratique du basket \u00e0 l\u2019\u00e9cole et de transmettre aux pratiquants une v\u00e9ritable \u00ab culture basket \u00bb : l\u2019op\u00e9ration basket \u00e9cole !<\/span><\/p><p><span style=\"font-size: 14pt; color: #000000;\">C\u2019est un accompagnement pour concevoir et mettre en \u0153uvre les projets Basket \u00e0 l\u2019\u00e9cole dans l\u2019objectif de :<\/span><\/p><ul><li><span style=\"font-size: 14pt; color: #000000;\">Favoriser la pratique du basket \u00e0 l\u2019\u00e9cole<\/span><\/li><li><span style=\"font-size: 14pt; color: #000000;\">Cr\u00e9er un lien entre les \u00e9coles et les clubs<\/span><\/li><li><span style=\"font-size: 14pt; color: #000000;\">\u00c9quiper les \u00e9coles qui entrent dans le projet<\/span><\/li><\/ul><p><span style=\"color: #000000; font-size: 14pt;\">Le\u00a0Comit\u00e9 de l\u2019H\u00e9rault de Basket\u00a0s\u2019implique fortement dans l\u2019op\u00e9ration afin de permettre aux enfants de d\u00e9couvrir la discipline accompagn\u00e9 de nos membres les plus comp\u00e9tents !\u00a0<\/span><\/p><p><span style=\"color: #000000; font-size: 14pt;\">Pour toutes questions, veuillez contacter l&rsquo;adresse suivante : <b>jeunesse@heraultbasketball.fr<\/b><\/span><\/p>\t\t\t\t\t\t\t\t<\/div>\n\t\t\t\t<\/div>\n\t\t<div class=\"elementor-element elementor-element-4e8479f e-con-full e-flex e-con e-child\" data-id=\"4e8479f\" data-element_type=\"container\" data-e-type=\"container\" data-settings=\"{&quot;_ha_eqh_enable&quot;:false}\">\n\t\t<div class=\"elementor-element elementor-element-95e2e3c e-flex e-con-boxed e-con e-child\" data-id=\"95e2e3c\" data-element_type=\"container\" data-e-type=\"container\" data-settings=\"{&quot;_ha_eqh_enable&quot;:false}\">\n\t\t\t\t\t<div class=\"e-con-inner\">\n\t\t\t\t<div class=\"elementor-element elementor-element-40c15fa elementor-widget elementor-widget-image\" data-id=\"40c15fa\" data-element_type=\"widget\" data-e-type=\"widget\" data-widget_type=\"image.default\">\n\t\t\t\t\t\t\t\t\t\t\t\t\t\t\t<img decoding=\"async\" width=\"177\" height=\"262\" src=\"https:\/\/heraultbasketball.fr\/wp-content\/uploads\/2023\/02\/operation-basket-ecole-logo.png\" class=\"attachment-large size-large wp-image-4519\" alt=\"Logo Officiel Op\u00e9rationnel Basket \u00e9cole\" \/>\t\t\t\t\t\t\t\t\t\t\t\t\t\t\t<\/div>\n\t\t\t\t\t<\/div>\n\t\t\t\t<\/div>\n\t\t<div class=\"elementor-element elementor-element-eecc106 e-flex e-con-boxed e-con e-child\" data-id=\"eecc106\" data-element_type=\"container\" data-e-type=\"container\" data-settings=\"{&quot;_ha_eqh_enable&quot;:false}\">\n\t\t\t\t\t<div class=\"e-con-inner\">\n\t\t\t\t<div class=\"elementor-element elementor-element-d37cf83 elementor-widget elementor-widget-image\" data-id=\"d37cf83\" data-element_type=\"widget\" data-e-type=\"widget\" data-widget_type=\"image.default\">\n\t\t\t\t\t\t\t\t\t\t\t\t\t\t\t<img fetchpriority=\"high\" decoding=\"async\" width=\"306\" height=\"480\" src=\"https:\/\/heraultbasketball.fr\/wp-content\/uploads\/2023\/02\/operation-basket-ecole-enfant-1.png\" class=\"attachment-large size-large wp-image-4520\" alt=\"\" srcset=\"https:\/\/heraultbasketball.fr\/wp-content\/uploads\/2023\/02\/operation-basket-ecole-enfant-1.png 306w, https:\/\/heraultbasketball.fr\/wp-content\/uploads\/2023\/02\/operation-basket-ecole-enfant-1-191x300.png 191w\" sizes=\"(max-width: 306px) 100vw, 306px\" \/>\t\t\t\t\t\t\t\t\t\t\t\t\t\t\t<\/div>\n\t\t\t\t\t<\/div>\n\t\t\t\t<\/div>\n\t\t\t\t<\/div>\n\t\t\t\t\t<\/div>\n\t\t\t\t<\/div>\n\t\t<div class=\"elementor-element elementor-element-39a4fc7 e-flex e-con-boxed e-con e-parent\" data-id=\"39a4fc7\" data-element_type=\"container\" data-e-type=\"container\" data-settings=\"{&quot;_ha_eqh_enable&quot;:false}\">\n\t\t\t\t\t<div class=\"e-con-inner\">\n\t\t<div class=\"elementor-element elementor-element-70bfce9 e-con-full e-flex e-con e-child\" data-id=\"70bfce9\" data-element_type=\"container\" data-e-type=\"container\" data-settings=\"{&quot;_ha_eqh_enable&quot;:false}\">\n\t\t\t\t<div class=\"elementor-element elementor-element-f404fb5 elementor-align-center elementor-widget elementor-widget-button\" data-id=\"f404fb5\" data-element_type=\"widget\" data-e-type=\"widget\" data-widget_type=\"button.default\">\n\t\t\t\t\t\t\t\t\t\t<a class=\"elementor-button elementor-button-link elementor-size-sm\" href=\"https:\/\/www.basketecole.com\/\" target=\"_blank\">\n\t\t\t\t\t\t<span class=\"elementor-button-content-wrapper\">\n\t\t\t\t\t\t\t\t\t<span class=\"elementor-button-text\">Inscriptions pour les \u00e9coles publiques et priv\u00e9es<\/span>\n\t\t\t\t\t<\/span>\n\t\t\t\t\t<\/a>\n\t\t\t\t\t\t\t\t<\/div>\n\t\t\t\t<\/div>\n\t\t<div class=\"elementor-element elementor-element-12c712b e-con-full e-flex e-con e-child\" data-id=\"12c712b\" data-element_type=\"container\" data-e-type=\"container\" data-settings=\"{&quot;_ha_eqh_enable&quot;:false}\">\n\t\t\t\t<div class=\"elementor-element elementor-element-4c9df1a elementor-align-center elementor-widget elementor-widget-button\" data-id=\"4c9df1a\" data-element_type=\"widget\" data-e-type=\"widget\" data-widget_type=\"button.default\">\n\t\t\t\t\t\t\t\t\t\t<a class=\"elementor-button elementor-button-link elementor-size-sm\" href=\"https:\/\/www.usep.org\/content\/uploads\/2025\/12\/plaquette_obe_usep_0.pdf\" target=\"_blank\">\n\t\t\t\t\t\t<span class=\"elementor-button-content-wrapper\">\n\t\t\t\t\t\t\t\t\t<span class=\"elementor-button-text\">Inscriptions          pour les \u00e9coles publiques USEP<\/span>\n\t\t\t\t\t<\/span>\n\t\t\t\t\t<\/a>\n\t\t\t\t\t\t\t\t<\/div>\n\t\t\t\t<\/div>\n\t\t<div class=\"elementor-element elementor-element-37ac5ea e-con-full e-flex e-con e-child\" data-id=\"37ac5ea\" data-element_type=\"container\" data-e-type=\"container\" data-settings=\"{&quot;_ha_eqh_enable&quot;:false}\">\n\t\t\t\t<div class=\"elementor-element elementor-element-40db9c7 elementor-align-center elementor-widget elementor-widget-button\" data-id=\"40db9c7\" data-element_type=\"widget\" data-e-type=\"widget\" data-widget_type=\"button.default\">\n\t\t\t\t\t\t\t\t\t\t<a class=\"elementor-button elementor-button-link elementor-size-sm\" href=\"https:\/\/www.ugsel35.fr\/second-degre\/sports-collectifs\/basketball\/operation-basket\/\" target=\"_blank\">\n\t\t\t\t\t\t<span class=\"elementor-button-content-wrapper\">\n\t\t\t\t\t\t\t\t\t<span class=\"elementor-button-text\">Inscriptions pour les \u00e9coles priv\u00e9es UGSEL  <\/span>\n\t\t\t\t\t<\/span>\n\t\t\t\t\t<\/a>\n\t\t\t\t\t\t\t\t<\/div>\n\t\t\t\t<\/div>\n\t\t\t\t\t<\/div>\n\t\t\t\t<\/div>\n\t\t<div class=\"elementor-element elementor-element-f0c2b1d e-flex e-con-boxed e-con e-parent\" data-id=\"f0c2b1d\" data-element_type=\"container\" data-e-type=\"container\" data-settings=\"{&quot;_ha_eqh_enable&quot;:false}\">\n\t\t\t\t\t<div class=\"e-con-inner\">\n\t\t\t\t<div class=\"elementor-element elementor-element-98b2928 elementor-widget elementor-widget-spacer\" data-id=\"98b2928\" data-element_type=\"widget\" data-e-type=\"widget\" data-widget_type=\"spacer.default\">\n\t\t\t\t\t\t\t<div class=\"elementor-spacer\">\n\t\t\t<div class=\"elementor-spacer-inner\"><\/div>\n\t\t<\/div>\n\t\t\t\t\t\t<\/div>\n\t\t\t\t\t<\/div>\n\t\t\t\t<\/div>\n\t\t\t\t<\/div>\n\t\t","protected":false},"excerpt":{"rendered":"<p>Op\u00e9ration Basket \u00c9cole Le sport et le basket-ball sont ancr\u00e9s dans le cursus scolaire de la classe pr\u00e9paratoire (CP) jusqu\u2019au parcours universitaire. Ainsi, la F\u00e9d\u00e9ration Fran\u00e7aise de BasketBall travaille depuis [&hellip;]<\/p>\n","protected":false},"author":1,"featured_media":0,"parent":0,"menu_order":0,"comment_status":"closed","ping_status":"closed","template":"elementor_header_footer","meta":{"footnotes":""},"class_list":["post-4512","page","type-page","status-publish","hentry"],"yoast_head":"<!-- This site is optimized with the Yoast SEO plugin v27.4 - https:\/\/yoast.com\/product\/yoast-seo-wordpress\/ -->\n<title>Op\u00e9ration Basket \u00c9cole - Comit\u00e9 de l&#039;H\u00e9rault de Basketball<\/title>\n<meta name=\"description\" content=\"L&#039;Op\u00e9ration Basket \u00c9cole participe au d\u00e9veloppement des valeurs du sport et du basket \u00e0 partir du plus jeune \u00e2ge !\" \/>\n<meta name=\"robots\" content=\"index, follow, max-snippet:-1, max-image-preview:large, max-video-preview:-1\" \/>\n<link rel=\"canonical\" href=\"https:\/\/heraultbasketball.fr\/index.php\/operation-basket-ecole\/\" \/>\n<meta property=\"og:locale\" content=\"fr_FR\" \/>\n<meta property=\"og:type\" content=\"article\" \/>\n<meta property=\"og:title\" content=\"Op\u00e9ration Basket \u00c9cole - Comit\u00e9 de l&#039;H\u00e9rault de Basketball\" \/>\n<meta property=\"og:description\" content=\"L&#039;Op\u00e9ration Basket \u00c9cole participe au d\u00e9veloppement des valeurs du sport et du basket \u00e0 partir du plus jeune \u00e2ge !\" \/>\n<meta property=\"og:url\" content=\"https:\/\/heraultbasketball.fr\/index.php\/operation-basket-ecole\/\" \/>\n<meta property=\"og:site_name\" content=\"Comit\u00e9 de l&#039;H\u00e9rault de Basketball\" \/>\n<meta property=\"article:publisher\" content=\"https:\/\/www.facebook.com\/HeraultBasketball\" \/>\n<meta property=\"article:modified_time\" content=\"2026-02-18T10:28:13+00:00\" \/>\n<meta property=\"og:image\" content=\"https:\/\/heraultbasketball.fr\/wp-content\/uploads\/2023\/02\/operation-basket-ecole-logo.png\" \/>\n<meta name=\"twitter:card\" content=\"summary_large_image\" \/>\n<meta name=\"twitter:label1\" content=\"Dur\u00e9e de lecture estim\u00e9e\" \/>\n\t<meta name=\"twitter:data1\" content=\"2 minutes\" \/>\n<script type=\"application\/ld+json\" class=\"yoast-schema-graph\">{\"@context\":\"https:\\\/\\\/schema.org\",\"@graph\":[{\"@type\":\"WebPage\",\"@id\":\"https:\\\/\\\/heraultbasketball.fr\\\/index.php\\\/operation-basket-ecole\\\/\",\"url\":\"https:\\\/\\\/heraultbasketball.fr\\\/index.php\\\/operation-basket-ecole\\\/\",\"name\":\"Op\u00e9ration Basket \u00c9cole - Comit\u00e9 de l&#039;H\u00e9rault de Basketball\",\"isPartOf\":{\"@id\":\"https:\\\/\\\/heraultbasketball.fr\\\/#website\"},\"primaryImageOfPage\":{\"@id\":\"https:\\\/\\\/heraultbasketball.fr\\\/index.php\\\/operation-basket-ecole\\\/#primaryimage\"},\"image\":{\"@id\":\"https:\\\/\\\/heraultbasketball.fr\\\/index.php\\\/operation-basket-ecole\\\/#primaryimage\"},\"thumbnailUrl\":\"https:\\\/\\\/heraultbasketball.fr\\\/wp-content\\\/uploads\\\/2023\\\/02\\\/operation-basket-ecole-logo.png\",\"datePublished\":\"2023-02-03T13:35:14+00:00\",\"dateModified\":\"2026-02-18T10:28:13+00:00\",\"description\":\"L'Op\u00e9ration Basket \u00c9cole participe au d\u00e9veloppement des valeurs du sport et du basket \u00e0 partir du plus jeune \u00e2ge !\",\"breadcrumb\":{\"@id\":\"https:\\\/\\\/heraultbasketball.fr\\\/index.php\\\/operation-basket-ecole\\\/#breadcrumb\"},\"inLanguage\":\"fr-FR\",\"potentialAction\":[{\"@type\":\"ReadAction\",\"target\":[\"https:\\\/\\\/heraultbasketball.fr\\\/index.php\\\/operation-basket-ecole\\\/\"]}]},{\"@type\":\"ImageObject\",\"inLanguage\":\"fr-FR\",\"@id\":\"https:\\\/\\\/heraultbasketball.fr\\\/index.php\\\/operation-basket-ecole\\\/#primaryimage\",\"url\":\"https:\\\/\\\/heraultbasketball.fr\\\/wp-content\\\/uploads\\\/2023\\\/02\\\/operation-basket-ecole-logo.png\",\"contentUrl\":\"https:\\\/\\\/heraultbasketball.fr\\\/wp-content\\\/uploads\\\/2023\\\/02\\\/operation-basket-ecole-logo.png\",\"width\":177,\"height\":262,\"caption\":\"Logo Officiel Op\u00e9rationnel Basket \u00e9cole\"},{\"@type\":\"BreadcrumbList\",\"@id\":\"https:\\\/\\\/heraultbasketball.fr\\\/index.php\\\/operation-basket-ecole\\\/#breadcrumb\",\"itemListElement\":[{\"@type\":\"ListItem\",\"position\":1,\"name\":\"Accueil\",\"item\":\"https:\\\/\\\/heraultbasketball.fr\\\/\"},{\"@type\":\"ListItem\",\"position\":2,\"name\":\"Op\u00e9ration Basket \u00c9cole\"}]},{\"@type\":\"WebSite\",\"@id\":\"https:\\\/\\\/heraultbasketball.fr\\\/#website\",\"url\":\"https:\\\/\\\/heraultbasketball.fr\\\/\",\"name\":\"Comit\u00e9 de l&#039;H\u00e9rault de Basketball\",\"description\":\"\",\"publisher\":{\"@id\":\"https:\\\/\\\/heraultbasketball.fr\\\/#organization\"},\"potentialAction\":[{\"@type\":\"SearchAction\",\"target\":{\"@type\":\"EntryPoint\",\"urlTemplate\":\"https:\\\/\\\/heraultbasketball.fr\\\/?s={search_term_string}\"},\"query-input\":{\"@type\":\"PropertyValueSpecification\",\"valueRequired\":true,\"valueName\":\"search_term_string\"}}],\"inLanguage\":\"fr-FR\"},{\"@type\":\"Organization\",\"@id\":\"https:\\\/\\\/heraultbasketball.fr\\\/#organization\",\"name\":\"Comit\u00e9 de l'H\u00e9rault de Basketball\",\"url\":\"https:\\\/\\\/heraultbasketball.fr\\\/\",\"logo\":{\"@type\":\"ImageObject\",\"inLanguage\":\"fr-FR\",\"@id\":\"https:\\\/\\\/heraultbasketball.fr\\\/#\\\/schema\\\/logo\\\/image\\\/\",\"url\":\"https:\\\/\\\/heraultbasketball.fr\\\/wp-content\\\/uploads\\\/2022\\\/03\\\/Charte-graphique.png\",\"contentUrl\":\"https:\\\/\\\/heraultbasketball.fr\\\/wp-content\\\/uploads\\\/2022\\\/03\\\/Charte-graphique.png\",\"width\":1414,\"height\":2000,\"caption\":\"Comit\u00e9 de l'H\u00e9rault de Basketball\"},\"image\":{\"@id\":\"https:\\\/\\\/heraultbasketball.fr\\\/#\\\/schema\\\/logo\\\/image\\\/\"},\"sameAs\":[\"https:\\\/\\\/www.facebook.com\\\/HeraultBasketball\",\"https:\\\/\\\/www.instagram.com\\\/heraultbasketball\\\/\"]}]}<\/script>\n<!-- \/ Yoast SEO plugin. -->","yoast_head_json":{"title":"Op\u00e9ration Basket \u00c9cole - Comit\u00e9 de l&#039;H\u00e9rault de Basketball","description":"L'Op\u00e9ration Basket \u00c9cole participe au d\u00e9veloppement des valeurs du sport et du basket \u00e0 partir du plus jeune \u00e2ge !","robots":{"index":"index","follow":"follow","max-snippet":"max-snippet:-1","max-image-preview":"max-image-preview:large","max-video-preview":"max-video-preview:-1"},"canonical":"https:\/\/heraultbasketball.fr\/index.php\/operation-basket-ecole\/","og_locale":"fr_FR","og_type":"article","og_title":"Op\u00e9ration Basket \u00c9cole - Comit\u00e9 de l&#039;H\u00e9rault de Basketball","og_description":"L'Op\u00e9ration Basket \u00c9cole participe au d\u00e9veloppement des valeurs du sport et du basket \u00e0 partir du plus jeune \u00e2ge !","og_url":"https:\/\/heraultbasketball.fr\/index.php\/operation-basket-ecole\/","og_site_name":"Comit\u00e9 de l&#039;H\u00e9rault de Basketball","article_publisher":"https:\/\/www.facebook.com\/HeraultBasketball","article_modified_time":"2026-02-18T10:28:13+00:00","og_image":[{"url":"https:\/\/heraultbasketball.fr\/wp-content\/uploads\/2023\/02\/operation-basket-ecole-logo.png","type":"","width":"","height":""}],"twitter_card":"summary_large_image","twitter_misc":{"Dur\u00e9e de lecture estim\u00e9e":"2 minutes"},"schema":{"@context":"https:\/\/schema.org","@graph":[{"@type":"WebPage","@id":"https:\/\/heraultbasketball.fr\/index.php\/operation-basket-ecole\/","url":"https:\/\/heraultbasketball.fr\/index.php\/operation-basket-ecole\/","name":"Op\u00e9ration Basket \u00c9cole - Comit\u00e9 de l&#039;H\u00e9rault de Basketball","isPartOf":{"@id":"https:\/\/heraultbasketball.fr\/#website"},"primaryImageOfPage":{"@id":"https:\/\/heraultbasketball.fr\/index.php\/operation-basket-ecole\/#primaryimage"},"image":{"@id":"https:\/\/heraultbasketball.fr\/index.php\/operation-basket-ecole\/#primaryimage"},"thumbnailUrl":"https:\/\/heraultbasketball.fr\/wp-content\/uploads\/2023\/02\/operation-basket-ecole-logo.png","datePublished":"2023-02-03T13:35:14+00:00","dateModified":"2026-02-18T10:28:13+00:00","description":"L'Op\u00e9ration Basket \u00c9cole participe au d\u00e9veloppement des valeurs du sport et du basket \u00e0 partir du plus jeune \u00e2ge !","breadcrumb":{"@id":"https:\/\/heraultbasketball.fr\/index.php\/operation-basket-ecole\/#breadcrumb"},"inLanguage":"fr-FR","potentialAction":[{"@type":"ReadAction","target":["https:\/\/heraultbasketball.fr\/index.php\/operation-basket-ecole\/"]}]},{"@type":"ImageObject","inLanguage":"fr-FR","@id":"https:\/\/heraultbasketball.fr\/index.php\/operation-basket-ecole\/#primaryimage","url":"https:\/\/heraultbasketball.fr\/wp-content\/uploads\/2023\/02\/operation-basket-ecole-logo.png","contentUrl":"https:\/\/heraultbasketball.fr\/wp-content\/uploads\/2023\/02\/operation-basket-ecole-logo.png","width":177,"height":262,"caption":"Logo Officiel Op\u00e9rationnel Basket \u00e9cole"},{"@type":"BreadcrumbList","@id":"https:\/\/heraultbasketball.fr\/index.php\/operation-basket-ecole\/#breadcrumb","itemListElement":[{"@type":"ListItem","position":1,"name":"Accueil","item":"https:\/\/heraultbasketball.fr\/"},{"@type":"ListItem","position":2,"name":"Op\u00e9ration Basket \u00c9cole"}]},{"@type":"WebSite","@id":"https:\/\/heraultbasketball.fr\/#website","url":"https:\/\/heraultbasketball.fr\/","name":"Comit\u00e9 de l&#039;H\u00e9rault de Basketball","description":"","publisher":{"@id":"https:\/\/heraultbasketball.fr\/#organization"},"potentialAction":[{"@type":"SearchAction","target":{"@type":"EntryPoint","urlTemplate":"https:\/\/heraultbasketball.fr\/?s={search_term_string}"},"query-input":{"@type":"PropertyValueSpecification","valueRequired":true,"valueName":"search_term_string"}}],"inLanguage":"fr-FR"},{"@type":"Organization","@id":"https:\/\/heraultbasketball.fr\/#organization","name":"Comit\u00e9 de l'H\u00e9rault de Basketball","url":"https:\/\/heraultbasketball.fr\/","logo":{"@type":"ImageObject","inLanguage":"fr-FR","@id":"https:\/\/heraultbasketball.fr\/#\/schema\/logo\/image\/","url":"https:\/\/heraultbasketball.fr\/wp-content\/uploads\/2022\/03\/Charte-graphique.png","contentUrl":"https:\/\/heraultbasketball.fr\/wp-content\/uploads\/2022\/03\/Charte-graphique.png","width":1414,"height":2000,"caption":"Comit\u00e9 de l'H\u00e9rault de Basketball"},"image":{"@id":"https:\/\/heraultbasketball.fr\/#\/schema\/logo\/image\/"},"sameAs":["https:\/\/www.facebook.com\/HeraultBasketball","https:\/\/www.instagram.com\/heraultbasketball\/"]}]}},"_links":{"self":[{"href":"https:\/\/heraultbasketball.fr\/index.php\/wp-json\/wp\/v2\/pages\/4512","targetHints":{"allow":["GET"]}}],"collection":[{"href":"https:\/\/heraultbasketball.fr\/index.php\/wp-json\/wp\/v2\/pages"}],"about":[{"href":"https:\/\/heraultbasketball.fr\/index.php\/wp-json\/wp\/v2\/types\/page"}],"author":[{"embeddable":true,"href":"https:\/\/heraultbasketball.fr\/index.php\/wp-json\/wp\/v2\/users\/1"}],"replies":[{"embeddable":true,"href":"https:\/\/heraultbasketball.fr\/index.php\/wp-json\/wp\/v2\/comments?post=4512"}],"version-history":[{"count":55,"href":"https:\/\/heraultbasketball.fr\/index.php\/wp-json\/wp\/v2\/pages\/4512\/revisions"}],"predecessor-version":[{"id":10213,"href":"https:\/\/heraultbasketball.fr\/index.php\/wp-json\/wp\/v2\/pages\/4512\/revisions\/10213"}],"wp:attachment":[{"href":"https:\/\/heraultbasketball.fr\/index.php\/wp-json\/wp\/v2\/media?parent=4512"}],"curies":[{"name":"wp","href":"https:\/\/api.w.org\/{rel}","templated":true}]}}