{"id":88,"date":"2022-01-31T12:41:18","date_gmt":"2022-01-31T12:41:18","guid":{"rendered":"https:\/\/heraultbasketball.fr\/?page_id=88"},"modified":"2026-02-18T10:34:16","modified_gmt":"2026-02-18T10:34:16","slug":"dirigeants","status":"publish","type":"page","link":"https:\/\/heraultbasketball.fr\/index.php\/formation\/dirigeants\/","title":{"rendered":"Dirigeants"},"content":{"rendered":"\t\t<div data-elementor-type=\"wp-page\" data-elementor-id=\"88\" class=\"elementor elementor-88\" data-elementor-settings=\"{&quot;ha_cmc_init_switcher&quot;:&quot;no&quot;}\" data-elementor-post-type=\"page\">\n\t\t\t\t\t\t<section class=\"elementor-section elementor-top-section elementor-element elementor-element-c5987dd elementor-section-boxed elementor-section-height-default elementor-section-height-default\" data-id=\"c5987dd\" data-element_type=\"section\" data-e-type=\"section\" data-settings=\"{&quot;_ha_eqh_enable&quot;:false}\">\n\t\t\t\t\t\t<div class=\"elementor-container elementor-column-gap-default\">\n\t\t\t\t\t<div class=\"elementor-column elementor-col-100 elementor-top-column elementor-element elementor-element-c1ed61e\" data-id=\"c1ed61e\" data-element_type=\"column\" data-e-type=\"column\">\n\t\t\t<div class=\"elementor-widget-wrap elementor-element-populated\">\n\t\t\t\t\t\t<div class=\"elementor-element elementor-element-cfa7919 elementor-widget elementor-widget-heading\" data-id=\"cfa7919\" data-element_type=\"widget\" data-e-type=\"widget\" data-widget_type=\"heading.default\">\n\t\t\t\t\t<h1 class=\"elementor-heading-title elementor-size-default\">Formation DIRIGEANTS<\/h1>\t\t\t\t<\/div>\n\t\t\t\t<div class=\"elementor-element elementor-element-7704b38 elementor-widget elementor-widget-text-editor\" data-id=\"7704b38\" data-element_type=\"widget\" data-e-type=\"widget\" data-widget_type=\"text-editor.default\">\n\t\t\t\t\t\t\t\t\t<p style=\"text-align: center;\"><span style=\"font-size: 14pt; color: #000000;\">Le Comit\u00e9 de l&rsquo;H\u00e9rault de Basketball lance la formation Dirigeants !<\/span><\/p><p style=\"text-align: center;\"><span style=\"background-color: transparent; font-size: 14pt; font-family: var( --e-global-typography-text-font-family ), Sans-serif; font-weight: var( --e-global-typography-text-font-weight ); color: #000000;\">Vous avez soif d&rsquo;apprendre, de d\u00e9velopper vos comp\u00e9tences, et d&rsquo;\u00e9changer avec les dirigeants des autres clubs ?<\/span><\/p><p style=\"text-align: center;\"><span style=\"background-color: transparent; font-size: 14pt; font-family: var( --e-global-typography-text-font-family ), Sans-serif; font-weight: var( --e-global-typography-text-font-weight ); color: #000000;\">Cette formation vous offrira les connaissances et les comp\u00e9tences n\u00e9cessaires pour exceller dans la gestion de votre club.<\/span><\/p><p style=\"text-align: center;\"><span style=\"font-size: 14pt; color: #000000;\">Que vous soyez novice ou expert, il y a quelque chose pour tout le monde !<\/span><\/p>\t\t\t\t\t\t\t\t<\/div>\n\t\t\t\t\t<\/div>\n\t\t<\/div>\n\t\t\t\t\t<\/div>\n\t\t<\/section>\n\t\t<div class=\"elementor-element elementor-element-ee5f0c5 e-grid e-con-boxed e-con e-parent\" data-id=\"ee5f0c5\" data-element_type=\"container\" data-e-type=\"container\" data-settings=\"{&quot;_ha_eqh_enable&quot;:false}\">\n\t\t\t\t\t<div class=\"e-con-inner\">\n\t\t\t\t<div class=\"elementor-element elementor-element-f3e3e88 elementor-widget elementor-widget-image\" data-id=\"f3e3e88\" data-element_type=\"widget\" data-e-type=\"widget\" data-widget_type=\"image.default\">\n\t\t\t\t\t\t\t\t\t\t\t\t\t\t\t<img decoding=\"async\" src=\"https:\/\/heraultbasketball.fr\/wp-content\/uploads\/2023\/10\/1-2-e1698066127592.png\" title=\"1\" alt=\"1\" loading=\"lazy\" \/>\t\t\t\t\t\t\t\t\t\t\t\t\t\t\t<\/div>\n\t\t\t\t<div class=\"elementor-element elementor-element-0ac1976 elementor-widget elementor-widget-image\" data-id=\"0ac1976\" data-element_type=\"widget\" data-e-type=\"widget\" data-widget_type=\"image.default\">\n\t\t\t\t\t\t\t\t\t\t\t\t\t\t\t<img decoding=\"async\" src=\"https:\/\/heraultbasketball.fr\/wp-content\/uploads\/2024\/10\/Formation-dirigeant-e1729672621277.png\" title=\"Formation dirigeant\" alt=\"Formation dirigeant\" loading=\"lazy\" \/>\t\t\t\t\t\t\t\t\t\t\t\t\t\t\t<\/div>\n\t\t\t\t\t<\/div>\n\t\t\t\t<\/div>\n\t\t<div class=\"elementor-element elementor-element-4dc39dc e-flex e-con-boxed e-con e-parent\" data-id=\"4dc39dc\" data-element_type=\"container\" data-e-type=\"container\" data-settings=\"{&quot;_ha_eqh_enable&quot;:false}\">\n\t\t\t\t\t<div class=\"e-con-inner\">\n\t\t\t\t<div class=\"elementor-element elementor-element-0051419 elementor-widget-divider--view-line elementor-widget elementor-widget-divider\" data-id=\"0051419\" data-element_type=\"widget\" data-e-type=\"widget\" data-widget_type=\"divider.default\">\n\t\t\t\t\t\t\t<div class=\"elementor-divider\">\n\t\t\t<span class=\"elementor-divider-separator\">\n\t\t\t\t\t\t<\/span>\n\t\t<\/div>\n\t\t\t\t\t\t<\/div>\n\t\t\t\t<div class=\"elementor-element elementor-element-696f37b elementor-widget elementor-widget-heading\" data-id=\"696f37b\" data-element_type=\"widget\" data-e-type=\"widget\" data-widget_type=\"heading.default\">\n\t\t\t\t\t<h2 class=\"elementor-heading-title elementor-size-default\">Programme de la formation<\/h2>\t\t\t\t<\/div>\n\t\t\t\t\t<\/div>\n\t\t\t\t<\/div>\n\t\t<div class=\"elementor-element elementor-element-d07f3a4 e-flex e-con-boxed e-con e-parent\" data-id=\"d07f3a4\" data-element_type=\"container\" data-e-type=\"container\" data-settings=\"{&quot;_ha_eqh_enable&quot;:false}\">\n\t\t\t\t\t<div class=\"e-con-inner\">\n\t\t\t\t<div class=\"elementor-element elementor-element-a147053 elementor-widget elementor-widget-text-editor\" data-id=\"a147053\" data-element_type=\"widget\" data-e-type=\"widget\" data-widget_type=\"text-editor.default\">\n\t\t\t\t\t\t\t\t\t<p><span style=\"color: #000000; font-size: 14pt;\">La Formation DIRIGEANTS du Comit\u00e9 de l&rsquo;H\u00e9rault de Basketball est organis\u00e9e autour de 4 modules :<\/span><\/p><ul><li><span style=\"color: #000000; font-size: 14pt;\">Pr\u00e9sentation des outils num\u00e9riques f\u00e9d\u00e9raux (Samedi 23 Novembre 2024 &#8211; de 10H00 \u00e0 12H00)<\/span><\/li><li><span style=\"color: #000000; font-size: 14pt;\">Optimiser l&rsquo;organisation de la pratique sportive de son club (Samedi 08 f\u00e9vrier 2025 &#8211; de 10H00 \u00e0 12H00)<\/span><\/li><li><span style=\"color: #000000; font-size: 14pt;\">D\u00e9velopper l&rsquo;engagement b\u00e9n\u00e9vole au sein de son club (Mardi 01 Avril 2025 &#8211; de 18H30 \u00e0 20H30)<\/span><\/li><li><span style=\"color: #000000; font-size: 14pt;\">D\u00e9finir le projet associatif de son club (Mardi 13 Mai 2025 &#8211; de 18H30 \u00e0 20H30)<\/span><\/li><\/ul><div style=\"text-align: center;\"><span style=\"color: #000000; font-size: 14pt;\"><u>Pour plus de d\u00e9tails :<\/u><\/span><\/div>\t\t\t\t\t\t\t\t<\/div>\n\t\t\t\t\t<\/div>\n\t\t\t\t<\/div>\n\t\t<div class=\"elementor-element elementor-element-05c849a e-flex e-con-boxed e-con e-parent\" data-id=\"05c849a\" data-element_type=\"container\" data-e-type=\"container\" data-settings=\"{&quot;_ha_eqh_enable&quot;:false}\">\n\t\t\t\t\t<div class=\"e-con-inner\">\n\t\t\t\t<div class=\"elementor-element elementor-element-297b3cb elementor-align-center elementor-widget elementor-widget-button\" data-id=\"297b3cb\" data-element_type=\"widget\" data-e-type=\"widget\" data-widget_type=\"button.default\">\n\t\t\t\t\t\t\t\t\t\t<a class=\"elementor-button elementor-button-link elementor-size-sm\" href=\"https:\/\/heraultbasketball.fr\/wp-content\/uploads\/2024\/10\/Presentation-generale-Formation-dirigeants-2024-2025-vf-1.pdf\">\n\t\t\t\t\t\t<span class=\"elementor-button-content-wrapper\">\n\t\t\t\t\t\t\t\t\t<span class=\"elementor-button-text\">Programme<\/span>\n\t\t\t\t\t<\/span>\n\t\t\t\t\t<\/a>\n\t\t\t\t\t\t\t\t<\/div>\n\t\t\t\t\t<\/div>\n\t\t\t\t<\/div>\n\t\t<div class=\"elementor-element elementor-element-40a16bd e-flex e-con-boxed e-con e-parent\" data-id=\"40a16bd\" data-element_type=\"container\" data-e-type=\"container\" data-settings=\"{&quot;_ha_eqh_enable&quot;:false}\">\n\t\t\t\t\t<div class=\"e-con-inner\">\n\t\t\t\t<div class=\"elementor-element elementor-element-1984c3e elementor-widget elementor-widget-spacer\" data-id=\"1984c3e\" data-element_type=\"widget\" data-e-type=\"widget\" data-widget_type=\"spacer.default\">\n\t\t\t\t\t\t\t<div class=\"elementor-spacer\">\n\t\t\t<div class=\"elementor-spacer-inner\"><\/div>\n\t\t<\/div>\n\t\t\t\t\t\t<\/div>\n\t\t\t\t<div class=\"elementor-element elementor-element-72ea6dc elementor-widget-divider--view-line elementor-widget elementor-widget-divider\" data-id=\"72ea6dc\" data-element_type=\"widget\" data-e-type=\"widget\" data-widget_type=\"divider.default\">\n\t\t\t\t\t\t\t<div class=\"elementor-divider\">\n\t\t\t<span class=\"elementor-divider-separator\">\n\t\t\t\t\t\t<\/span>\n\t\t<\/div>\n\t\t\t\t\t\t<\/div>\n\t\t\t\t<div class=\"elementor-element elementor-element-454240c elementor-widget elementor-widget-heading\" data-id=\"454240c\" data-element_type=\"widget\" data-e-type=\"widget\" data-widget_type=\"heading.default\">\n\t\t\t\t\t<h2 class=\"elementor-heading-title elementor-size-default\">Module 3 - Recruter et motiver des b\u00e9n\u00e9voles<\/h2>\t\t\t\t<\/div>\n\t\t<div class=\"elementor-element elementor-element-94a87c0 e-grid e-con-boxed e-con e-child\" data-id=\"94a87c0\" data-element_type=\"container\" data-e-type=\"container\" data-settings=\"{&quot;_ha_eqh_enable&quot;:false}\">\n\t\t\t\t\t<div class=\"e-con-inner\">\n\t\t\t\t<div class=\"elementor-element elementor-element-f6a2586 elementor-widget elementor-widget-image\" data-id=\"f6a2586\" data-element_type=\"widget\" data-e-type=\"widget\" data-widget_type=\"image.default\">\n\t\t\t\t\t\t\t\t\t\t\t\t\t\t\t<img decoding=\"async\" src=\"https:\/\/heraultbasketball.fr\/wp-content\/uploads\/2025\/03\/FORMATION-DIRIGEANTS.png\" title=\"FORMATION DIRIGEANTS\" alt=\"FORMATION DIRIGEANTS\" loading=\"lazy\" \/>\t\t\t\t\t\t\t\t\t\t\t\t\t\t\t<\/div>\n\t\t\t\t<div class=\"elementor-element elementor-element-975da17 elementor-widget elementor-widget-text-editor\" data-id=\"975da17\" data-element_type=\"widget\" data-e-type=\"widget\" data-widget_type=\"text-editor.default\">\n\t\t\t\t\t\t\t\t\t<p><span style=\"font-size: 14pt; color: #000000;\">Vous \u00eates \u00e9lu, b\u00e9n\u00e9vole ou salari\u00e9 d&rsquo;un club et vous souhaitez en savoir plus sur les diff\u00e9rents leviers permettant de d\u00e9velopper le b\u00e9n\u00e9volat au sein de votre club.<\/span><\/p><p><span style=\"font-size: 14pt; color: #000000;\">Les sujets abord\u00e9s pourront vous apporter des r\u00e9ponses \u00e0 :<\/span><\/p><p><span style=\"font-size: 14pt; color: #000000;\">&#8211; L&rsquo;\u00e9volution du b\u00e9n\u00e9volat<\/span><\/p><p><span style=\"font-size: 14pt; color: #000000;\">&#8211; Comment recruter un b\u00e9n\u00e9vole<\/span><\/p><p><span style=\"font-size: 14pt; color: #000000;\">&#8211; Comment fid\u00e9liser vos b\u00e9n\u00e9voles<\/span><\/p>\t\t\t\t\t\t\t\t<\/div>\n\t\t\t\t\t<\/div>\n\t\t\t\t<\/div>\n\t\t\t\t<div class=\"elementor-element elementor-element-407958f elementor-widget-divider--view-line elementor-widget elementor-widget-divider\" data-id=\"407958f\" data-element_type=\"widget\" data-e-type=\"widget\" data-widget_type=\"divider.default\">\n\t\t\t\t\t\t\t<div class=\"elementor-divider\">\n\t\t\t<span class=\"elementor-divider-separator\">\n\t\t\t\t\t\t<\/span>\n\t\t<\/div>\n\t\t\t\t\t\t<\/div>\n\t\t\t\t<div class=\"elementor-element elementor-element-78ab508 elementor-widget elementor-widget-heading\" data-id=\"78ab508\" data-element_type=\"widget\" data-e-type=\"widget\" data-widget_type=\"heading.default\">\n\t\t\t\t\t<h2 class=\"elementor-heading-title elementor-size-default\">Inscription<\/h2>\t\t\t\t<\/div>\n\t\t\t\t\t<\/div>\n\t\t\t\t<\/div>\n\t\t<div class=\"elementor-element elementor-element-5540812 e-flex e-con-boxed e-con e-parent\" data-id=\"5540812\" data-element_type=\"container\" data-e-type=\"container\" data-settings=\"{&quot;_ha_eqh_enable&quot;:false}\">\n\t\t\t\t\t<div class=\"e-con-inner\">\n\t\t\t\t<div class=\"elementor-element elementor-element-c0ddcc8 elementor-widget elementor-widget-text-editor\" data-id=\"c0ddcc8\" data-element_type=\"widget\" data-e-type=\"widget\" data-widget_type=\"text-editor.default\">\n\t\t\t\t\t\t\t\t\t<p style=\"text-align: center;\"><span style=\"color: #000000; font-size: 14pt;\">L&rsquo;inscription pour chaque module est \u00e0 r\u00e9aliser sur le lien suivant :<\/span><\/p>\t\t\t\t\t\t\t\t<\/div>\n\t\t\t\t\t<\/div>\n\t\t\t\t<\/div>\n\t\t<div class=\"elementor-element elementor-element-b06d06a e-flex e-con-boxed e-con e-parent\" data-id=\"b06d06a\" data-element_type=\"container\" data-e-type=\"container\" data-settings=\"{&quot;_ha_eqh_enable&quot;:false}\">\n\t\t\t\t\t<div class=\"e-con-inner\">\n\t\t\t\t<div class=\"elementor-element elementor-element-58e1f78 elementor-align-center elementor-widget elementor-widget-button\" data-id=\"58e1f78\" data-element_type=\"widget\" data-e-type=\"widget\" data-widget_type=\"button.default\">\n\t\t\t\t\t\t\t\t\t\t<a class=\"elementor-button elementor-button-link elementor-size-sm\" href=\"https:\/\/www.helloasso.com\/associations\/comite-de-l-herault-de-basketball\/evenements\/formation-formation-dirigeants\">\n\t\t\t\t\t\t<span class=\"elementor-button-content-wrapper\">\n\t\t\t\t\t\t\t\t\t<span class=\"elementor-button-text\">Inscription<\/span>\n\t\t\t\t\t<\/span>\n\t\t\t\t\t<\/a>\n\t\t\t\t\t\t\t\t<\/div>\n\t\t\t\t\t<\/div>\n\t\t\t\t<\/div>\n\t\t<div class=\"elementor-element elementor-element-f2dc051 e-flex e-con-boxed e-con e-parent\" data-id=\"f2dc051\" data-element_type=\"container\" data-e-type=\"container\" data-settings=\"{&quot;_ha_eqh_enable&quot;:false}\">\n\t\t\t\t\t<div class=\"e-con-inner\">\n\t\t\t\t<div class=\"elementor-element elementor-element-ecb955c elementor-widget elementor-widget-text-editor\" data-id=\"ecb955c\" data-element_type=\"widget\" data-e-type=\"widget\" data-widget_type=\"text-editor.default\">\n\t\t\t\t\t\t\t\t\t<p style=\"text-align: center;\"><span style=\"color: #000000; font-size: 14pt;\">30 \u20ac par module<\/span><\/p><p style=\"text-align: center;\"><span style=\"color: #000000; font-size: 14pt;\">100 \u20ac l&rsquo;ensemble de la formation<\/span><\/p>\t\t\t\t\t\t\t\t<\/div>\n\t\t\t\t<div class=\"elementor-element elementor-element-b7a5605 elementor-widget elementor-widget-spacer\" data-id=\"b7a5605\" data-element_type=\"widget\" data-e-type=\"widget\" data-widget_type=\"spacer.default\">\n\t\t\t\t\t\t\t<div class=\"elementor-spacer\">\n\t\t\t<div class=\"elementor-spacer-inner\"><\/div>\n\t\t<\/div>\n\t\t\t\t\t\t<\/div>\n\t\t\t\t\t<\/div>\n\t\t\t\t<\/div>\n\t\t\t\t<\/div>\n\t\t","protected":false},"excerpt":{"rendered":"<p>Formation DIRIGEANTS Le Comit\u00e9 de l&rsquo;H\u00e9rault de Basketball lance la formation Dirigeants ! Vous avez soif d&rsquo;apprendre, de d\u00e9velopper vos comp\u00e9tences, et d&rsquo;\u00e9changer avec les dirigeants des autres clubs ? [&hellip;]<\/p>\n","protected":false},"author":1,"featured_media":0,"parent":17,"menu_order":0,"comment_status":"closed","ping_status":"closed","template":"elementor_header_footer","meta":{"footnotes":""},"class_list":["post-88","page","type-page","status-publish","hentry"],"yoast_head":"<!-- This site is optimized with the Yoast SEO plugin v27.3 - https:\/\/yoast.com\/product\/yoast-seo-wordpress\/ -->\n<title>Dirigeants - Comit\u00e9 de l&#039;H\u00e9rault de Basketball<\/title>\n<meta name=\"description\" content=\"Le Comit\u00e9 de l&#039;H\u00e9rault de Basketball aide les dirigeants \u00e0 avoir toutes les informations pour une gestion optimale de leurs clubs !\" \/>\n<meta name=\"robots\" content=\"index, follow, max-snippet:-1, max-image-preview:large, max-video-preview:-1\" \/>\n<link rel=\"canonical\" href=\"https:\/\/heraultbasketball.fr\/index.php\/formation\/dirigeants\/\" \/>\n<meta property=\"og:locale\" content=\"fr_FR\" \/>\n<meta property=\"og:type\" content=\"article\" \/>\n<meta property=\"og:title\" content=\"Dirigeants - Comit\u00e9 de l&#039;H\u00e9rault de Basketball\" \/>\n<meta property=\"og:description\" content=\"Le Comit\u00e9 de l&#039;H\u00e9rault de Basketball aide les dirigeants \u00e0 avoir toutes les informations pour une gestion optimale de leurs clubs !\" \/>\n<meta property=\"og:url\" content=\"https:\/\/heraultbasketball.fr\/index.php\/formation\/dirigeants\/\" \/>\n<meta property=\"og:site_name\" content=\"Comit\u00e9 de l&#039;H\u00e9rault de Basketball\" \/>\n<meta property=\"article:publisher\" content=\"https:\/\/www.facebook.com\/HeraultBasketball\" \/>\n<meta property=\"article:modified_time\" content=\"2026-02-18T10:34:16+00:00\" \/>\n<meta property=\"og:image\" content=\"https:\/\/heraultbasketball.fr\/wp-content\/uploads\/2023\/10\/1-2-e1698066127592.png\" \/>\n<meta name=\"twitter:card\" content=\"summary_large_image\" \/>\n<meta name=\"twitter:label1\" content=\"Dur\u00e9e de lecture estim\u00e9e\" \/>\n\t<meta name=\"twitter:data1\" content=\"2 minutes\" \/>\n<script type=\"application\/ld+json\" class=\"yoast-schema-graph\">{\"@context\":\"https:\\\/\\\/schema.org\",\"@graph\":[{\"@type\":\"WebPage\",\"@id\":\"https:\\\/\\\/heraultbasketball.fr\\\/index.php\\\/formation\\\/dirigeants\\\/\",\"url\":\"https:\\\/\\\/heraultbasketball.fr\\\/index.php\\\/formation\\\/dirigeants\\\/\",\"name\":\"Dirigeants - Comit\u00e9 de l&#039;H\u00e9rault de Basketball\",\"isPartOf\":{\"@id\":\"https:\\\/\\\/heraultbasketball.fr\\\/#website\"},\"primaryImageOfPage\":{\"@id\":\"https:\\\/\\\/heraultbasketball.fr\\\/index.php\\\/formation\\\/dirigeants\\\/#primaryimage\"},\"image\":{\"@id\":\"https:\\\/\\\/heraultbasketball.fr\\\/index.php\\\/formation\\\/dirigeants\\\/#primaryimage\"},\"thumbnailUrl\":\"https:\\\/\\\/heraultbasketball.fr\\\/wp-content\\\/uploads\\\/2023\\\/10\\\/1-2-e1698066127592.png\",\"datePublished\":\"2022-01-31T12:41:18+00:00\",\"dateModified\":\"2026-02-18T10:34:16+00:00\",\"description\":\"Le Comit\u00e9 de l&#039;H\u00e9rault de Basketball aide les dirigeants \u00e0 avoir toutes les informations pour une gestion optimale de leurs clubs !\",\"breadcrumb\":{\"@id\":\"https:\\\/\\\/heraultbasketball.fr\\\/index.php\\\/formation\\\/dirigeants\\\/#breadcrumb\"},\"inLanguage\":\"fr-FR\",\"potentialAction\":[{\"@type\":\"ReadAction\",\"target\":[\"https:\\\/\\\/heraultbasketball.fr\\\/index.php\\\/formation\\\/dirigeants\\\/\"]}]},{\"@type\":\"ImageObject\",\"inLanguage\":\"fr-FR\",\"@id\":\"https:\\\/\\\/heraultbasketball.fr\\\/index.php\\\/formation\\\/dirigeants\\\/#primaryimage\",\"url\":\"https:\\\/\\\/heraultbasketball.fr\\\/wp-content\\\/uploads\\\/2023\\\/10\\\/1-2-e1698066127592.png\",\"contentUrl\":\"https:\\\/\\\/heraultbasketball.fr\\\/wp-content\\\/uploads\\\/2023\\\/10\\\/1-2-e1698066127592.png\",\"width\":400,\"height\":566},{\"@type\":\"BreadcrumbList\",\"@id\":\"https:\\\/\\\/heraultbasketball.fr\\\/index.php\\\/formation\\\/dirigeants\\\/#breadcrumb\",\"itemListElement\":[{\"@type\":\"ListItem\",\"position\":1,\"name\":\"Accueil\",\"item\":\"https:\\\/\\\/heraultbasketball.fr\\\/\"},{\"@type\":\"ListItem\",\"position\":2,\"name\":\"Formation\",\"item\":\"https:\\\/\\\/heraultbasketball.fr\\\/index.php\\\/formation\\\/\"},{\"@type\":\"ListItem\",\"position\":3,\"name\":\"Dirigeants\"}]},{\"@type\":\"WebSite\",\"@id\":\"https:\\\/\\\/heraultbasketball.fr\\\/#website\",\"url\":\"https:\\\/\\\/heraultbasketball.fr\\\/\",\"name\":\"Comit\u00e9 de l&#039;H\u00e9rault de Basketball\",\"description\":\"\",\"publisher\":{\"@id\":\"https:\\\/\\\/heraultbasketball.fr\\\/#organization\"},\"potentialAction\":[{\"@type\":\"SearchAction\",\"target\":{\"@type\":\"EntryPoint\",\"urlTemplate\":\"https:\\\/\\\/heraultbasketball.fr\\\/?s={search_term_string}\"},\"query-input\":{\"@type\":\"PropertyValueSpecification\",\"valueRequired\":true,\"valueName\":\"search_term_string\"}}],\"inLanguage\":\"fr-FR\"},{\"@type\":\"Organization\",\"@id\":\"https:\\\/\\\/heraultbasketball.fr\\\/#organization\",\"name\":\"Comit\u00e9 de l'H\u00e9rault de Basketball\",\"url\":\"https:\\\/\\\/heraultbasketball.fr\\\/\",\"logo\":{\"@type\":\"ImageObject\",\"inLanguage\":\"fr-FR\",\"@id\":\"https:\\\/\\\/heraultbasketball.fr\\\/#\\\/schema\\\/logo\\\/image\\\/\",\"url\":\"https:\\\/\\\/heraultbasketball.fr\\\/wp-content\\\/uploads\\\/2022\\\/03\\\/Charte-graphique.png\",\"contentUrl\":\"https:\\\/\\\/heraultbasketball.fr\\\/wp-content\\\/uploads\\\/2022\\\/03\\\/Charte-graphique.png\",\"width\":1414,\"height\":2000,\"caption\":\"Comit\u00e9 de l'H\u00e9rault de Basketball\"},\"image\":{\"@id\":\"https:\\\/\\\/heraultbasketball.fr\\\/#\\\/schema\\\/logo\\\/image\\\/\"},\"sameAs\":[\"https:\\\/\\\/www.facebook.com\\\/HeraultBasketball\",\"https:\\\/\\\/www.instagram.com\\\/heraultbasketball\\\/\"]}]}<\/script>\n<!-- \/ Yoast SEO plugin. -->","yoast_head_json":{"title":"Dirigeants - Comit\u00e9 de l&#039;H\u00e9rault de Basketball","description":"Le Comit\u00e9 de l&#039;H\u00e9rault de Basketball aide les dirigeants \u00e0 avoir toutes les informations pour une gestion optimale de leurs clubs !","robots":{"index":"index","follow":"follow","max-snippet":"max-snippet:-1","max-image-preview":"max-image-preview:large","max-video-preview":"max-video-preview:-1"},"canonical":"https:\/\/heraultbasketball.fr\/index.php\/formation\/dirigeants\/","og_locale":"fr_FR","og_type":"article","og_title":"Dirigeants - Comit\u00e9 de l&#039;H\u00e9rault de Basketball","og_description":"Le Comit\u00e9 de l&#039;H\u00e9rault de Basketball aide les dirigeants \u00e0 avoir toutes les informations pour une gestion optimale de leurs clubs !","og_url":"https:\/\/heraultbasketball.fr\/index.php\/formation\/dirigeants\/","og_site_name":"Comit\u00e9 de l&#039;H\u00e9rault de Basketball","article_publisher":"https:\/\/www.facebook.com\/HeraultBasketball","article_modified_time":"2026-02-18T10:34:16+00:00","og_image":[{"url":"https:\/\/heraultbasketball.fr\/wp-content\/uploads\/2023\/10\/1-2-e1698066127592.png","type":"","width":"","height":""}],"twitter_card":"summary_large_image","twitter_misc":{"Dur\u00e9e de lecture estim\u00e9e":"2 minutes"},"schema":{"@context":"https:\/\/schema.org","@graph":[{"@type":"WebPage","@id":"https:\/\/heraultbasketball.fr\/index.php\/formation\/dirigeants\/","url":"https:\/\/heraultbasketball.fr\/index.php\/formation\/dirigeants\/","name":"Dirigeants - Comit\u00e9 de l&#039;H\u00e9rault de Basketball","isPartOf":{"@id":"https:\/\/heraultbasketball.fr\/#website"},"primaryImageOfPage":{"@id":"https:\/\/heraultbasketball.fr\/index.php\/formation\/dirigeants\/#primaryimage"},"image":{"@id":"https:\/\/heraultbasketball.fr\/index.php\/formation\/dirigeants\/#primaryimage"},"thumbnailUrl":"https:\/\/heraultbasketball.fr\/wp-content\/uploads\/2023\/10\/1-2-e1698066127592.png","datePublished":"2022-01-31T12:41:18+00:00","dateModified":"2026-02-18T10:34:16+00:00","description":"Le Comit\u00e9 de l&#039;H\u00e9rault de Basketball aide les dirigeants \u00e0 avoir toutes les informations pour une gestion optimale de leurs clubs !","breadcrumb":{"@id":"https:\/\/heraultbasketball.fr\/index.php\/formation\/dirigeants\/#breadcrumb"},"inLanguage":"fr-FR","potentialAction":[{"@type":"ReadAction","target":["https:\/\/heraultbasketball.fr\/index.php\/formation\/dirigeants\/"]}]},{"@type":"ImageObject","inLanguage":"fr-FR","@id":"https:\/\/heraultbasketball.fr\/index.php\/formation\/dirigeants\/#primaryimage","url":"https:\/\/heraultbasketball.fr\/wp-content\/uploads\/2023\/10\/1-2-e1698066127592.png","contentUrl":"https:\/\/heraultbasketball.fr\/wp-content\/uploads\/2023\/10\/1-2-e1698066127592.png","width":400,"height":566},{"@type":"BreadcrumbList","@id":"https:\/\/heraultbasketball.fr\/index.php\/formation\/dirigeants\/#breadcrumb","itemListElement":[{"@type":"ListItem","position":1,"name":"Accueil","item":"https:\/\/heraultbasketball.fr\/"},{"@type":"ListItem","position":2,"name":"Formation","item":"https:\/\/heraultbasketball.fr\/index.php\/formation\/"},{"@type":"ListItem","position":3,"name":"Dirigeants"}]},{"@type":"WebSite","@id":"https:\/\/heraultbasketball.fr\/#website","url":"https:\/\/heraultbasketball.fr\/","name":"Comit\u00e9 de l&#039;H\u00e9rault de Basketball","description":"","publisher":{"@id":"https:\/\/heraultbasketball.fr\/#organization"},"potentialAction":[{"@type":"SearchAction","target":{"@type":"EntryPoint","urlTemplate":"https:\/\/heraultbasketball.fr\/?s={search_term_string}"},"query-input":{"@type":"PropertyValueSpecification","valueRequired":true,"valueName":"search_term_string"}}],"inLanguage":"fr-FR"},{"@type":"Organization","@id":"https:\/\/heraultbasketball.fr\/#organization","name":"Comit\u00e9 de l'H\u00e9rault de Basketball","url":"https:\/\/heraultbasketball.fr\/","logo":{"@type":"ImageObject","inLanguage":"fr-FR","@id":"https:\/\/heraultbasketball.fr\/#\/schema\/logo\/image\/","url":"https:\/\/heraultbasketball.fr\/wp-content\/uploads\/2022\/03\/Charte-graphique.png","contentUrl":"https:\/\/heraultbasketball.fr\/wp-content\/uploads\/2022\/03\/Charte-graphique.png","width":1414,"height":2000,"caption":"Comit\u00e9 de l'H\u00e9rault de Basketball"},"image":{"@id":"https:\/\/heraultbasketball.fr\/#\/schema\/logo\/image\/"},"sameAs":["https:\/\/www.facebook.com\/HeraultBasketball","https:\/\/www.instagram.com\/heraultbasketball\/"]}]}},"_links":{"self":[{"href":"https:\/\/heraultbasketball.fr\/index.php\/wp-json\/wp\/v2\/pages\/88","targetHints":{"allow":["GET"]}}],"collection":[{"href":"https:\/\/heraultbasketball.fr\/index.php\/wp-json\/wp\/v2\/pages"}],"about":[{"href":"https:\/\/heraultbasketball.fr\/index.php\/wp-json\/wp\/v2\/types\/page"}],"author":[{"embeddable":true,"href":"https:\/\/heraultbasketball.fr\/index.php\/wp-json\/wp\/v2\/users\/1"}],"replies":[{"embeddable":true,"href":"https:\/\/heraultbasketball.fr\/index.php\/wp-json\/wp\/v2\/comments?post=88"}],"version-history":[{"count":39,"href":"https:\/\/heraultbasketball.fr\/index.php\/wp-json\/wp\/v2\/pages\/88\/revisions"}],"predecessor-version":[{"id":10227,"href":"https:\/\/heraultbasketball.fr\/index.php\/wp-json\/wp\/v2\/pages\/88\/revisions\/10227"}],"up":[{"embeddable":true,"href":"https:\/\/heraultbasketball.fr\/index.php\/wp-json\/wp\/v2\/pages\/17"}],"wp:attachment":[{"href":"https:\/\/heraultbasketball.fr\/index.php\/wp-json\/wp\/v2\/media?parent=88"}],"curies":[{"name":"wp","href":"https:\/\/api.w.org\/{rel}","templated":true}]}}