{"id":9168,"date":"2026-02-05T10:30:38","date_gmt":"2026-02-05T10:30:38","guid":{"rendered":"https:\/\/heraultbasketball.fr\/?page_id=9168"},"modified":"2026-02-09T12:31:49","modified_gmt":"2026-02-09T12:31:49","slug":"competitions","status":"publish","type":"page","link":"https:\/\/heraultbasketball.fr\/index.php\/competitions\/","title":{"rendered":"Comp\u00e9titions"},"content":{"rendered":"\t\t<div data-elementor-type=\"wp-page\" data-elementor-id=\"9168\" class=\"elementor elementor-9168\" data-elementor-settings=\"{&quot;ha_cmc_init_switcher&quot;:&quot;no&quot;}\" data-elementor-post-type=\"page\">\n\t\t\t\t<div class=\"elementor-element elementor-element-4a1b556 e-flex e-con-boxed e-con e-parent\" data-id=\"4a1b556\" data-element_type=\"container\" data-e-type=\"container\" data-settings=\"{&quot;_ha_eqh_enable&quot;:false}\">\n\t\t\t\t\t<div class=\"e-con-inner\">\n\t\t<div class=\"elementor-element elementor-element-475c996 e-con-full e-flex e-con e-child\" data-id=\"475c996\" data-element_type=\"container\" data-e-type=\"container\" data-settings=\"{&quot;_ha_eqh_enable&quot;:false}\">\n\t\t\t\t<div class=\"elementor-element elementor-element-91356d4 elementor-view-default elementor-position-block-start elementor-mobile-position-block-start elementor-widget elementor-widget-icon-box\" data-id=\"91356d4\" data-element_type=\"widget\" data-e-type=\"widget\" data-widget_type=\"icon-box.default\">\n\t\t\t\t\t\t\t<div class=\"elementor-icon-box-wrapper\">\n\n\t\t\t\t\t\t<div class=\"elementor-icon-box-icon\">\n\t\t\t\t<a href=\"https:\/\/heraultbasketball.fr\/index.php\/reglement\/\" class=\"elementor-icon elementor-animation-grow\" tabindex=\"-1\" aria-label=\"Championnat\">\n\t\t\t\t<i aria-hidden=\"true\" class=\"huge huge-medal-first-place\"><\/i>\t\t\t\t<\/a>\n\t\t\t<\/div>\n\t\t\t\n\t\t\t\t\t\t<div class=\"elementor-icon-box-content\">\n\n\t\t\t\t\t\t\t\t\t<h3 class=\"elementor-icon-box-title\">\n\t\t\t\t\t\t<a href=\"https:\/\/heraultbasketball.fr\/index.php\/reglement\/\" >\n\t\t\t\t\t\t\tChampionnat\t\t\t\t\t\t<\/a>\n\t\t\t\t\t<\/h3>\n\t\t\t\t\n\t\t\t\t\n\t\t\t<\/div>\n\t\t\t\n\t\t<\/div>\n\t\t\t\t\t\t<\/div>\n\t\t\t\t<div class=\"elementor-element elementor-element-bada182 elementor-widget elementor-widget-text-editor\" data-id=\"bada182\" data-element_type=\"widget\" data-e-type=\"widget\" data-widget_type=\"text-editor.default\">\n\t\t\t\t\t\t\t\t\t<p><span style=\"color: #000000; font-size: 14pt;\"><b data-path-to-node=\"2\" data-index-in-node=\"0\">Suivez le rythme de la saison<\/b><\/span><\/p><p><span style=\"color: #000000; font-size: 14pt;\">Acc\u00e9dez aux calendriers officiels, aux classements en temps r\u00e9el et au r\u00e8glement sportif qui encadre les comp\u00e9titions d\u00e9partementales de l&rsquo;H\u00e9rault.<\/span><\/p>\t\t\t\t\t\t\t\t<\/div>\n\t\t\t\t<\/div>\n\t\t<div class=\"elementor-element elementor-element-01800d1 e-con-full e-flex e-con e-child\" data-id=\"01800d1\" data-element_type=\"container\" data-e-type=\"container\" data-settings=\"{&quot;_ha_eqh_enable&quot;:false}\">\n\t\t\t\t<div class=\"elementor-element elementor-element-a38dcc2 elementor-view-default elementor-position-block-start elementor-mobile-position-block-start elementor-widget elementor-widget-icon-box\" data-id=\"a38dcc2\" data-element_type=\"widget\" data-e-type=\"widget\" data-widget_type=\"icon-box.default\">\n\t\t\t\t\t\t\t<div class=\"elementor-icon-box-wrapper\">\n\n\t\t\t\t\t\t<div class=\"elementor-icon-box-icon\">\n\t\t\t\t<a href=\"https:\/\/heraultbasketball.fr\/index.php\/coupe\/\" class=\"elementor-icon elementor-animation-grow\" tabindex=\"-1\" aria-label=\"Coupe\">\n\t\t\t\t<i aria-hidden=\"true\" class=\"huge huge-champion\"><\/i>\t\t\t\t<\/a>\n\t\t\t<\/div>\n\t\t\t\n\t\t\t\t\t\t<div class=\"elementor-icon-box-content\">\n\n\t\t\t\t\t\t\t\t\t<h3 class=\"elementor-icon-box-title\">\n\t\t\t\t\t\t<a href=\"https:\/\/heraultbasketball.fr\/index.php\/coupe\/\" >\n\t\t\t\t\t\t\tCoupe\t\t\t\t\t\t<\/a>\n\t\t\t\t\t<\/h3>\n\t\t\t\t\n\t\t\t\t\n\t\t\t<\/div>\n\t\t\t\n\t\t<\/div>\n\t\t\t\t\t\t<\/div>\n\t\t\t\t<div class=\"elementor-element elementor-element-a33b89f elementor-widget elementor-widget-text-editor\" data-id=\"a33b89f\" data-element_type=\"widget\" data-e-type=\"widget\" data-widget_type=\"text-editor.default\">\n\t\t\t\t\t\t\t\t\t<p><span style=\"color: #000000; font-size: 14pt;\"><b data-path-to-node=\"4\" data-index-in-node=\"0\">L&rsquo;\u00e9motion des matchs \u00e0 \u00e9limination directe<\/b><\/span><\/p><p><span style=\"color: #000000; font-size: 14pt;\">Retrouvez les tirages au sort, les dates des tours de qualification et toutes les informations pratiques jusqu\u2019aux grandes finales de la Coupe de l&rsquo;H\u00e9rault.<\/span><\/p>\t\t\t\t\t\t\t\t<\/div>\n\t\t\t\t<\/div>\n\t\t<div class=\"elementor-element elementor-element-a541ec3 e-con-full e-flex e-con e-child\" data-id=\"a541ec3\" data-element_type=\"container\" data-e-type=\"container\" data-settings=\"{&quot;_ha_eqh_enable&quot;:false}\">\n\t\t\t\t<div class=\"elementor-element elementor-element-7c5ac69 elementor-view-default elementor-position-block-start elementor-mobile-position-block-start elementor-widget elementor-widget-icon-box\" data-id=\"7c5ac69\" data-element_type=\"widget\" data-e-type=\"widget\" data-widget_type=\"icon-box.default\">\n\t\t\t\t\t\t\t<div class=\"elementor-icon-box-wrapper\">\n\n\t\t\t\t\t\t<div class=\"elementor-icon-box-icon\">\n\t\t\t\t<a href=\"https:\/\/heraultbasketball.fr\/index.php\/qualification\/\" class=\"elementor-icon elementor-animation-grow\" tabindex=\"-1\" aria-label=\"Qualification\">\n\t\t\t\t<i aria-hidden=\"true\" class=\"huge huge-license-draft\"><\/i>\t\t\t\t<\/a>\n\t\t\t<\/div>\n\t\t\t\n\t\t\t\t\t\t<div class=\"elementor-icon-box-content\">\n\n\t\t\t\t\t\t\t\t\t<h3 class=\"elementor-icon-box-title\">\n\t\t\t\t\t\t<a href=\"https:\/\/heraultbasketball.fr\/index.php\/qualification\/\" >\n\t\t\t\t\t\t\tQualification\t\t\t\t\t\t<\/a>\n\t\t\t\t\t<\/h3>\n\t\t\t\t\n\t\t\t\t\n\t\t\t<\/div>\n\t\t\t\n\t\t<\/div>\n\t\t\t\t\t\t<\/div>\n\t\t\t\t<div class=\"elementor-element elementor-element-8f6fbe5 elementor-widget elementor-widget-text-editor\" data-id=\"8f6fbe5\" data-element_type=\"widget\" data-e-type=\"widget\" data-widget_type=\"text-editor.default\">\n\t\t\t\t\t\t\t\t\t<p><span style=\"font-size: 14pt; color: #000000;\"><b data-path-to-node=\"6\" data-index-in-node=\"0\">Pr\u00e9parez vos licences<\/b><\/span><\/p><p><span style=\"font-size: 14pt; color: #000000;\">Retrouvez tous les formulaires pour pr\u00e9parer vos licences, la liste des m\u00e9decins agr\u00e9\u00e9s ainsi qu&rsquo;un formulaire pour contacter directement le Comit\u00e9.<\/span><\/p>\t\t\t\t\t\t\t\t<\/div>\n\t\t\t\t<\/div>\n\t\t<div class=\"elementor-element elementor-element-8cc9fa5 e-con-full e-flex e-con e-child\" data-id=\"8cc9fa5\" data-element_type=\"container\" data-e-type=\"container\" data-settings=\"{&quot;_ha_eqh_enable&quot;:false}\">\n\t\t\t\t<div class=\"elementor-element elementor-element-12f0784 elementor-view-default elementor-position-block-start elementor-mobile-position-block-start elementor-widget elementor-widget-icon-box\" data-id=\"12f0784\" data-element_type=\"widget\" data-e-type=\"widget\" data-widget_type=\"icon-box.default\">\n\t\t\t\t\t\t\t<div class=\"elementor-icon-box-wrapper\">\n\n\t\t\t\t\t\t<div class=\"elementor-icon-box-icon\">\n\t\t\t\t<a href=\"https:\/\/heraultbasketball.fr\/index.php\/discipline\/\" class=\"elementor-icon elementor-animation-grow\" tabindex=\"-1\" aria-label=\"Discipline\">\n\t\t\t\t<i aria-hidden=\"true\" class=\"huge huge-court-law\"><\/i>\t\t\t\t<\/a>\n\t\t\t<\/div>\n\t\t\t\n\t\t\t\t\t\t<div class=\"elementor-icon-box-content\">\n\n\t\t\t\t\t\t\t\t\t<h3 class=\"elementor-icon-box-title\">\n\t\t\t\t\t\t<a href=\"https:\/\/heraultbasketball.fr\/index.php\/discipline\/\" >\n\t\t\t\t\t\t\tDiscipline\t\t\t\t\t\t<\/a>\n\t\t\t\t\t<\/h3>\n\t\t\t\t\n\t\t\t\t\n\t\t\t<\/div>\n\t\t\t\n\t\t<\/div>\n\t\t\t\t\t\t<\/div>\n\t\t\t\t<div class=\"elementor-element elementor-element-9d8e0e2 elementor-widget elementor-widget-text-editor\" data-id=\"9d8e0e2\" data-element_type=\"widget\" data-e-type=\"widget\" data-widget_type=\"text-editor.default\">\n\t\t\t\t\t\t\t\t\t<p><span style=\"font-size: 14pt; color: #000000;\"><b data-path-to-node=\"8\" data-index-in-node=\"0\">Pour un basket respectueux et \u00e9thique<\/b><\/span><\/p><p><span style=\"font-size: 14pt; color: #000000;\">Retrouvez tous les formulaires a remplir ainsi que la personne a contacter en cas d&rsquo;incident.<\/span><\/p>\t\t\t\t\t\t\t\t<\/div>\n\t\t\t\t<\/div>\n\t\t<div class=\"elementor-element elementor-element-a6f9976 e-con-full e-flex e-con e-child\" data-id=\"a6f9976\" data-element_type=\"container\" data-e-type=\"container\" data-settings=\"{&quot;_ha_eqh_enable&quot;:false}\">\n\t\t\t\t<div class=\"elementor-element elementor-element-03e8bed elementor-view-default elementor-position-block-start elementor-mobile-position-block-start elementor-widget elementor-widget-icon-box\" data-id=\"03e8bed\" data-element_type=\"widget\" data-e-type=\"widget\" data-widget_type=\"icon-box.default\">\n\t\t\t\t\t\t\t<div class=\"elementor-icon-box-wrapper\">\n\n\t\t\t\t\t\t<div class=\"elementor-icon-box-icon\">\n\t\t\t\t<a href=\"https:\/\/heraultbasketball.fr\/index.php\/formulaire\/\" class=\"elementor-icon elementor-animation-grow\" tabindex=\"-1\" aria-label=\"Formulaire\">\n\t\t\t\t<i aria-hidden=\"true\" class=\"hm hm-clip-board\"><\/i>\t\t\t\t<\/a>\n\t\t\t<\/div>\n\t\t\t\n\t\t\t\t\t\t<div class=\"elementor-icon-box-content\">\n\n\t\t\t\t\t\t\t\t\t<h3 class=\"elementor-icon-box-title\">\n\t\t\t\t\t\t<a href=\"https:\/\/heraultbasketball.fr\/index.php\/formulaire\/\" >\n\t\t\t\t\t\t\tFormulaire\t\t\t\t\t\t<\/a>\n\t\t\t\t\t<\/h3>\n\t\t\t\t\n\t\t\t\t\n\t\t\t<\/div>\n\t\t\t\n\t\t<\/div>\n\t\t\t\t\t\t<\/div>\n\t\t\t\t<div class=\"elementor-element elementor-element-114cd96 elementor-widget elementor-widget-text-editor\" data-id=\"114cd96\" data-element_type=\"widget\" data-e-type=\"widget\" data-widget_type=\"text-editor.default\">\n\t\t\t\t\t\t\t\t\t<p><span style=\"font-size: 14pt; color: #000000;\"><b data-path-to-node=\"10\" data-index-in-node=\"0\">Vos outils administratifs en un clic<\/b><\/span><\/p><p><span style=\"font-size: 14pt; color: #000000;\">Que ce soit pour l&rsquo;autorisation d&rsquo;un match amicale ou encore pour l&rsquo;autorisation d&rsquo;un tournois, tout se passe ici !<\/span><\/p>\t\t\t\t\t\t\t\t<\/div>\n\t\t\t\t<\/div>\n\t\t\t\t<div class=\"elementor-element elementor-element-0722db2 elementor-widget elementor-widget-spacer\" data-id=\"0722db2\" data-element_type=\"widget\" data-e-type=\"widget\" data-widget_type=\"spacer.default\">\n\t\t\t\t\t\t\t<div class=\"elementor-spacer\">\n\t\t\t<div class=\"elementor-spacer-inner\"><\/div>\n\t\t<\/div>\n\t\t\t\t\t\t<\/div>\n\t\t\t\t\t<\/div>\n\t\t\t\t<\/div>\n\t\t\t\t<\/div>\n\t\t","protected":false},"excerpt":{"rendered":"<p>Championnat Suivez le rythme de la saison Acc\u00e9dez aux calendriers officiels, aux classements en temps r\u00e9el et au r\u00e8glement sportif qui encadre les comp\u00e9titions d\u00e9partementales de l&rsquo;H\u00e9rault. Coupe L&rsquo;\u00e9motion des [&hellip;]<\/p>\n","protected":false},"author":1,"featured_media":0,"parent":0,"menu_order":0,"comment_status":"closed","ping_status":"closed","template":"elementor_header_footer","meta":{"footnotes":""},"class_list":["post-9168","page","type-page","status-publish","hentry"],"yoast_head":"<!-- This site is optimized with the Yoast SEO plugin v27.3 - https:\/\/yoast.com\/product\/yoast-seo-wordpress\/ -->\n<title>Comp\u00e9titions &amp; Championnats de Basket dans l&#039;H\u00e9rault | CD34<\/title>\n<meta name=\"description\" content=\"Comp\u00e9titions de basket dans l&#039;H\u00e9rault : calendriers, r\u00e9sultats et r\u00e8glements des championnats seniors, jeunes et 3x3 avec le CD34.\" \/>\n<meta name=\"robots\" content=\"index, follow, max-snippet:-1, max-image-preview:large, max-video-preview:-1\" \/>\n<link rel=\"canonical\" href=\"https:\/\/heraultbasketball.fr\/index.php\/competitions\/\" \/>\n<meta property=\"og:locale\" content=\"fr_FR\" \/>\n<meta property=\"og:type\" content=\"article\" \/>\n<meta property=\"og:title\" content=\"Comp\u00e9titions &amp; Championnats de Basket dans l&#039;H\u00e9rault | CD34\" \/>\n<meta property=\"og:description\" content=\"Comp\u00e9titions de basket dans l&#039;H\u00e9rault : calendriers, r\u00e9sultats et r\u00e8glements des championnats seniors, jeunes et 3x3 avec le CD34.\" \/>\n<meta property=\"og:url\" content=\"https:\/\/heraultbasketball.fr\/index.php\/competitions\/\" \/>\n<meta property=\"og:site_name\" content=\"Comit\u00e9 de l&#039;H\u00e9rault de Basketball\" \/>\n<meta property=\"article:publisher\" content=\"https:\/\/www.facebook.com\/HeraultBasketball\" \/>\n<meta property=\"article:modified_time\" content=\"2026-02-09T12:31:49+00:00\" \/>\n<meta name=\"twitter:card\" content=\"summary_large_image\" \/>\n<meta name=\"twitter:label1\" content=\"Dur\u00e9e de lecture estim\u00e9e\" \/>\n\t<meta name=\"twitter:data1\" content=\"1 minute\" \/>\n<script type=\"application\/ld+json\" class=\"yoast-schema-graph\">{\"@context\":\"https:\\\/\\\/schema.org\",\"@graph\":[{\"@type\":\"WebPage\",\"@id\":\"https:\\\/\\\/heraultbasketball.fr\\\/index.php\\\/competitions\\\/\",\"url\":\"https:\\\/\\\/heraultbasketball.fr\\\/index.php\\\/competitions\\\/\",\"name\":\"Comp\u00e9titions & Championnats de Basket dans l'H\u00e9rault | CD34\",\"isPartOf\":{\"@id\":\"https:\\\/\\\/heraultbasketball.fr\\\/#website\"},\"datePublished\":\"2026-02-05T10:30:38+00:00\",\"dateModified\":\"2026-02-09T12:31:49+00:00\",\"description\":\"Comp\u00e9titions de basket dans l'H\u00e9rault : calendriers, r\u00e9sultats et r\u00e8glements des championnats seniors, jeunes et 3x3 avec le CD34.\",\"breadcrumb\":{\"@id\":\"https:\\\/\\\/heraultbasketball.fr\\\/index.php\\\/competitions\\\/#breadcrumb\"},\"inLanguage\":\"fr-FR\",\"potentialAction\":[{\"@type\":\"ReadAction\",\"target\":[\"https:\\\/\\\/heraultbasketball.fr\\\/index.php\\\/competitions\\\/\"]}]},{\"@type\":\"BreadcrumbList\",\"@id\":\"https:\\\/\\\/heraultbasketball.fr\\\/index.php\\\/competitions\\\/#breadcrumb\",\"itemListElement\":[{\"@type\":\"ListItem\",\"position\":1,\"name\":\"Accueil\",\"item\":\"https:\\\/\\\/heraultbasketball.fr\\\/\"},{\"@type\":\"ListItem\",\"position\":2,\"name\":\"Comp\u00e9titions\"}]},{\"@type\":\"WebSite\",\"@id\":\"https:\\\/\\\/heraultbasketball.fr\\\/#website\",\"url\":\"https:\\\/\\\/heraultbasketball.fr\\\/\",\"name\":\"Comit\u00e9 de l&#039;H\u00e9rault de Basketball\",\"description\":\"\",\"publisher\":{\"@id\":\"https:\\\/\\\/heraultbasketball.fr\\\/#organization\"},\"potentialAction\":[{\"@type\":\"SearchAction\",\"target\":{\"@type\":\"EntryPoint\",\"urlTemplate\":\"https:\\\/\\\/heraultbasketball.fr\\\/?s={search_term_string}\"},\"query-input\":{\"@type\":\"PropertyValueSpecification\",\"valueRequired\":true,\"valueName\":\"search_term_string\"}}],\"inLanguage\":\"fr-FR\"},{\"@type\":\"Organization\",\"@id\":\"https:\\\/\\\/heraultbasketball.fr\\\/#organization\",\"name\":\"Comit\u00e9 de l'H\u00e9rault de Basketball\",\"url\":\"https:\\\/\\\/heraultbasketball.fr\\\/\",\"logo\":{\"@type\":\"ImageObject\",\"inLanguage\":\"fr-FR\",\"@id\":\"https:\\\/\\\/heraultbasketball.fr\\\/#\\\/schema\\\/logo\\\/image\\\/\",\"url\":\"https:\\\/\\\/heraultbasketball.fr\\\/wp-content\\\/uploads\\\/2022\\\/03\\\/Charte-graphique.png\",\"contentUrl\":\"https:\\\/\\\/heraultbasketball.fr\\\/wp-content\\\/uploads\\\/2022\\\/03\\\/Charte-graphique.png\",\"width\":1414,\"height\":2000,\"caption\":\"Comit\u00e9 de l'H\u00e9rault de Basketball\"},\"image\":{\"@id\":\"https:\\\/\\\/heraultbasketball.fr\\\/#\\\/schema\\\/logo\\\/image\\\/\"},\"sameAs\":[\"https:\\\/\\\/www.facebook.com\\\/HeraultBasketball\",\"https:\\\/\\\/www.instagram.com\\\/heraultbasketball\\\/\"]}]}<\/script>\n<!-- \/ Yoast SEO plugin. -->","yoast_head_json":{"title":"Comp\u00e9titions & Championnats de Basket dans l'H\u00e9rault | CD34","description":"Comp\u00e9titions de basket dans l'H\u00e9rault : calendriers, r\u00e9sultats et r\u00e8glements des championnats seniors, jeunes et 3x3 avec le CD34.","robots":{"index":"index","follow":"follow","max-snippet":"max-snippet:-1","max-image-preview":"max-image-preview:large","max-video-preview":"max-video-preview:-1"},"canonical":"https:\/\/heraultbasketball.fr\/index.php\/competitions\/","og_locale":"fr_FR","og_type":"article","og_title":"Comp\u00e9titions & Championnats de Basket dans l'H\u00e9rault | CD34","og_description":"Comp\u00e9titions de basket dans l'H\u00e9rault : calendriers, r\u00e9sultats et r\u00e8glements des championnats seniors, jeunes et 3x3 avec le CD34.","og_url":"https:\/\/heraultbasketball.fr\/index.php\/competitions\/","og_site_name":"Comit\u00e9 de l&#039;H\u00e9rault de Basketball","article_publisher":"https:\/\/www.facebook.com\/HeraultBasketball","article_modified_time":"2026-02-09T12:31:49+00:00","twitter_card":"summary_large_image","twitter_misc":{"Dur\u00e9e de lecture estim\u00e9e":"1 minute"},"schema":{"@context":"https:\/\/schema.org","@graph":[{"@type":"WebPage","@id":"https:\/\/heraultbasketball.fr\/index.php\/competitions\/","url":"https:\/\/heraultbasketball.fr\/index.php\/competitions\/","name":"Comp\u00e9titions & Championnats de Basket dans l'H\u00e9rault | CD34","isPartOf":{"@id":"https:\/\/heraultbasketball.fr\/#website"},"datePublished":"2026-02-05T10:30:38+00:00","dateModified":"2026-02-09T12:31:49+00:00","description":"Comp\u00e9titions de basket dans l'H\u00e9rault : calendriers, r\u00e9sultats et r\u00e8glements des championnats seniors, jeunes et 3x3 avec le CD34.","breadcrumb":{"@id":"https:\/\/heraultbasketball.fr\/index.php\/competitions\/#breadcrumb"},"inLanguage":"fr-FR","potentialAction":[{"@type":"ReadAction","target":["https:\/\/heraultbasketball.fr\/index.php\/competitions\/"]}]},{"@type":"BreadcrumbList","@id":"https:\/\/heraultbasketball.fr\/index.php\/competitions\/#breadcrumb","itemListElement":[{"@type":"ListItem","position":1,"name":"Accueil","item":"https:\/\/heraultbasketball.fr\/"},{"@type":"ListItem","position":2,"name":"Comp\u00e9titions"}]},{"@type":"WebSite","@id":"https:\/\/heraultbasketball.fr\/#website","url":"https:\/\/heraultbasketball.fr\/","name":"Comit\u00e9 de l&#039;H\u00e9rault de Basketball","description":"","publisher":{"@id":"https:\/\/heraultbasketball.fr\/#organization"},"potentialAction":[{"@type":"SearchAction","target":{"@type":"EntryPoint","urlTemplate":"https:\/\/heraultbasketball.fr\/?s={search_term_string}"},"query-input":{"@type":"PropertyValueSpecification","valueRequired":true,"valueName":"search_term_string"}}],"inLanguage":"fr-FR"},{"@type":"Organization","@id":"https:\/\/heraultbasketball.fr\/#organization","name":"Comit\u00e9 de l'H\u00e9rault de Basketball","url":"https:\/\/heraultbasketball.fr\/","logo":{"@type":"ImageObject","inLanguage":"fr-FR","@id":"https:\/\/heraultbasketball.fr\/#\/schema\/logo\/image\/","url":"https:\/\/heraultbasketball.fr\/wp-content\/uploads\/2022\/03\/Charte-graphique.png","contentUrl":"https:\/\/heraultbasketball.fr\/wp-content\/uploads\/2022\/03\/Charte-graphique.png","width":1414,"height":2000,"caption":"Comit\u00e9 de l'H\u00e9rault de Basketball"},"image":{"@id":"https:\/\/heraultbasketball.fr\/#\/schema\/logo\/image\/"},"sameAs":["https:\/\/www.facebook.com\/HeraultBasketball","https:\/\/www.instagram.com\/heraultbasketball\/"]}]}},"_links":{"self":[{"href":"https:\/\/heraultbasketball.fr\/index.php\/wp-json\/wp\/v2\/pages\/9168","targetHints":{"allow":["GET"]}}],"collection":[{"href":"https:\/\/heraultbasketball.fr\/index.php\/wp-json\/wp\/v2\/pages"}],"about":[{"href":"https:\/\/heraultbasketball.fr\/index.php\/wp-json\/wp\/v2\/types\/page"}],"author":[{"embeddable":true,"href":"https:\/\/heraultbasketball.fr\/index.php\/wp-json\/wp\/v2\/users\/1"}],"replies":[{"embeddable":true,"href":"https:\/\/heraultbasketball.fr\/index.php\/wp-json\/wp\/v2\/comments?post=9168"}],"version-history":[{"count":17,"href":"https:\/\/heraultbasketball.fr\/index.php\/wp-json\/wp\/v2\/pages\/9168\/revisions"}],"predecessor-version":[{"id":9406,"href":"https:\/\/heraultbasketball.fr\/index.php\/wp-json\/wp\/v2\/pages\/9168\/revisions\/9406"}],"wp:attachment":[{"href":"https:\/\/heraultbasketball.fr\/index.php\/wp-json\/wp\/v2\/media?parent=9168"}],"curies":[{"name":"wp","href":"https:\/\/api.w.org\/{rel}","templated":true}]}}